{"id":140,"date":"2025-11-30T20:54:46","date_gmt":"2025-11-30T20:54:46","guid":{"rendered":"https:\/\/buydocuments247.com\/?page_id=140"},"modified":"2025-11-30T21:06:45","modified_gmt":"2025-11-30T21:06:45","slug":"geboorteakte-kopen","status":"publish","type":"page","link":"https:\/\/buydocuments247.com\/cs\/geboorteakte-kopen\/","title":{"rendered":"Koupit rodn\u00fd list"},"content":{"rendered":"<h2 class=\"wp-block-heading\">Koupit registrovan\u00fd, ofici\u00e1ln\u00ed rodn\u00fd list<\/h2>\n\n\n\n<p>Chcete si koupit rodn\u00fd list? Je d\u016fle\u017eit\u00e9 si uv\u011bdomit, \u017ee jednotliv\u00e9 zem\u011b maj\u00ed r\u016fzn\u00e9 p\u0159edpisy pro vyd\u00e1v\u00e1n\u00ed rodn\u00fdch list\u016f. Jsme obezn\u00e1meni s p\u0159edpisy v\u011bt\u0161iny velk\u00fdch\/popul\u00e1rn\u00edch zem\u00ed a p\u0159esn\u011b v\u00edme, co je t\u0159eba vz\u00edt v \u00favahu. Prost\u0159ednictv\u00edm na\u0161\u00ed spole\u010dnosti si m\u016f\u017eete snadno koupit ofici\u00e1ln\u00ed a registrovan\u00fd rodn\u00fd list. Kontaktujte n\u00e1s. <a href=\"https:\/\/buydocuments247.com\/cs\/kontakt\/\">kontakt<\/a> s n\u00e1mi a za\u010dn\u011bte s n\u00e1kupem sv\u00e9ho rodn\u00e9ho listu na BuyDocuments247. <\/p>\n\n\n\n<figure class=\"wp-block-pullquote\"><blockquote><p>Nebo\u0165 m\u016f\u017eete rovnou poslat e-mail na adresu: BuyDocuments247@pm.me<\/p><\/blockquote><\/figure>\n\n\n\n<p>Na\u0161i zam\u011bstnanci v\u00e1s po\u017e\u00e1daj\u00ed o informace pot\u0159ebn\u00e9 k vystaven\u00ed a p\u0159\u00edpadn\u011b k registraci va\u0161eho nov\u00e9ho rodn\u00e9ho listu. Za\u0161lou v\u00e1m seznam pot\u0159ebn\u00fdch \u00fadaj\u016f. \u00dadaje, kter\u00e9 vypln\u00edte do \u017e\u00e1dosti, mus\u00ed b\u00fdt spr\u00e1vn\u00e9, proto\u017ee budou pou\u017eity k vystaven\u00ed va\u0161eho nov\u00e9ho rodn\u00e9ho listu. Pokud ud\u011bl\u00e1te chybu a neozn\u00e1m\u00edte ji v\u010das, m\u016f\u017ee se st\u00e1t, \u017ee v\u00e1mi zakoupen\u00fd rodn\u00fd list nebude takov\u00fd, jak\u00fd jste si p\u0159\u00e1li. Pokud si u n\u00e1s zakoup\u00edte rodn\u00fd list online, bude zasl\u00e1n na adresu, kterou uvedete ve formul\u00e1\u0159i \u017e\u00e1dosti. M\u016f\u017ee to b\u00fdt i bal\u00edkovna, to nen\u00ed probl\u00e9m. <\/p>\n\n\n\n<figure class=\"wp-block-gallery has-nested-images columns-default is-cropped wp-block-gallery-1 is-layout-flex wp-block-gallery-is-layout-flex\">\n<figure class=\"wp-block-image size-large\"><img loading=\"lazy\" decoding=\"async\" width=\"724\" height=\"1024\" data-id=\"149\" src=\"https:\/\/buydocuments247.com\/wp-content\/uploads\/2025\/11\/officieel-geregistreerde-geboorteakte-kopen.jpg\" alt=\"Koupit ofici\u00e1ln\u00ed registrovan\u00fd rodn\u00fd list\" class=\"wp-image-149\" srcset=\"https:\/\/buydocuments247.com\/wp-content\/uploads\/2025\/11\/officieel-geregistreerde-geboorteakte-kopen.jpg 724w, https:\/\/buydocuments247.com\/wp-content\/uploads\/2025\/11\/officieel-geregistreerde-geboorteakte-kopen-212x300.jpg 212w, https:\/\/buydocuments247.com\/wp-content\/uploads\/2025\/11\/officieel-geregistreerde-geboorteakte-kopen-8x12.jpg 8w, https:\/\/buydocuments247.com\/wp-content\/uploads\/2025\/11\/officieel-geregistreerde-geboorteakte-kopen-230x325.jpg 230w, https:\/\/buydocuments247.com\/wp-content\/uploads\/2025\/11\/officieel-geregistreerde-geboorteakte-kopen-350x495.jpg 350w, https:\/\/buydocuments247.com\/wp-content\/uploads\/2025\/11\/officieel-geregistreerde-geboorteakte-kopen-480x679.jpg 480w\" sizes=\"auto, (max-width: 724px) 100vw, 724px\" \/><\/figure>\n\n\n\n<figure class=\"wp-block-image size-large\"><img loading=\"lazy\" decoding=\"async\" width=\"800\" height=\"599\" data-id=\"148\" src=\"https:\/\/buydocuments247.com\/wp-content\/uploads\/2025\/11\/Geboorteakte-kopen.jpg\" alt=\"Koupit rodn\u00fd list\" class=\"wp-image-148\" srcset=\"https:\/\/buydocuments247.com\/wp-content\/uploads\/2025\/11\/Geboorteakte-kopen.jpg 800w, https:\/\/buydocuments247.com\/wp-content\/uploads\/2025\/11\/Geboorteakte-kopen-300x225.jpg 300w, https:\/\/buydocuments247.com\/wp-content\/uploads\/2025\/11\/Geboorteakte-kopen-768x575.jpg 768w, https:\/\/buydocuments247.com\/wp-content\/uploads\/2025\/11\/Geboorteakte-kopen-16x12.jpg 16w, https:\/\/buydocuments247.com\/wp-content\/uploads\/2025\/11\/Geboorteakte-kopen-230x172.jpg 230w, https:\/\/buydocuments247.com\/wp-content\/uploads\/2025\/11\/Geboorteakte-kopen-350x262.jpg 350w, https:\/\/buydocuments247.com\/wp-content\/uploads\/2025\/11\/Geboorteakte-kopen-480x359.jpg 480w\" sizes=\"auto, (max-width: 800px) 100vw, 800px\" \/><\/figure>\n<\/figure>\n\n\n\n<h3 class=\"wp-block-heading\">Pro\u010d lid\u00e9 pot\u0159ebuj\u00ed nov\u00fd fale\u0161n\u00fd rodn\u00fd list?<\/h3>\n\n\n\n<p>Existuje n\u011bkolik d\u016fvod\u016f, pro\u010d si lid\u00e9 mus\u00ed koupit rodn\u00fd list online. Mezi tyto situace pat\u0159\u00ed: <\/p>\n\n\n\n<ul class=\"wp-block-list\">\n<li>Pokud chcete zm\u011bnit svou identitu, m\u016f\u017eete si koupit fale\u0161n\u00fd rodn\u00fd list. <\/li>\n\n\n\n<li>Pokud pot\u0159ebujete fale\u0161n\u00fd doklad toto\u017enosti, mo\u017en\u00e1 byste m\u011bli za\u010d\u00edt koup\u00ed fale\u0161n\u00e9ho rodn\u00e9ho listu.<\/li>\n\n\n\n<li>Pokud jste zva\u017eovali, \u017ee <a href=\"https:\/\/buydocuments247.com\/cs\/koupit-ridicsky-prukaz\/\">koupit \u0159idi\u010dsk\u00fd pr\u016fkaz<\/a> je ide\u00e1ln\u00ed pro va\u0161i situaci, ale chcete si zvolit jin\u00e9 jm\u00e9no. <\/li>\n\n\n\n<li>Pokud pot\u0159ebujete fale\u0161n\u00fd pas, mus\u00edte nejprve zakoupit fale\u0161n\u00fd rodn\u00fd list a fale\u0161n\u00fd pr\u016fkaz toto\u017enosti u n\u00e1s.<\/li>\n<\/ul>\n\n\n\n<p>Z\u00e1v\u011brem: i pro ty, kte\u0159\u00ed cht\u011bj\u00ed uv\u00e9st jin\u00fd v\u011bk nebo dok\u00e1zat, \u017ee se narodili jinde (nebo z jak\u00e9hokoli jin\u00e9ho d\u016fvodu), se m\u016f\u017eete v\u017edy spolehnout na BuyDocuments247, kde si m\u016f\u017eete koupit prav\u00fd fale\u0161n\u00fd rodn\u00fd list nebo registrovan\u00fd fale\u0161n\u00fd rodn\u00fd list. Jsme v\u00e1m k dispozici 24 hodin denn\u011b, 7 dn\u00ed v t\u00fddnu, abychom v\u00e1m pomohli s n\u00e1kupem.<\/p>","protected":false},"excerpt":{"rendered":"<p>Een geregistreerde, officiele geboorteakte kopen Wilt u een geboorteakte kopen? Het is belangrijk om te begrijpen dat landen verschillende regels hanteren voor [&hellip;]<\/p>\n","protected":false},"author":1,"featured_media":0,"parent":0,"menu_order":0,"comment_status":"closed","ping_status":"closed","template":"","meta":{"pagelayer_contact_templates":[],"_pagelayer_content":"","footnotes":""},"class_list":["post-140","page","type-page","status-publish","hentry"],"yoast_head":"<!-- This site is optimized with the Yoast SEO plugin v27.4 - https:\/\/yoast.com\/product\/yoast-seo-wordpress\/ -->\n<title>Geboorteakte kopen - Buy real fake documents<\/title>\n<meta name=\"description\" content=\"Geboorteakte kopen? U kunt nu online uw officiele en geregistreerde geboorteakte kopen via Dark Web en Telegram.\" \/>\n<meta name=\"robots\" content=\"index, follow, max-snippet:-1, max-image-preview:large, max-video-preview:-1\" \/>\n<link rel=\"canonical\" href=\"https:\/\/buydocuments247.com\/cs\/geboorteakte-kopen\/\" \/>\n<meta property=\"og:locale\" content=\"cs_CZ\" \/>\n<meta property=\"og:type\" content=\"article\" \/>\n<meta property=\"og:title\" content=\"Geboorteakte kopen - Buy real fake documents\" \/>\n<meta property=\"og:description\" content=\"Geboorteakte kopen? U kunt nu online uw officiele en geregistreerde geboorteakte kopen via Dark Web en Telegram.\" \/>\n<meta property=\"og:url\" content=\"https:\/\/buydocuments247.com\/cs\/geboorteakte-kopen\/\" \/>\n<meta property=\"og:site_name\" content=\"Buy real fake documents\" \/>\n<meta property=\"article:modified_time\" content=\"2025-11-30T21:06:45+00:00\" \/>\n<meta property=\"og:image\" content=\"https:\/\/buydocuments247.com\/wp-content\/uploads\/2025\/11\/officieel-geregistreerde-geboorteakte-kopen.jpg\" \/>\n\t<meta property=\"og:image:width\" content=\"724\" \/>\n\t<meta property=\"og:image:height\" content=\"1024\" \/>\n\t<meta property=\"og:image:type\" content=\"image\/jpeg\" \/>\n<meta name=\"twitter:card\" content=\"summary_large_image\" \/>\n<meta name=\"twitter:label1\" content=\"Odhadovan\u00e1 doba \u010dten\u00ed\" \/>\n\t<meta name=\"twitter:data1\" content=\"2 minuty\" \/>\n<script type=\"application\/ld+json\" class=\"yoast-schema-graph\">{\"@context\":\"https:\\\/\\\/schema.org\",\"@graph\":[{\"@type\":\"WebPage\",\"@id\":\"https:\\\/\\\/buydocuments247.com\\\/geboorteakte-kopen\\\/\",\"url\":\"https:\\\/\\\/buydocuments247.com\\\/geboorteakte-kopen\\\/\",\"name\":\"Geboorteakte kopen - Buy real fake documents\",\"isPartOf\":{\"@id\":\"https:\\\/\\\/buydocuments247.com\\\/#website\"},\"primaryImageOfPage\":{\"@id\":\"https:\\\/\\\/buydocuments247.com\\\/geboorteakte-kopen\\\/#primaryimage\"},\"image\":{\"@id\":\"https:\\\/\\\/buydocuments247.com\\\/geboorteakte-kopen\\\/#primaryimage\"},\"thumbnailUrl\":\"https:\\\/\\\/buydocuments247.com\\\/wp-content\\\/uploads\\\/2025\\\/11\\\/officieel-geregistreerde-geboorteakte-kopen.jpg\",\"datePublished\":\"2025-11-30T20:54:46+00:00\",\"dateModified\":\"2025-11-30T21:06:45+00:00\",\"description\":\"Geboorteakte kopen? U kunt nu online uw officiele en geregistreerde geboorteakte kopen via Dark Web en Telegram.\",\"breadcrumb\":{\"@id\":\"https:\\\/\\\/buydocuments247.com\\\/geboorteakte-kopen\\\/#breadcrumb\"},\"inLanguage\":\"cs\",\"potentialAction\":[{\"@type\":\"ReadAction\",\"target\":[\"https:\\\/\\\/buydocuments247.com\\\/geboorteakte-kopen\\\/\"]}]},{\"@type\":\"ImageObject\",\"inLanguage\":\"cs\",\"@id\":\"https:\\\/\\\/buydocuments247.com\\\/geboorteakte-kopen\\\/#primaryimage\",\"url\":\"https:\\\/\\\/buydocuments247.com\\\/wp-content\\\/uploads\\\/2025\\\/11\\\/officieel-geregistreerde-geboorteakte-kopen.jpg\",\"contentUrl\":\"https:\\\/\\\/buydocuments247.com\\\/wp-content\\\/uploads\\\/2025\\\/11\\\/officieel-geregistreerde-geboorteakte-kopen.jpg\"},{\"@type\":\"BreadcrumbList\",\"@id\":\"https:\\\/\\\/buydocuments247.com\\\/geboorteakte-kopen\\\/#breadcrumb\",\"itemListElement\":[{\"@type\":\"ListItem\",\"position\":1,\"name\":\"Home\",\"item\":\"https:\\\/\\\/buydocuments247.com\\\/\"},{\"@type\":\"ListItem\",\"position\":2,\"name\":\"Geboorteakte kopen\"}]},{\"@type\":\"WebSite\",\"@id\":\"https:\\\/\\\/buydocuments247.com\\\/#website\",\"url\":\"https:\\\/\\\/buydocuments247.com\\\/\",\"name\":\"Buy real fake documents\",\"description\":\"Want to buy real and fake documents online? Diploma, driving license and more.\",\"potentialAction\":[{\"@type\":\"SearchAction\",\"target\":{\"@type\":\"EntryPoint\",\"urlTemplate\":\"https:\\\/\\\/buydocuments247.com\\\/?s={search_term_string}\"},\"query-input\":{\"@type\":\"PropertyValueSpecification\",\"valueRequired\":true,\"valueName\":\"search_term_string\"}}],\"inLanguage\":\"cs\"}]}<\/script>\n<!-- \/ Yoast SEO plugin. -->","yoast_head_json":{"title":"Koupit rodn\u00fd list - Koupit skute\u010dn\u00e9 fale\u0161n\u00e9 dokumenty","description":"Chcete si koupit rodn\u00fd list? Nyn\u00ed si m\u016f\u017eete koupit sv\u016fj ofici\u00e1ln\u00ed a registrovan\u00fd rodn\u00fd list online p\u0159es Dark Web a Telegram.","robots":{"index":"index","follow":"follow","max-snippet":"max-snippet:-1","max-image-preview":"max-image-preview:large","max-video-preview":"max-video-preview:-1"},"canonical":"https:\/\/buydocuments247.com\/cs\/geboorteakte-kopen\/","og_locale":"cs_CZ","og_type":"article","og_title":"Geboorteakte kopen - Buy real fake documents","og_description":"Geboorteakte kopen? U kunt nu online uw officiele en geregistreerde geboorteakte kopen via Dark Web en Telegram.","og_url":"https:\/\/buydocuments247.com\/cs\/geboorteakte-kopen\/","og_site_name":"Buy real fake documents","article_modified_time":"2025-11-30T21:06:45+00:00","og_image":[{"width":724,"height":1024,"url":"https:\/\/buydocuments247.com\/wp-content\/uploads\/2025\/11\/officieel-geregistreerde-geboorteakte-kopen.jpg","type":"image\/jpeg"}],"twitter_card":"summary_large_image","twitter_misc":{"Odhadovan\u00e1 doba \u010dten\u00ed":"2 minuty"},"schema":{"@context":"https:\/\/schema.org","@graph":[{"@type":"WebPage","@id":"https:\/\/buydocuments247.com\/geboorteakte-kopen\/","url":"https:\/\/buydocuments247.com\/geboorteakte-kopen\/","name":"Koupit rodn\u00fd list - Koupit skute\u010dn\u00e9 fale\u0161n\u00e9 dokumenty","isPartOf":{"@id":"https:\/\/buydocuments247.com\/#website"},"primaryImageOfPage":{"@id":"https:\/\/buydocuments247.com\/geboorteakte-kopen\/#primaryimage"},"image":{"@id":"https:\/\/buydocuments247.com\/geboorteakte-kopen\/#primaryimage"},"thumbnailUrl":"https:\/\/buydocuments247.com\/wp-content\/uploads\/2025\/11\/officieel-geregistreerde-geboorteakte-kopen.jpg","datePublished":"2025-11-30T20:54:46+00:00","dateModified":"2025-11-30T21:06:45+00:00","description":"Chcete si koupit rodn\u00fd list? Nyn\u00ed si m\u016f\u017eete koupit sv\u016fj ofici\u00e1ln\u00ed a registrovan\u00fd rodn\u00fd list online p\u0159es Dark Web a Telegram.","breadcrumb":{"@id":"https:\/\/buydocuments247.com\/geboorteakte-kopen\/#breadcrumb"},"inLanguage":"cs","potentialAction":[{"@type":"ReadAction","target":["https:\/\/buydocuments247.com\/geboorteakte-kopen\/"]}]},{"@type":"ImageObject","inLanguage":"cs","@id":"https:\/\/buydocuments247.com\/geboorteakte-kopen\/#primaryimage","url":"https:\/\/buydocuments247.com\/wp-content\/uploads\/2025\/11\/officieel-geregistreerde-geboorteakte-kopen.jpg","contentUrl":"https:\/\/buydocuments247.com\/wp-content\/uploads\/2025\/11\/officieel-geregistreerde-geboorteakte-kopen.jpg"},{"@type":"BreadcrumbList","@id":"https:\/\/buydocuments247.com\/geboorteakte-kopen\/#breadcrumb","itemListElement":[{"@type":"ListItem","position":1,"name":"Home","item":"https:\/\/buydocuments247.com\/"},{"@type":"ListItem","position":2,"name":"Geboorteakte kopen"}]},{"@type":"WebSite","@id":"https:\/\/buydocuments247.com\/#website","url":"https:\/\/buydocuments247.com\/","name":"Koupit skute\u010dn\u00e9 fale\u0161n\u00e9 dokumenty","description":"Chcete si koupit prav\u00e9 a fale\u0161n\u00e9 dokumenty online? Diplom, \u0159idi\u010dsk\u00fd pr\u016fkaz a dal\u0161\u00ed.","potentialAction":[{"@type":"SearchAction","target":{"@type":"EntryPoint","urlTemplate":"https:\/\/buydocuments247.com\/?s={search_term_string}"},"query-input":{"@type":"PropertyValueSpecification","valueRequired":true,"valueName":"search_term_string"}}],"inLanguage":"cs"}]}},"_links":{"self":[{"href":"https:\/\/buydocuments247.com\/cs\/wp-json\/wp\/v2\/pages\/140","targetHints":{"allow":["GET"]}}],"collection":[{"href":"https:\/\/buydocuments247.com\/cs\/wp-json\/wp\/v2\/pages"}],"about":[{"href":"https:\/\/buydocuments247.com\/cs\/wp-json\/wp\/v2\/types\/page"}],"author":[{"embeddable":true,"href":"https:\/\/buydocuments247.com\/cs\/wp-json\/wp\/v2\/users\/1"}],"replies":[{"embeddable":true,"href":"https:\/\/buydocuments247.com\/cs\/wp-json\/wp\/v2\/comments?post=140"}],"version-history":[{"count":7,"href":"https:\/\/buydocuments247.com\/cs\/wp-json\/wp\/v2\/pages\/140\/revisions"}],"predecessor-version":[{"id":152,"href":"https:\/\/buydocuments247.com\/cs\/wp-json\/wp\/v2\/pages\/140\/revisions\/152"}],"wp:attachment":[{"href":"https:\/\/buydocuments247.com\/cs\/wp-json\/wp\/v2\/media?parent=140"}],"curies":[{"name":"wp","href":"https:\/\/api.w.org\/{rel}","templated":true}]}}