{"id":24,"date":"2025-03-20T13:00:38","date_gmt":"2025-03-20T13:00:38","guid":{"rendered":"https:\/\/buydocuments247.com\/?page_id=24"},"modified":"2025-11-30T16:21:02","modified_gmt":"2025-11-30T16:21:02","slug":"diploma-kopen","status":"publish","type":"page","link":"https:\/\/buydocuments247.com\/cs\/","title":{"rendered":"Koupit diplom"},"content":{"rendered":"<h2 class=\"wp-block-heading\">Koupit diplom? Ofici\u00e1ln\u00ed nebo pad\u011blan\u00fd diplom si nyn\u00ed m\u016f\u017eete koupit online.<\/h2>\n\n\n\n<p>A&nbsp;<strong>koupit diplom&nbsp;<\/strong>v roce 2025 se prov\u00e1d\u00ed na adrese www.buydocuments247.com. N\u00e1\u0161 t\u00fdm je nejspolehliv\u011bj\u0161\u00ed ze v\u0161ech poskytovatel\u016f s v\u00edce ne\u017e 10 lety zku\u0161enost\u00ed. U n\u00e1s si m\u016f\u017eete objednat mnoho r\u016fzn\u00fdch typ\u016f diplom\u016f (s registrac\u00ed). Specializujeme se na diplomy z r\u016fzn\u00fdch zem\u00ed, tak\u017ee zaru\u010dujeme dod\u00e1n\u00ed nejvy\u0161\u0161\u00ed kvality. <\/p>\n\n\n\n<p>Je pro v\u00e1s dob\u0159e, \u017ee jste zav\u00edtali na na\u0161e webov\u00e9 str\u00e1nky, proto\u017ee jsme jedni\u010dkou na trhu. Zde si m\u016f\u017eete zakoupit diplom v\u010detn\u011b registrace. D\u00edky tomu budete m\u00edt spolehliv\u00fd diplom, kter\u00fd v\u00e1m umo\u017en\u00ed d\u011blat, co si budete p\u0159\u00e1t. <\/p>\n\n\n\n<p>Hled\u00e1te konkr\u00e9tn\u011b n\u011bjak\u00fd titul? Nebo pot\u0159ebujete pomoci ur\u010dit, co pot\u0159ebujete? Vezm\u011bte si <a href=\"https:\/\/buydocuments247.com\/cs\/kontakt\/\">kontakt<\/a> na adresu nebo okam\u017eit\u011b za\u0161lete e-mail na adresu: <strong>BuyDocuments247@pm.me<\/strong><\/p>\n\n\n\n<figure class=\"wp-block-image size-full\"><img loading=\"lazy\" decoding=\"async\" width=\"692\" height=\"535\" src=\"https:\/\/buydocuments247.com\/wp-content\/uploads\/2025\/03\/diploma-kopen.jpg\" alt=\"koupit diplom\" class=\"wp-image-94\" srcset=\"https:\/\/buydocuments247.com\/wp-content\/uploads\/2025\/03\/diploma-kopen.jpg 692w, https:\/\/buydocuments247.com\/wp-content\/uploads\/2025\/03\/diploma-kopen-300x232.jpg 300w, https:\/\/buydocuments247.com\/wp-content\/uploads\/2025\/03\/diploma-kopen-16x12.jpg 16w, https:\/\/buydocuments247.com\/wp-content\/uploads\/2025\/03\/diploma-kopen-230x178.jpg 230w, https:\/\/buydocuments247.com\/wp-content\/uploads\/2025\/03\/diploma-kopen-350x271.jpg 350w, https:\/\/buydocuments247.com\/wp-content\/uploads\/2025\/03\/diploma-kopen-480x371.jpg 480w\" sizes=\"auto, (max-width: 692px) 100vw, 692px\" \/><\/figure>\n\n\n\n<h2 class=\"wp-block-heading\">O n\u00e1s<\/h2>\n\n\n\n<p><a href=\"https:\/\/buydocuments247.com\/cs\/\">KoupitDokumenty247<\/a> vyr\u00e1b\u00ed nejlep\u0161\u00ed fale\u0161n\u00e9 diplomy online s t\u00fdmem slo\u017een\u00fdm z nejlep\u0161\u00edch tv\u016frc\u016f diplom\u016f na sv\u011bt\u011b. M\u00e1me specialisty po cel\u00e9m sv\u011bt\u011b. N\u00e1\u0161 zku\u0161en\u00fd t\u00fdm n\u00e1vrh\u00e1\u0159\u016f se d\u00edky dlouholet\u00fdm zku\u0161enostem specializuje na vytv\u00e1\u0159en\u00ed fale\u0161n\u00fdch diplom\u016f a titul\u016f\/osv\u011bd\u010den\u00ed pro tis\u00edce st\u0159edn\u00edch \u0161kol, vysok\u00fdch \u0161kol a univerzit z cel\u00e9ho sv\u011bta s ohromuj\u00edc\u00ed p\u0159esnost\u00ed. Koupit si bakal\u00e1\u0159sk\u00fd nebo magistersk\u00fd titul je v dne\u0161n\u00ed dob\u011b skute\u010dn\u011b mo\u017en\u00e9. Neneseme odpov\u011bdnost za to, co s diplomem ud\u011bl\u00e1te.<\/p>\n\n\n\n<h3 class=\"wp-block-heading\">Pro\u010d si koupit diplom na BuyDocuments247?<\/h3>\n\n\n\n<p>V\u011bt\u0161ina na\u0161ich spokojen\u00fdch z\u00e1kazn\u00edk\u016f zoufale tou\u017eila po titulu. D\u016fvod\u016f m\u016f\u017ee b\u00fdt n\u011bkolik. N\u011bkter\u00e9 diplomy je t\u0159eba vym\u011bnit nebo z\u00e1kazn\u00edk sv\u016fj diplom ztratil \u010di po\u0161kodil. Pr\u00e1v\u011b pro to existujeme, jsme p\u0159ipraveni v\u00e1m pomoci 24 hodin denn\u011b, 7 dn\u00ed v t\u00fddnu a 365 dn\u00ed v roce! M\u00e1me mnoho zku\u0161enost\u00ed, recenz\u00ed a referenc\u00ed od z\u00e1kazn\u00edk\u016f, kte\u0159\u00ed si cht\u011bli koupit diplom.<\/p>\n\n\n\n<p>Pokud dlu\u017e\u00edte sv\u00e9 \u0161kole pen\u00edze, va\u0161e \u0161kola byla uzav\u0159ena, data se ztratila, chcete oklamat sv\u00e9 p\u0159\u00e1tele a rodinu, pot\u0159ebujete kopii diplomu pro pr\u00e1ci, nemohli jste dokon\u010dit sv\u00e9 vzd\u011bl\u00e1n\u00ed nebo va\u0161e informace jsou kv\u016fli technologi\u00edm zastaral\u00e9 a nedostupn\u00e9, jste na spr\u00e1vn\u00e9m m\u00edst\u011b.<\/p>\n\n\n\n<p>V pad\u011bl\u00e1n\u00ed a v\u00fdm\u011bn\u011b fale\u0161n\u00fdch diplom\u016f jsme nejlep\u0161\u00ed na sv\u011bt\u011b. Sta\u0148te se i vy v\u00edt\u011bzem a vyberte si n\u00e1s. M\u016f\u017eete si b\u00fdt jisti, \u017ee va\u0161e pot\u0159eby budou spln\u011bny a va\u0161e o\u010dek\u00e1v\u00e1n\u00ed p\u0159ed\u010d\u00ed n\u00e1\u0161 \u0161pi\u010dkov\u00fd produkt, vynikaj\u00edc\u00ed kvalita a z\u00e1kaznick\u00fd servis, kter\u00fd je na nejvy\u0161\u0161\u00ed \u00farovni.<\/p>\n\n\n\n<figure class=\"wp-block-image size-large\"><img loading=\"lazy\" decoding=\"async\" width=\"1024\" height=\"577\" src=\"https:\/\/buydocuments247.com\/wp-content\/uploads\/2025\/03\/diploma-kopen-ervaringen-reviews-getuigenissen-1024x577.png\" alt=\"koupit diplom zku\u0161enosti recenze posudky\" class=\"wp-image-92\" srcset=\"https:\/\/buydocuments247.com\/wp-content\/uploads\/2025\/03\/diploma-kopen-ervaringen-reviews-getuigenissen-1024x577.png 1024w, https:\/\/buydocuments247.com\/wp-content\/uploads\/2025\/03\/diploma-kopen-ervaringen-reviews-getuigenissen-300x169.png 300w, https:\/\/buydocuments247.com\/wp-content\/uploads\/2025\/03\/diploma-kopen-ervaringen-reviews-getuigenissen-768x433.png 768w, https:\/\/buydocuments247.com\/wp-content\/uploads\/2025\/03\/diploma-kopen-ervaringen-reviews-getuigenissen-1536x865.png 1536w, https:\/\/buydocuments247.com\/wp-content\/uploads\/2025\/03\/diploma-kopen-ervaringen-reviews-getuigenissen-18x10.png 18w, https:\/\/buydocuments247.com\/wp-content\/uploads\/2025\/03\/diploma-kopen-ervaringen-reviews-getuigenissen-1000x563.png 1000w, https:\/\/buydocuments247.com\/wp-content\/uploads\/2025\/03\/diploma-kopen-ervaringen-reviews-getuigenissen-230x130.png 230w, https:\/\/buydocuments247.com\/wp-content\/uploads\/2025\/03\/diploma-kopen-ervaringen-reviews-getuigenissen-350x197.png 350w, https:\/\/buydocuments247.com\/wp-content\/uploads\/2025\/03\/diploma-kopen-ervaringen-reviews-getuigenissen-480x270.png 480w, https:\/\/buydocuments247.com\/wp-content\/uploads\/2025\/03\/diploma-kopen-ervaringen-reviews-getuigenissen.png 1640w\" sizes=\"auto, (max-width: 1024px) 100vw, 1024px\" \/><\/figure>\n\n\n\n<h3 class=\"wp-block-heading\">Rychle za\u0159i\u010fte sv\u016fj fale\u0161n\u00fd fale\u0161n\u00fd diplom<\/h3>\n\n\n\n<p>Sp\u011bch\u00e1 va\u0161e objedn\u00e1vka? \u017d\u00e1dn\u00fd probl\u00e9m! Dejte n\u00e1m v\u011bd\u011bt a my se o ni postar\u00e1me co nejd\u0159\u00edve. M\u00e1me nejrychlej\u0161\u00ed dodac\u00ed lh\u016fty v tomto oboru.<\/p>\n\n\n\n<p>U n\u00e1s m\u016f\u017eete sledovat svou objedn\u00e1vku. B\u011bhem procesu n\u00e1vrhu a tisku budete dost\u00e1vat aktu\u00e1ln\u00ed informace. Nikdy v\u00e1s nenech\u00e1me v nejistot\u011b a o stavu zak\u00e1zky budete informov\u00e1ni v ka\u017ed\u00e9m kroku.<\/p>\n\n\n\n<p>Nab\u00edz\u00edme tak\u00e9 bleskovou dopravu (po cel\u00e9m sv\u011bt\u011b)! Zeptejte se n\u00e1s na mo\u017enosti. Klikn\u011bte na <a href=\"https:\/\/buydocuments247.com\/cs\/kontakt\/\">kontakt<\/a> nebo za\u0161lete e-mail p\u0159\u00edmo na adresu: <strong>BuyDocuments247@pm.me<\/strong><\/p>\n\n\n\n<figure class=\"wp-block-image size-full\"><img loading=\"lazy\" decoding=\"async\" width=\"600\" height=\"455\" src=\"https:\/\/buydocuments247.com\/wp-content\/uploads\/2025\/03\/valse-nep-diploma-kopen-officieel.jpg\" alt=\"fale\u0161n\u00fd fale\u0161n\u00fd diplom koupit ofici\u00e1ln\u00ed\" class=\"wp-image-93\" srcset=\"https:\/\/buydocuments247.com\/wp-content\/uploads\/2025\/03\/valse-nep-diploma-kopen-officieel.jpg 600w, https:\/\/buydocuments247.com\/wp-content\/uploads\/2025\/03\/valse-nep-diploma-kopen-officieel-300x228.jpg 300w, https:\/\/buydocuments247.com\/wp-content\/uploads\/2025\/03\/valse-nep-diploma-kopen-officieel-16x12.jpg 16w, https:\/\/buydocuments247.com\/wp-content\/uploads\/2025\/03\/valse-nep-diploma-kopen-officieel-230x174.jpg 230w, https:\/\/buydocuments247.com\/wp-content\/uploads\/2025\/03\/valse-nep-diploma-kopen-officieel-350x265.jpg 350w, https:\/\/buydocuments247.com\/wp-content\/uploads\/2025\/03\/valse-nep-diploma-kopen-officieel-480x364.jpg 480w\" sizes=\"auto, (max-width: 600px) 100vw, 600px\" \/><\/figure>","protected":false},"excerpt":{"rendered":"<p>Diploma kopen? Uw officiele of valse diploma is nu online te koop. Een&nbsp;diploma&nbsp;kopen&nbsp;in 2025 doet u bij www.buydocuments247.com. Ons team is het [&hellip;]<\/p>\n","protected":false},"author":1,"featured_media":0,"parent":0,"menu_order":0,"comment_status":"closed","ping_status":"closed","template":"","meta":{"pagelayer_contact_templates":[],"_pagelayer_content":"","footnotes":""},"class_list":["post-24","page","type-page","status-publish","hentry"],"yoast_head":"<!-- This site is optimized with the Yoast SEO plugin v27.4 - https:\/\/yoast.com\/product\/yoast-seo-wordpress\/ -->\n<title>Diploma kopen - Buy real fake documents<\/title>\n<meta name=\"description\" content=\"Diploma kopen online met registratie. Uw officiele valse diploma is nu te koop in 2025. Betrouwbaar, officieel en reviews.\" \/>\n<meta name=\"robots\" content=\"index, follow, max-snippet:-1, max-image-preview:large, max-video-preview:-1\" \/>\n<link rel=\"canonical\" href=\"https:\/\/buydocuments247.com\/cs\/\" \/>\n<meta property=\"og:locale\" content=\"cs_CZ\" \/>\n<meta property=\"og:type\" content=\"article\" \/>\n<meta property=\"og:title\" content=\"Diploma kopen - Buy real fake documents\" \/>\n<meta property=\"og:description\" content=\"Diploma kopen online met registratie. Uw officiele valse diploma is nu te koop in 2025. Betrouwbaar, officieel en reviews.\" \/>\n<meta property=\"og:url\" content=\"https:\/\/buydocuments247.com\/cs\/\" \/>\n<meta property=\"og:site_name\" content=\"Buy real fake documents\" \/>\n<meta property=\"article:modified_time\" content=\"2025-11-30T16:21:02+00:00\" \/>\n<meta property=\"og:image\" content=\"https:\/\/buydocuments247.com\/wp-content\/uploads\/2025\/03\/diploma-kopen.jpg\" \/>\n\t<meta property=\"og:image:width\" content=\"692\" \/>\n\t<meta property=\"og:image:height\" content=\"535\" \/>\n\t<meta property=\"og:image:type\" content=\"image\/jpeg\" \/>\n<meta name=\"twitter:card\" content=\"summary_large_image\" \/>\n<meta name=\"twitter:label1\" content=\"Odhadovan\u00e1 doba \u010dten\u00ed\" \/>\n\t<meta name=\"twitter:data1\" content=\"3 minuty\" \/>\n<script type=\"application\/ld+json\" class=\"yoast-schema-graph\">{\"@context\":\"https:\\\/\\\/schema.org\",\"@graph\":[{\"@type\":\"WebPage\",\"@id\":\"https:\\\/\\\/buydocuments247.com\\\/\",\"url\":\"https:\\\/\\\/buydocuments247.com\\\/\",\"name\":\"Diploma kopen - Buy real fake documents\",\"isPartOf\":{\"@id\":\"https:\\\/\\\/buydocuments247.com\\\/#website\"},\"primaryImageOfPage\":{\"@id\":\"https:\\\/\\\/buydocuments247.com\\\/#primaryimage\"},\"image\":{\"@id\":\"https:\\\/\\\/buydocuments247.com\\\/#primaryimage\"},\"thumbnailUrl\":\"https:\\\/\\\/buydocuments247.com\\\/wp-content\\\/uploads\\\/2025\\\/03\\\/diploma-kopen.jpg\",\"datePublished\":\"2025-03-20T13:00:38+00:00\",\"dateModified\":\"2025-11-30T16:21:02+00:00\",\"description\":\"Diploma kopen online met registratie. Uw officiele valse diploma is nu te koop in 2025. Betrouwbaar, officieel en reviews.\",\"breadcrumb\":{\"@id\":\"https:\\\/\\\/buydocuments247.com\\\/#breadcrumb\"},\"inLanguage\":\"cs\",\"potentialAction\":[{\"@type\":\"ReadAction\",\"target\":[\"https:\\\/\\\/buydocuments247.com\\\/\"]}]},{\"@type\":\"ImageObject\",\"inLanguage\":\"cs\",\"@id\":\"https:\\\/\\\/buydocuments247.com\\\/#primaryimage\",\"url\":\"https:\\\/\\\/buydocuments247.com\\\/wp-content\\\/uploads\\\/2025\\\/03\\\/diploma-kopen.jpg\",\"contentUrl\":\"https:\\\/\\\/buydocuments247.com\\\/wp-content\\\/uploads\\\/2025\\\/03\\\/diploma-kopen.jpg\"},{\"@type\":\"BreadcrumbList\",\"@id\":\"https:\\\/\\\/buydocuments247.com\\\/#breadcrumb\",\"itemListElement\":[{\"@type\":\"ListItem\",\"position\":1,\"name\":\"Home\",\"item\":\"https:\\\/\\\/buydocuments247.com\\\/\"},{\"@type\":\"ListItem\",\"position\":2,\"name\":\"Diploma kopen\"}]},{\"@type\":\"WebSite\",\"@id\":\"https:\\\/\\\/buydocuments247.com\\\/#website\",\"url\":\"https:\\\/\\\/buydocuments247.com\\\/\",\"name\":\"Buy real fake documents\",\"description\":\"Want to buy real and fake documents online? Diploma, driving license and more.\",\"potentialAction\":[{\"@type\":\"SearchAction\",\"target\":{\"@type\":\"EntryPoint\",\"urlTemplate\":\"https:\\\/\\\/buydocuments247.com\\\/?s={search_term_string}\"},\"query-input\":{\"@type\":\"PropertyValueSpecification\",\"valueRequired\":true,\"valueName\":\"search_term_string\"}}],\"inLanguage\":\"cs\"}]}<\/script>\n<!-- \/ Yoast SEO plugin. -->","yoast_head_json":{"title":"Koupit diplom - Koupit skute\u010dn\u00e9 fale\u0161n\u00e9 dokumenty","description":"Koupit diplom online s registrac\u00ed. V\u00e1\u0161 ofici\u00e1ln\u00ed fale\u0161n\u00fd diplom je nyn\u00ed v prodeji v roce 2025. Spolehliv\u00e9, ofici\u00e1ln\u00ed a recenze.","robots":{"index":"index","follow":"follow","max-snippet":"max-snippet:-1","max-image-preview":"max-image-preview:large","max-video-preview":"max-video-preview:-1"},"canonical":"https:\/\/buydocuments247.com\/cs\/","og_locale":"cs_CZ","og_type":"article","og_title":"Diploma kopen - Buy real fake documents","og_description":"Diploma kopen online met registratie. Uw officiele valse diploma is nu te koop in 2025. Betrouwbaar, officieel en reviews.","og_url":"https:\/\/buydocuments247.com\/cs\/","og_site_name":"Buy real fake documents","article_modified_time":"2025-11-30T16:21:02+00:00","og_image":[{"width":692,"height":535,"url":"https:\/\/buydocuments247.com\/wp-content\/uploads\/2025\/03\/diploma-kopen.jpg","type":"image\/jpeg"}],"twitter_card":"summary_large_image","twitter_misc":{"Odhadovan\u00e1 doba \u010dten\u00ed":"3 minuty"},"schema":{"@context":"https:\/\/schema.org","@graph":[{"@type":"WebPage","@id":"https:\/\/buydocuments247.com\/","url":"https:\/\/buydocuments247.com\/","name":"Koupit diplom - Koupit skute\u010dn\u00e9 fale\u0161n\u00e9 dokumenty","isPartOf":{"@id":"https:\/\/buydocuments247.com\/#website"},"primaryImageOfPage":{"@id":"https:\/\/buydocuments247.com\/#primaryimage"},"image":{"@id":"https:\/\/buydocuments247.com\/#primaryimage"},"thumbnailUrl":"https:\/\/buydocuments247.com\/wp-content\/uploads\/2025\/03\/diploma-kopen.jpg","datePublished":"2025-03-20T13:00:38+00:00","dateModified":"2025-11-30T16:21:02+00:00","description":"Koupit diplom online s registrac\u00ed. V\u00e1\u0161 ofici\u00e1ln\u00ed fale\u0161n\u00fd diplom je nyn\u00ed v prodeji v roce 2025. Spolehliv\u00e9, ofici\u00e1ln\u00ed a recenze.","breadcrumb":{"@id":"https:\/\/buydocuments247.com\/#breadcrumb"},"inLanguage":"cs","potentialAction":[{"@type":"ReadAction","target":["https:\/\/buydocuments247.com\/"]}]},{"@type":"ImageObject","inLanguage":"cs","@id":"https:\/\/buydocuments247.com\/#primaryimage","url":"https:\/\/buydocuments247.com\/wp-content\/uploads\/2025\/03\/diploma-kopen.jpg","contentUrl":"https:\/\/buydocuments247.com\/wp-content\/uploads\/2025\/03\/diploma-kopen.jpg"},{"@type":"BreadcrumbList","@id":"https:\/\/buydocuments247.com\/#breadcrumb","itemListElement":[{"@type":"ListItem","position":1,"name":"Home","item":"https:\/\/buydocuments247.com\/"},{"@type":"ListItem","position":2,"name":"Diploma kopen"}]},{"@type":"WebSite","@id":"https:\/\/buydocuments247.com\/#website","url":"https:\/\/buydocuments247.com\/","name":"Koupit skute\u010dn\u00e9 fale\u0161n\u00e9 dokumenty","description":"Chcete si koupit prav\u00e9 a fale\u0161n\u00e9 dokumenty online? Diplom, \u0159idi\u010dsk\u00fd pr\u016fkaz a dal\u0161\u00ed.","potentialAction":[{"@type":"SearchAction","target":{"@type":"EntryPoint","urlTemplate":"https:\/\/buydocuments247.com\/?s={search_term_string}"},"query-input":{"@type":"PropertyValueSpecification","valueRequired":true,"valueName":"search_term_string"}}],"inLanguage":"cs"}]}},"_links":{"self":[{"href":"https:\/\/buydocuments247.com\/cs\/wp-json\/wp\/v2\/pages\/24","targetHints":{"allow":["GET"]}}],"collection":[{"href":"https:\/\/buydocuments247.com\/cs\/wp-json\/wp\/v2\/pages"}],"about":[{"href":"https:\/\/buydocuments247.com\/cs\/wp-json\/wp\/v2\/types\/page"}],"author":[{"embeddable":true,"href":"https:\/\/buydocuments247.com\/cs\/wp-json\/wp\/v2\/users\/1"}],"replies":[{"embeddable":true,"href":"https:\/\/buydocuments247.com\/cs\/wp-json\/wp\/v2\/comments?post=24"}],"version-history":[{"count":16,"href":"https:\/\/buydocuments247.com\/cs\/wp-json\/wp\/v2\/pages\/24\/revisions"}],"predecessor-version":[{"id":112,"href":"https:\/\/buydocuments247.com\/cs\/wp-json\/wp\/v2\/pages\/24\/revisions\/112"}],"wp:attachment":[{"href":"https:\/\/buydocuments247.com\/cs\/wp-json\/wp\/v2\/media?parent=24"}],"curies":[{"name":"wp","href":"https:\/\/api.w.org\/{rel}","templated":true}]}}