{"id":24,"date":"2025-03-20T13:00:38","date_gmt":"2025-03-20T13:00:38","guid":{"rendered":"https:\/\/buydocuments247.com\/?page_id=24"},"modified":"2025-11-30T16:21:02","modified_gmt":"2025-11-30T16:21:02","slug":"diploma-kopen","status":"publish","type":"page","link":"https:\/\/buydocuments247.com\/fi\/","title":{"rendered":"Osta tutkintotodistus"},"content":{"rendered":"<h2 class=\"wp-block-heading\">Osta tutkintotodistus? Virallisen tai v\u00e4\u00e4rennetyn tutkintotodistuksen voi nyt ostaa verkosta.<\/h2>\n\n\n\n<p>A&nbsp;<strong>ostaa tutkintotodistuksen&nbsp;<\/strong>vuonna 2025 tehd\u00e4\u00e4n osoitteessa www.buydocuments247.com. Tiimimme on luotettavin kaikista palveluntarjoajista yli 10 vuoden kokemuksella. Meilt\u00e4 voit tilata monia erilaisia tutkintotodistuksia (rekister\u00f6innill\u00e4). Olemme erikoistuneet eri maiden tutkintotodistuksiin, joten takaamme korkeimman laadun. <\/p>\n\n\n\n<p>On hyv\u00e4 asia, ett\u00e4 olet tullut verkkosivuillemme, koska olemme markkinoiden ykk\u00f6nen. T\u00e4\u00e4lt\u00e4 voit ostaa tutkintotodistuksesi rekister\u00f6intiineen. T\u00e4m\u00e4n seurauksena sinulla on idioottivarma tutkintotodistus, jonka avulla voit tehd\u00e4 mit\u00e4 tahansa haluat. <\/p>\n\n\n\n<p>Etsitk\u00f6 erityisesti tietty\u00e4 tutkintoa? Vai tarvitsetko apua sen m\u00e4\u00e4ritt\u00e4misess\u00e4, mit\u00e4 tarvitset? Ota <a href=\"https:\/\/buydocuments247.com\/fi\/ota-yhteytta\/\">Ota yhteytt\u00e4<\/a> osoitteessa tai s\u00e4hk\u00f6postitse v\u00e4litt\u00f6m\u00e4sti osoitteeseen: <strong>BuyDocuments247@pm.me<\/strong><\/p>\n\n\n\n<figure class=\"wp-block-image size-full\"><img loading=\"lazy\" decoding=\"async\" width=\"692\" height=\"535\" src=\"https:\/\/buydocuments247.com\/wp-content\/uploads\/2025\/03\/diploma-kopen.jpg\" alt=\"ostaa tutkintotodistuksen\" class=\"wp-image-94\" srcset=\"https:\/\/buydocuments247.com\/wp-content\/uploads\/2025\/03\/diploma-kopen.jpg 692w, https:\/\/buydocuments247.com\/wp-content\/uploads\/2025\/03\/diploma-kopen-300x232.jpg 300w, https:\/\/buydocuments247.com\/wp-content\/uploads\/2025\/03\/diploma-kopen-16x12.jpg 16w, https:\/\/buydocuments247.com\/wp-content\/uploads\/2025\/03\/diploma-kopen-230x178.jpg 230w, https:\/\/buydocuments247.com\/wp-content\/uploads\/2025\/03\/diploma-kopen-350x271.jpg 350w, https:\/\/buydocuments247.com\/wp-content\/uploads\/2025\/03\/diploma-kopen-480x371.jpg 480w\" sizes=\"auto, (max-width: 692px) 100vw, 692px\" \/><\/figure>\n\n\n\n<h2 class=\"wp-block-heading\">Tietoa meist\u00e4<\/h2>\n\n\n\n<p><a href=\"https:\/\/buydocuments247.com\/fi\/\">BuyDocuments247<\/a> valmistaa parhaat v\u00e4\u00e4rennetyt v\u00e4\u00e4rennetyt tutkintotodistukset verkossa maailman parhaista tutkintotodistusten valmistajista koostuvan tiimin avulla. Meill\u00e4 on asiantuntijoita ymp\u00e4ri maailmaa. Vuosien kokemuksella kokenut suunnittelutiimimme on erikoistunut luomaan v\u00e4\u00e4rennettyj\u00e4 tutkintotodistuksia ja tutkintoja\/todistuksia tuhansille lukioille, korkeakouluille ja yliopistoille eri puolilta maailmaa upealla tarkkuudella. Kandidaatin tai maisterin tutkinnon ostaminen on nyky\u00e4\u00e4n todella mahdollista. Emme ole vastuussa siit\u00e4, mit\u00e4 teet tutkintotodistuksella.<\/p>\n\n\n\n<h3 class=\"wp-block-heading\">Miksi ostaa tutkintotodistus BuyDocuments247:lt\u00e4?<\/h3>\n\n\n\n<p>Suurin osa tyytyv\u00e4isist\u00e4 asiakkaistamme kaipasi ep\u00e4toivoisesti tutkintoa. T\u00e4h\u00e4n voi olla useita syit\u00e4. Jotkin tutkintotodistukset ovat korvaamisen tarpeessa tai asiakas on kadottanut tai vahingoittanut tutkintotodistustaan. Sit\u00e4 varten olemme olemassa, olemme valmiita auttamaan sinua 24\/7 365 p\u00e4iv\u00e4\u00e4 vuodessa! Meill\u00e4 on paljon kokemuksia, arvosteluja ja suositteluja asiakkailta, jotka halusivat ostaa tutkintotodistuksen.<\/p>\n\n\n\n<p>Jos olet velkaa koulullesi, koulusi on suljettu, tiedot ovat kadonneet, haluat huijata yst\u00e4vi\u00e4si ja perhett\u00e4si, tarvitset kopion tutkintotodistuksestasi ty\u00f6t\u00e4si varten, et ole voinut suorittaa koulutustasi loppuun tai jos teknologia on tehnyt tiedoistasi vanhentuneita ja saavuttamattomissa, olet tullut oikeaan paikkaan.<\/p>\n\n\n\n<p>Olemme maailman parhaita v\u00e4\u00e4rennettyjen tutkintotodistusten v\u00e4\u00e4rent\u00e4misess\u00e4 ja korvaamisessa. Tule sin\u00e4kin voittajaksi ja valitse meid\u00e4t. Voit olla varma, ett\u00e4 tarpeesi t\u00e4yttyv\u00e4t ja odotuksesi ylittyv\u00e4t ylivoimaisen tuotteen, erinomaisen laadun ja korkealaatuisen asiakaspalvelun ansiosta.<\/p>\n\n\n\n<figure class=\"wp-block-image size-large\"><img loading=\"lazy\" decoding=\"async\" width=\"1024\" height=\"577\" src=\"https:\/\/buydocuments247.com\/wp-content\/uploads\/2025\/03\/diploma-kopen-ervaringen-reviews-getuigenissen-1024x577.png\" alt=\"ostaa tutkintotodistus kokemuksia arvosteluja suosittelut\" class=\"wp-image-92\" srcset=\"https:\/\/buydocuments247.com\/wp-content\/uploads\/2025\/03\/diploma-kopen-ervaringen-reviews-getuigenissen-1024x577.png 1024w, https:\/\/buydocuments247.com\/wp-content\/uploads\/2025\/03\/diploma-kopen-ervaringen-reviews-getuigenissen-300x169.png 300w, https:\/\/buydocuments247.com\/wp-content\/uploads\/2025\/03\/diploma-kopen-ervaringen-reviews-getuigenissen-768x433.png 768w, https:\/\/buydocuments247.com\/wp-content\/uploads\/2025\/03\/diploma-kopen-ervaringen-reviews-getuigenissen-1536x865.png 1536w, https:\/\/buydocuments247.com\/wp-content\/uploads\/2025\/03\/diploma-kopen-ervaringen-reviews-getuigenissen-18x10.png 18w, https:\/\/buydocuments247.com\/wp-content\/uploads\/2025\/03\/diploma-kopen-ervaringen-reviews-getuigenissen-1000x563.png 1000w, https:\/\/buydocuments247.com\/wp-content\/uploads\/2025\/03\/diploma-kopen-ervaringen-reviews-getuigenissen-230x130.png 230w, https:\/\/buydocuments247.com\/wp-content\/uploads\/2025\/03\/diploma-kopen-ervaringen-reviews-getuigenissen-350x197.png 350w, https:\/\/buydocuments247.com\/wp-content\/uploads\/2025\/03\/diploma-kopen-ervaringen-reviews-getuigenissen-480x270.png 480w, https:\/\/buydocuments247.com\/wp-content\/uploads\/2025\/03\/diploma-kopen-ervaringen-reviews-getuigenissen.png 1640w\" sizes=\"auto, (max-width: 1024px) 100vw, 1024px\" \/><\/figure>\n\n\n\n<h3 class=\"wp-block-heading\">J\u00e4rjest\u00e4 nopeasti v\u00e4\u00e4rennetty v\u00e4\u00e4rennetty tutkintotodistuksesi<\/h3>\n\n\n\n<p>Onko tilauksellasi kiire? Ei mit\u00e4\u00e4n ongelmaa! Ilmoita meille, niin hoidamme sen puolestasi mahdollisimman pian. Meill\u00e4 on alan nopein toimitusaika.<\/p>\n\n\n\n<p>Meid\u00e4n avullamme voit seurata tilaustasi. Saat my\u00f6s p\u00e4ivityksi\u00e4 suunnittelu- ja painatusprosessin aikana. Emme koskaan j\u00e4t\u00e4 sinua pimentoon, ja sinulle kerrotaan tilauksen tilasta joka vaiheessa.<\/p>\n\n\n\n<p>Tarjoamme my\u00f6s salamannopean toimituksen (maailmanlaajuisesti)! Kysy meilt\u00e4 mahdollisuuksista. Klikkaa <a href=\"https:\/\/buydocuments247.com\/fi\/ota-yhteytta\/\">Ota yhteytt\u00e4<\/a> tai l\u00e4het\u00e4 s\u00e4hk\u00f6postia suoraan osoitteeseen: <strong>BuyDocuments247@pm.me<\/strong><\/p>\n\n\n\n<figure class=\"wp-block-image size-full\"><img loading=\"lazy\" decoding=\"async\" width=\"600\" height=\"455\" src=\"https:\/\/buydocuments247.com\/wp-content\/uploads\/2025\/03\/valse-nep-diploma-kopen-officieel.jpg\" alt=\"v\u00e4\u00e4rennetty v\u00e4\u00e4rennetty tutkintotodistus ostaa virallinen\" class=\"wp-image-93\" srcset=\"https:\/\/buydocuments247.com\/wp-content\/uploads\/2025\/03\/valse-nep-diploma-kopen-officieel.jpg 600w, https:\/\/buydocuments247.com\/wp-content\/uploads\/2025\/03\/valse-nep-diploma-kopen-officieel-300x228.jpg 300w, https:\/\/buydocuments247.com\/wp-content\/uploads\/2025\/03\/valse-nep-diploma-kopen-officieel-16x12.jpg 16w, https:\/\/buydocuments247.com\/wp-content\/uploads\/2025\/03\/valse-nep-diploma-kopen-officieel-230x174.jpg 230w, https:\/\/buydocuments247.com\/wp-content\/uploads\/2025\/03\/valse-nep-diploma-kopen-officieel-350x265.jpg 350w, https:\/\/buydocuments247.com\/wp-content\/uploads\/2025\/03\/valse-nep-diploma-kopen-officieel-480x364.jpg 480w\" sizes=\"auto, (max-width: 600px) 100vw, 600px\" \/><\/figure>","protected":false},"excerpt":{"rendered":"<p>Diploma kopen? Uw officiele of valse diploma is nu online te koop. Een&nbsp;diploma&nbsp;kopen&nbsp;in 2025 doet u bij www.buydocuments247.com. Ons team is het [&hellip;]<\/p>\n","protected":false},"author":1,"featured_media":0,"parent":0,"menu_order":0,"comment_status":"closed","ping_status":"closed","template":"","meta":{"pagelayer_contact_templates":[],"_pagelayer_content":"","footnotes":""},"class_list":["post-24","page","type-page","status-publish","hentry"],"yoast_head":"<!-- This site is optimized with the Yoast SEO plugin v27.4 - https:\/\/yoast.com\/product\/yoast-seo-wordpress\/ -->\n<title>Diploma kopen - Buy real fake documents<\/title>\n<meta name=\"description\" content=\"Diploma kopen online met registratie. Uw officiele valse diploma is nu te koop in 2025. Betrouwbaar, officieel en reviews.\" \/>\n<meta name=\"robots\" content=\"index, follow, max-snippet:-1, max-image-preview:large, max-video-preview:-1\" \/>\n<link rel=\"canonical\" href=\"https:\/\/buydocuments247.com\/fi\/\" \/>\n<meta property=\"og:locale\" content=\"fi_FI\" \/>\n<meta property=\"og:type\" content=\"article\" \/>\n<meta property=\"og:title\" content=\"Diploma kopen - Buy real fake documents\" \/>\n<meta property=\"og:description\" content=\"Diploma kopen online met registratie. Uw officiele valse diploma is nu te koop in 2025. Betrouwbaar, officieel en reviews.\" \/>\n<meta property=\"og:url\" content=\"https:\/\/buydocuments247.com\/fi\/\" \/>\n<meta property=\"og:site_name\" content=\"Buy real fake documents\" \/>\n<meta property=\"article:modified_time\" content=\"2025-11-30T16:21:02+00:00\" \/>\n<meta property=\"og:image\" content=\"https:\/\/buydocuments247.com\/wp-content\/uploads\/2025\/03\/diploma-kopen.jpg\" \/>\n\t<meta property=\"og:image:width\" content=\"692\" \/>\n\t<meta property=\"og:image:height\" content=\"535\" \/>\n\t<meta property=\"og:image:type\" content=\"image\/jpeg\" \/>\n<meta name=\"twitter:card\" content=\"summary_large_image\" \/>\n<meta name=\"twitter:label1\" content=\"Arvioitu lukuaika\" \/>\n\t<meta name=\"twitter:data1\" content=\"3 minuuttia\" \/>\n<script type=\"application\/ld+json\" class=\"yoast-schema-graph\">{\"@context\":\"https:\\\/\\\/schema.org\",\"@graph\":[{\"@type\":\"WebPage\",\"@id\":\"https:\\\/\\\/buydocuments247.com\\\/\",\"url\":\"https:\\\/\\\/buydocuments247.com\\\/\",\"name\":\"Diploma kopen - Buy real fake documents\",\"isPartOf\":{\"@id\":\"https:\\\/\\\/buydocuments247.com\\\/#website\"},\"primaryImageOfPage\":{\"@id\":\"https:\\\/\\\/buydocuments247.com\\\/#primaryimage\"},\"image\":{\"@id\":\"https:\\\/\\\/buydocuments247.com\\\/#primaryimage\"},\"thumbnailUrl\":\"https:\\\/\\\/buydocuments247.com\\\/wp-content\\\/uploads\\\/2025\\\/03\\\/diploma-kopen.jpg\",\"datePublished\":\"2025-03-20T13:00:38+00:00\",\"dateModified\":\"2025-11-30T16:21:02+00:00\",\"description\":\"Diploma kopen online met registratie. Uw officiele valse diploma is nu te koop in 2025. Betrouwbaar, officieel en reviews.\",\"breadcrumb\":{\"@id\":\"https:\\\/\\\/buydocuments247.com\\\/#breadcrumb\"},\"inLanguage\":\"fi\",\"potentialAction\":[{\"@type\":\"ReadAction\",\"target\":[\"https:\\\/\\\/buydocuments247.com\\\/\"]}]},{\"@type\":\"ImageObject\",\"inLanguage\":\"fi\",\"@id\":\"https:\\\/\\\/buydocuments247.com\\\/#primaryimage\",\"url\":\"https:\\\/\\\/buydocuments247.com\\\/wp-content\\\/uploads\\\/2025\\\/03\\\/diploma-kopen.jpg\",\"contentUrl\":\"https:\\\/\\\/buydocuments247.com\\\/wp-content\\\/uploads\\\/2025\\\/03\\\/diploma-kopen.jpg\"},{\"@type\":\"BreadcrumbList\",\"@id\":\"https:\\\/\\\/buydocuments247.com\\\/#breadcrumb\",\"itemListElement\":[{\"@type\":\"ListItem\",\"position\":1,\"name\":\"Home\",\"item\":\"https:\\\/\\\/buydocuments247.com\\\/\"},{\"@type\":\"ListItem\",\"position\":2,\"name\":\"Diploma kopen\"}]},{\"@type\":\"WebSite\",\"@id\":\"https:\\\/\\\/buydocuments247.com\\\/#website\",\"url\":\"https:\\\/\\\/buydocuments247.com\\\/\",\"name\":\"Buy real fake documents\",\"description\":\"Want to buy real and fake documents online? Diploma, driving license and more.\",\"potentialAction\":[{\"@type\":\"SearchAction\",\"target\":{\"@type\":\"EntryPoint\",\"urlTemplate\":\"https:\\\/\\\/buydocuments247.com\\\/?s={search_term_string}\"},\"query-input\":{\"@type\":\"PropertyValueSpecification\",\"valueRequired\":true,\"valueName\":\"search_term_string\"}}],\"inLanguage\":\"fi\"}]}<\/script>\n<!-- \/ Yoast SEO plugin. -->","yoast_head_json":{"title":"Osta tutkintotodistus - Osta aitoja v\u00e4\u00e4rennettyj\u00e4 asiakirjoja","description":"Osta tutkintotodistus verkossa rekister\u00f6innin yhteydess\u00e4. Virallinen v\u00e4\u00e4rennetty tutkintotodistuksesi on nyt myynniss\u00e4 vuonna 2025. Luotettava, virallinen ja arvostelut.","robots":{"index":"index","follow":"follow","max-snippet":"max-snippet:-1","max-image-preview":"max-image-preview:large","max-video-preview":"max-video-preview:-1"},"canonical":"https:\/\/buydocuments247.com\/fi\/","og_locale":"fi_FI","og_type":"article","og_title":"Diploma kopen - Buy real fake documents","og_description":"Diploma kopen online met registratie. Uw officiele valse diploma is nu te koop in 2025. Betrouwbaar, officieel en reviews.","og_url":"https:\/\/buydocuments247.com\/fi\/","og_site_name":"Buy real fake documents","article_modified_time":"2025-11-30T16:21:02+00:00","og_image":[{"width":692,"height":535,"url":"https:\/\/buydocuments247.com\/wp-content\/uploads\/2025\/03\/diploma-kopen.jpg","type":"image\/jpeg"}],"twitter_card":"summary_large_image","twitter_misc":{"Arvioitu lukuaika":"3 minuuttia"},"schema":{"@context":"https:\/\/schema.org","@graph":[{"@type":"WebPage","@id":"https:\/\/buydocuments247.com\/","url":"https:\/\/buydocuments247.com\/","name":"Osta tutkintotodistus - Osta aitoja v\u00e4\u00e4rennettyj\u00e4 asiakirjoja","isPartOf":{"@id":"https:\/\/buydocuments247.com\/#website"},"primaryImageOfPage":{"@id":"https:\/\/buydocuments247.com\/#primaryimage"},"image":{"@id":"https:\/\/buydocuments247.com\/#primaryimage"},"thumbnailUrl":"https:\/\/buydocuments247.com\/wp-content\/uploads\/2025\/03\/diploma-kopen.jpg","datePublished":"2025-03-20T13:00:38+00:00","dateModified":"2025-11-30T16:21:02+00:00","description":"Osta tutkintotodistus verkossa rekister\u00f6innin yhteydess\u00e4. Virallinen v\u00e4\u00e4rennetty tutkintotodistuksesi on nyt myynniss\u00e4 vuonna 2025. Luotettava, virallinen ja arvostelut.","breadcrumb":{"@id":"https:\/\/buydocuments247.com\/#breadcrumb"},"inLanguage":"fi","potentialAction":[{"@type":"ReadAction","target":["https:\/\/buydocuments247.com\/"]}]},{"@type":"ImageObject","inLanguage":"fi","@id":"https:\/\/buydocuments247.com\/#primaryimage","url":"https:\/\/buydocuments247.com\/wp-content\/uploads\/2025\/03\/diploma-kopen.jpg","contentUrl":"https:\/\/buydocuments247.com\/wp-content\/uploads\/2025\/03\/diploma-kopen.jpg"},{"@type":"BreadcrumbList","@id":"https:\/\/buydocuments247.com\/#breadcrumb","itemListElement":[{"@type":"ListItem","position":1,"name":"Home","item":"https:\/\/buydocuments247.com\/"},{"@type":"ListItem","position":2,"name":"Diploma kopen"}]},{"@type":"WebSite","@id":"https:\/\/buydocuments247.com\/#website","url":"https:\/\/buydocuments247.com\/","name":"Osta todellisia v\u00e4\u00e4rennettyj\u00e4 asiakirjoja","description":"Haluatko ostaa aitoja ja v\u00e4\u00e4rennettyj\u00e4 asiakirjoja verkosta? Tutkintotodistuksia, ajokortteja ja paljon muuta.","potentialAction":[{"@type":"SearchAction","target":{"@type":"EntryPoint","urlTemplate":"https:\/\/buydocuments247.com\/?s={search_term_string}"},"query-input":{"@type":"PropertyValueSpecification","valueRequired":true,"valueName":"search_term_string"}}],"inLanguage":"fi"}]}},"_links":{"self":[{"href":"https:\/\/buydocuments247.com\/fi\/wp-json\/wp\/v2\/pages\/24","targetHints":{"allow":["GET"]}}],"collection":[{"href":"https:\/\/buydocuments247.com\/fi\/wp-json\/wp\/v2\/pages"}],"about":[{"href":"https:\/\/buydocuments247.com\/fi\/wp-json\/wp\/v2\/types\/page"}],"author":[{"embeddable":true,"href":"https:\/\/buydocuments247.com\/fi\/wp-json\/wp\/v2\/users\/1"}],"replies":[{"embeddable":true,"href":"https:\/\/buydocuments247.com\/fi\/wp-json\/wp\/v2\/comments?post=24"}],"version-history":[{"count":16,"href":"https:\/\/buydocuments247.com\/fi\/wp-json\/wp\/v2\/pages\/24\/revisions"}],"predecessor-version":[{"id":112,"href":"https:\/\/buydocuments247.com\/fi\/wp-json\/wp\/v2\/pages\/24\/revisions\/112"}],"wp:attachment":[{"href":"https:\/\/buydocuments247.com\/fi\/wp-json\/wp\/v2\/media?parent=24"}],"curies":[{"name":"wp","href":"https:\/\/api.w.org\/{rel}","templated":true}]}}