{"id":24,"date":"2025-03-20T13:00:38","date_gmt":"2025-03-20T13:00:38","guid":{"rendered":"https:\/\/buydocuments247.com\/?page_id=24"},"modified":"2025-11-30T16:21:02","modified_gmt":"2025-11-30T16:21:02","slug":"diploma-kopen","status":"publish","type":"page","link":"https:\/\/buydocuments247.com\/hr\/","title":{"rendered":"Kupi diplomu"},"content":{"rendered":"<h2 class=\"wp-block-heading\">Kupiti diplomu? Va\u0161a slu\u017ebena ili la\u017ena diploma sada je dostupna za prodaju na internetu.<\/h2>\n\n\n\n<p>A&nbsp;<strong>kupiti diplomu&nbsp;<\/strong>u 2025. to mo\u017eete u\u010diniti na www.buydocuments247.com. Na\u0161 tim je najpouzdaniji od svih pru\u017eatelja usluga s vi\u0161e od 10 godina iskustva. Kod nas mo\u017eete naru\u010diti mnogo razli\u010ditih vrsta diploma (uz registraciju). Specijalizirani smo za diplome iz razli\u010ditih zemalja, \u0161to jam\u010di da mo\u017eemo isporu\u010diti najvi\u0161u kvalitetu. <\/p>\n\n\n\n<p>Za vas je dobro \u0161to ste do\u0161li na na\u0161u web stranicu jer smo broj 1 na tr\u017ei\u0161tu. Ovdje mo\u017eete kupiti svoju diplomu uklju\u010duju\u0107i registraciju. To zna\u010di da imate vodonepropusnu diplomu koja vam omogu\u0107uje da radite \u0161to god \u017eelite. <\/p>\n\n\n\n<p>Tra\u017eite odre\u0111enu diplomu? Ili vam je potrebna pomo\u0107 da odredite \u0161to vam je potrebno? uzeti <a href=\"https:\/\/buydocuments247.com\/hr\/kontakt\/\">kontakt<\/a> ili po\u0161aljite e-mail izravno na: <strong>BuyDocuments247@pm.me<\/strong><\/p>\n\n\n\n<figure class=\"wp-block-image size-full\"><img loading=\"lazy\" decoding=\"async\" width=\"692\" height=\"535\" src=\"https:\/\/buydocuments247.com\/wp-content\/uploads\/2025\/03\/diploma-kopen.jpg\" alt=\"kupiti diplomu\" class=\"wp-image-94\" srcset=\"https:\/\/buydocuments247.com\/wp-content\/uploads\/2025\/03\/diploma-kopen.jpg 692w, https:\/\/buydocuments247.com\/wp-content\/uploads\/2025\/03\/diploma-kopen-300x232.jpg 300w, https:\/\/buydocuments247.com\/wp-content\/uploads\/2025\/03\/diploma-kopen-16x12.jpg 16w, https:\/\/buydocuments247.com\/wp-content\/uploads\/2025\/03\/diploma-kopen-230x178.jpg 230w, https:\/\/buydocuments247.com\/wp-content\/uploads\/2025\/03\/diploma-kopen-350x271.jpg 350w, https:\/\/buydocuments247.com\/wp-content\/uploads\/2025\/03\/diploma-kopen-480x371.jpg 480w\" sizes=\"auto, (max-width: 692px) 100vw, 692px\" \/><\/figure>\n\n\n\n<h2 class=\"wp-block-heading\">O nama<\/h2>\n\n\n\n<p><a href=\"https:\/\/buydocuments247.com\/hr\/\">Kupi dokumente247<\/a> izra\u0111uje najbolje la\u017ene diplome online s timom najboljih izra\u0111iva\u010da diploma na svijetu. Imamo stru\u010dnjake po cijelom svijetu. Uz dugogodi\u0161nje iskustvo, na\u0161 vje\u0161t dizajnerski tim specijalizirao se za izradu la\u017enih diploma i stupnjeva\/svjedod\u017ebi za tisu\u0107e srednjih \u0161kola, koled\u017ea i sveu\u010dili\u0161ta iz cijelog svijeta sa zapanjuju\u0107om precizno\u0161\u0107u. Danas je stvarno mogu\u0107e kupiti diplomu prvostupnika ili magistra. Ne snosimo odgovornost za ono \u0161to radite s diplomom.<\/p>\n\n\n\n<h3 class=\"wp-block-heading\">Za\u0161to kupiti diplomu od BuyDocuments247?<\/h3>\n\n\n\n<p>Ve\u0107ina na\u0161ih zadovoljnih klijenata o\u010dajni\u010dki je \u017eeljela diplomu. Za to mo\u017ee postojati nekoliko razloga. Neke diplome je potrebno zamijeniti ili je kupac izgubio ili o\u0161tetio svoju diplomu. Za to postojimo, dostupni smo 24\/7 da vam pomognemo 365 dana u godini! Imamo mnoga iskustva, recenzije i izjave kupaca koji su htjeli kupiti diplomu.<\/p>\n\n\n\n<p>Ako dugujete novac \u0161koli, \u0161kola vam je zatvorena, podaci su vam izgubljeni, \u017eelite se na\u0161aliti s prijateljima i obitelji, trebate kopiju diplome za posao, niste uspjeli zavr\u0161iti \u0161kolovanje ili je tehnologija u\u010dinila va\u0161e podatke zastarjelima i nedostupnima, do\u0161li ste na pravo mjesto.<\/p>\n\n\n\n<p>Najbolji smo \u2013 na svijetu \u2013 u krivotvorenju i zamjeni la\u017enih diploma. Postanite pobjednik i odaberite nas. Mo\u017eete biti sigurni da \u0107e va\u0161e potrebe biti zadovoljene i va\u0161a o\u010dekivanja prema\u0161ena s na\u0161im vrhunskim proizvodom, izvanrednom kvalitetom i najvi\u0161om kvalitetom korisni\u010dke usluge.<\/p>\n\n\n\n<figure class=\"wp-block-image size-large\"><img loading=\"lazy\" decoding=\"async\" width=\"1024\" height=\"577\" src=\"https:\/\/buydocuments247.com\/wp-content\/uploads\/2025\/03\/diploma-kopen-ervaringen-reviews-getuigenissen-1024x577.png\" alt=\"kupiti diploma iskustva recenzije svjedo\u010danstva\" class=\"wp-image-92\" srcset=\"https:\/\/buydocuments247.com\/wp-content\/uploads\/2025\/03\/diploma-kopen-ervaringen-reviews-getuigenissen-1024x577.png 1024w, https:\/\/buydocuments247.com\/wp-content\/uploads\/2025\/03\/diploma-kopen-ervaringen-reviews-getuigenissen-300x169.png 300w, https:\/\/buydocuments247.com\/wp-content\/uploads\/2025\/03\/diploma-kopen-ervaringen-reviews-getuigenissen-768x433.png 768w, https:\/\/buydocuments247.com\/wp-content\/uploads\/2025\/03\/diploma-kopen-ervaringen-reviews-getuigenissen-1536x865.png 1536w, https:\/\/buydocuments247.com\/wp-content\/uploads\/2025\/03\/diploma-kopen-ervaringen-reviews-getuigenissen-18x10.png 18w, https:\/\/buydocuments247.com\/wp-content\/uploads\/2025\/03\/diploma-kopen-ervaringen-reviews-getuigenissen-1000x563.png 1000w, https:\/\/buydocuments247.com\/wp-content\/uploads\/2025\/03\/diploma-kopen-ervaringen-reviews-getuigenissen-230x130.png 230w, https:\/\/buydocuments247.com\/wp-content\/uploads\/2025\/03\/diploma-kopen-ervaringen-reviews-getuigenissen-350x197.png 350w, https:\/\/buydocuments247.com\/wp-content\/uploads\/2025\/03\/diploma-kopen-ervaringen-reviews-getuigenissen-480x270.png 480w, https:\/\/buydocuments247.com\/wp-content\/uploads\/2025\/03\/diploma-kopen-ervaringen-reviews-getuigenissen.png 1640w\" sizes=\"auto, (max-width: 1024px) 100vw, 1024px\" \/><\/figure>\n\n\n\n<h3 class=\"wp-block-heading\">Brzo sredi svoju la\u017enu diplomu<\/h3>\n\n\n\n<p>Je li va\u0161a narud\u017eba hitna? Nema problema! Javite nam i mi \u0107emo to organizirati za vas u najkra\u0107em mogu\u0107em roku. Imamo najbr\u017ee vrijeme isporuke u industriji.<\/p>\n\n\n\n<p>Kod nas mo\u017eete pratiti svoju narud\u017ebu. Tako\u0111er \u0107ete primati a\u017euriranja tijekom procesa dizajna i ispisa. Nikada vas ne ostavljamo u neznanju i obavje\u0161tavamo vas o statusu na svakom koraku.<\/p>\n\n\n\n<p>Nudimo i munjevitu dostavu (cijelim svijetom)! Pitajte nas o mogu\u0107nostima. Kliknite na <a href=\"https:\/\/buydocuments247.com\/hr\/kontakt\/\">kontakt<\/a> ili po\u0161aljite e-mail izravno na: <strong>BuyDocuments247@pm.me<\/strong><\/p>\n\n\n\n<figure class=\"wp-block-image size-full\"><img loading=\"lazy\" decoding=\"async\" width=\"600\" height=\"455\" src=\"https:\/\/buydocuments247.com\/wp-content\/uploads\/2025\/03\/valse-nep-diploma-kopen-officieel.jpg\" alt=\"buy fake la\u017ena diploma official\" class=\"wp-image-93\" srcset=\"https:\/\/buydocuments247.com\/wp-content\/uploads\/2025\/03\/valse-nep-diploma-kopen-officieel.jpg 600w, https:\/\/buydocuments247.com\/wp-content\/uploads\/2025\/03\/valse-nep-diploma-kopen-officieel-300x228.jpg 300w, https:\/\/buydocuments247.com\/wp-content\/uploads\/2025\/03\/valse-nep-diploma-kopen-officieel-16x12.jpg 16w, https:\/\/buydocuments247.com\/wp-content\/uploads\/2025\/03\/valse-nep-diploma-kopen-officieel-230x174.jpg 230w, https:\/\/buydocuments247.com\/wp-content\/uploads\/2025\/03\/valse-nep-diploma-kopen-officieel-350x265.jpg 350w, https:\/\/buydocuments247.com\/wp-content\/uploads\/2025\/03\/valse-nep-diploma-kopen-officieel-480x364.jpg 480w\" sizes=\"auto, (max-width: 600px) 100vw, 600px\" \/><\/figure>","protected":false},"excerpt":{"rendered":"<p>Diploma kopen? Uw officiele of valse diploma is nu online te koop. Een&nbsp;diploma&nbsp;kopen&nbsp;in 2025 doet u bij www.buydocuments247.com. Ons team is het [&hellip;]<\/p>\n","protected":false},"author":1,"featured_media":0,"parent":0,"menu_order":0,"comment_status":"closed","ping_status":"closed","template":"","meta":{"pagelayer_contact_templates":[],"_pagelayer_content":"","footnotes":""},"class_list":["post-24","page","type-page","status-publish","hentry"],"yoast_head":"<!-- This site is optimized with the Yoast SEO plugin v27.4 - https:\/\/yoast.com\/product\/yoast-seo-wordpress\/ -->\n<title>Diploma kopen - Buy real fake documents<\/title>\n<meta name=\"description\" content=\"Diploma kopen online met registratie. Uw officiele valse diploma is nu te koop in 2025. Betrouwbaar, officieel en reviews.\" \/>\n<meta name=\"robots\" content=\"index, follow, max-snippet:-1, max-image-preview:large, max-video-preview:-1\" \/>\n<link rel=\"canonical\" href=\"https:\/\/buydocuments247.com\/hr\/\" \/>\n<meta property=\"og:locale\" content=\"hr_HR\" \/>\n<meta property=\"og:type\" content=\"article\" \/>\n<meta property=\"og:title\" content=\"Diploma kopen - Buy real fake documents\" \/>\n<meta property=\"og:description\" content=\"Diploma kopen online met registratie. Uw officiele valse diploma is nu te koop in 2025. Betrouwbaar, officieel en reviews.\" \/>\n<meta property=\"og:url\" content=\"https:\/\/buydocuments247.com\/hr\/\" \/>\n<meta property=\"og:site_name\" content=\"Buy real fake documents\" \/>\n<meta property=\"article:modified_time\" content=\"2025-11-30T16:21:02+00:00\" \/>\n<meta property=\"og:image\" content=\"https:\/\/buydocuments247.com\/wp-content\/uploads\/2025\/03\/diploma-kopen.jpg\" \/>\n\t<meta property=\"og:image:width\" content=\"692\" \/>\n\t<meta property=\"og:image:height\" content=\"535\" \/>\n\t<meta property=\"og:image:type\" content=\"image\/jpeg\" \/>\n<meta name=\"twitter:card\" content=\"summary_large_image\" \/>\n<meta name=\"twitter:label1\" content=\"Procijenjeno vrijeme \u010ditanja\" \/>\n\t<meta name=\"twitter:data1\" content=\"3 minute\" \/>\n<script type=\"application\/ld+json\" class=\"yoast-schema-graph\">{\"@context\":\"https:\\\/\\\/schema.org\",\"@graph\":[{\"@type\":\"WebPage\",\"@id\":\"https:\\\/\\\/buydocuments247.com\\\/\",\"url\":\"https:\\\/\\\/buydocuments247.com\\\/\",\"name\":\"Diploma kopen - Buy real fake documents\",\"isPartOf\":{\"@id\":\"https:\\\/\\\/buydocuments247.com\\\/#website\"},\"primaryImageOfPage\":{\"@id\":\"https:\\\/\\\/buydocuments247.com\\\/#primaryimage\"},\"image\":{\"@id\":\"https:\\\/\\\/buydocuments247.com\\\/#primaryimage\"},\"thumbnailUrl\":\"https:\\\/\\\/buydocuments247.com\\\/wp-content\\\/uploads\\\/2025\\\/03\\\/diploma-kopen.jpg\",\"datePublished\":\"2025-03-20T13:00:38+00:00\",\"dateModified\":\"2025-11-30T16:21:02+00:00\",\"description\":\"Diploma kopen online met registratie. Uw officiele valse diploma is nu te koop in 2025. Betrouwbaar, officieel en reviews.\",\"breadcrumb\":{\"@id\":\"https:\\\/\\\/buydocuments247.com\\\/#breadcrumb\"},\"inLanguage\":\"hr\",\"potentialAction\":[{\"@type\":\"ReadAction\",\"target\":[\"https:\\\/\\\/buydocuments247.com\\\/\"]}]},{\"@type\":\"ImageObject\",\"inLanguage\":\"hr\",\"@id\":\"https:\\\/\\\/buydocuments247.com\\\/#primaryimage\",\"url\":\"https:\\\/\\\/buydocuments247.com\\\/wp-content\\\/uploads\\\/2025\\\/03\\\/diploma-kopen.jpg\",\"contentUrl\":\"https:\\\/\\\/buydocuments247.com\\\/wp-content\\\/uploads\\\/2025\\\/03\\\/diploma-kopen.jpg\"},{\"@type\":\"BreadcrumbList\",\"@id\":\"https:\\\/\\\/buydocuments247.com\\\/#breadcrumb\",\"itemListElement\":[{\"@type\":\"ListItem\",\"position\":1,\"name\":\"Home\",\"item\":\"https:\\\/\\\/buydocuments247.com\\\/\"},{\"@type\":\"ListItem\",\"position\":2,\"name\":\"Diploma kopen\"}]},{\"@type\":\"WebSite\",\"@id\":\"https:\\\/\\\/buydocuments247.com\\\/#website\",\"url\":\"https:\\\/\\\/buydocuments247.com\\\/\",\"name\":\"Buy real fake documents\",\"description\":\"Want to buy real and fake documents online? Diploma, driving license and more.\",\"potentialAction\":[{\"@type\":\"SearchAction\",\"target\":{\"@type\":\"EntryPoint\",\"urlTemplate\":\"https:\\\/\\\/buydocuments247.com\\\/?s={search_term_string}\"},\"query-input\":{\"@type\":\"PropertyValueSpecification\",\"valueRequired\":true,\"valueName\":\"search_term_string\"}}],\"inLanguage\":\"hr\"}]}<\/script>\n<!-- \/ Yoast SEO plugin. -->","yoast_head_json":{"title":"Kupite diplomu - kupite prave la\u017ene dokumente","description":"Kupite diplomu online uz registraciju. Va\u0161a slu\u017ebena la\u017ena diploma sada je na prodaju 2025. Pouzdana, slu\u017ebena i ima recenzije.","robots":{"index":"index","follow":"follow","max-snippet":"max-snippet:-1","max-image-preview":"max-image-preview:large","max-video-preview":"max-video-preview:-1"},"canonical":"https:\/\/buydocuments247.com\/hr\/","og_locale":"hr_HR","og_type":"article","og_title":"Diploma kopen - Buy real fake documents","og_description":"Diploma kopen online met registratie. Uw officiele valse diploma is nu te koop in 2025. Betrouwbaar, officieel en reviews.","og_url":"https:\/\/buydocuments247.com\/hr\/","og_site_name":"Buy real fake documents","article_modified_time":"2025-11-30T16:21:02+00:00","og_image":[{"width":692,"height":535,"url":"https:\/\/buydocuments247.com\/wp-content\/uploads\/2025\/03\/diploma-kopen.jpg","type":"image\/jpeg"}],"twitter_card":"summary_large_image","twitter_misc":{"Procijenjeno vrijeme \u010ditanja":"3 minute"},"schema":{"@context":"https:\/\/schema.org","@graph":[{"@type":"WebPage","@id":"https:\/\/buydocuments247.com\/","url":"https:\/\/buydocuments247.com\/","name":"Kupite diplomu - kupite prave la\u017ene dokumente","isPartOf":{"@id":"https:\/\/buydocuments247.com\/#website"},"primaryImageOfPage":{"@id":"https:\/\/buydocuments247.com\/#primaryimage"},"image":{"@id":"https:\/\/buydocuments247.com\/#primaryimage"},"thumbnailUrl":"https:\/\/buydocuments247.com\/wp-content\/uploads\/2025\/03\/diploma-kopen.jpg","datePublished":"2025-03-20T13:00:38+00:00","dateModified":"2025-11-30T16:21:02+00:00","description":"Kupite diplomu online uz registraciju. Va\u0161a slu\u017ebena la\u017ena diploma sada je na prodaju 2025. Pouzdana, slu\u017ebena i ima recenzije.","breadcrumb":{"@id":"https:\/\/buydocuments247.com\/#breadcrumb"},"inLanguage":"hr","potentialAction":[{"@type":"ReadAction","target":["https:\/\/buydocuments247.com\/"]}]},{"@type":"ImageObject","inLanguage":"hr","@id":"https:\/\/buydocuments247.com\/#primaryimage","url":"https:\/\/buydocuments247.com\/wp-content\/uploads\/2025\/03\/diploma-kopen.jpg","contentUrl":"https:\/\/buydocuments247.com\/wp-content\/uploads\/2025\/03\/diploma-kopen.jpg"},{"@type":"BreadcrumbList","@id":"https:\/\/buydocuments247.com\/#breadcrumb","itemListElement":[{"@type":"ListItem","position":1,"name":"Home","item":"https:\/\/buydocuments247.com\/"},{"@type":"ListItem","position":2,"name":"Diploma kopen"}]},{"@type":"WebSite","@id":"https:\/\/buydocuments247.com\/#website","url":"https:\/\/buydocuments247.com\/","name":"Kupujte prave la\u017ene dokumente","description":"\u017delite li kupiti prave i la\u017ene dokumente online? Diploma, voza\u010dke dozvole i jo\u0161 mnogo toga.","potentialAction":[{"@type":"SearchAction","target":{"@type":"EntryPoint","urlTemplate":"https:\/\/buydocuments247.com\/?s={search_term_string}"},"query-input":{"@type":"PropertyValueSpecification","valueRequired":true,"valueName":"search_term_string"}}],"inLanguage":"hr"}]}},"_links":{"self":[{"href":"https:\/\/buydocuments247.com\/hr\/wp-json\/wp\/v2\/pages\/24","targetHints":{"allow":["GET"]}}],"collection":[{"href":"https:\/\/buydocuments247.com\/hr\/wp-json\/wp\/v2\/pages"}],"about":[{"href":"https:\/\/buydocuments247.com\/hr\/wp-json\/wp\/v2\/types\/page"}],"author":[{"embeddable":true,"href":"https:\/\/buydocuments247.com\/hr\/wp-json\/wp\/v2\/users\/1"}],"replies":[{"embeddable":true,"href":"https:\/\/buydocuments247.com\/hr\/wp-json\/wp\/v2\/comments?post=24"}],"version-history":[{"count":16,"href":"https:\/\/buydocuments247.com\/hr\/wp-json\/wp\/v2\/pages\/24\/revisions"}],"predecessor-version":[{"id":112,"href":"https:\/\/buydocuments247.com\/hr\/wp-json\/wp\/v2\/pages\/24\/revisions\/112"}],"wp:attachment":[{"href":"https:\/\/buydocuments247.com\/hr\/wp-json\/wp\/v2\/media?parent=24"}],"curies":[{"name":"wp","href":"https:\/\/api.w.org\/{rel}","templated":true}]}}