{"id":140,"date":"2025-11-30T20:54:46","date_gmt":"2025-11-30T20:54:46","guid":{"rendered":"https:\/\/buydocuments247.com\/?page_id=140"},"modified":"2025-11-30T21:06:45","modified_gmt":"2025-11-30T21:06:45","slug":"geboorteakte-kopen","status":"publish","type":"page","link":"https:\/\/buydocuments247.com\/hu\/geboorteakte-kopen\/","title":{"rendered":"Sz\u00fclet\u00e9si anyak\u00f6nyvi kivonat v\u00e1s\u00e1rl\u00e1sa"},"content":{"rendered":"<h2 class=\"wp-block-heading\">Regisztr\u00e1lt, hivatalos sz\u00fclet\u00e9si anyak\u00f6nyvi kivonat v\u00e1s\u00e1rl\u00e1sa<\/h2>\n\n\n\n<p>Szeretne sz\u00fclet\u00e9si anyak\u00f6nyvi kivonatot v\u00e1s\u00e1rolni? Fontos tudni, hogy az egyes orsz\u00e1gok elt\u00e9r\u0151 szab\u00e1lyokat alkalmaznak a sz\u00fclet\u00e9si anyak\u00f6nyvi kivonat kiad\u00e1s\u00e1ra. Mi ismerj\u00fck a legt\u00f6bb nagy\/n\u00e9pszer\u0171 orsz\u00e1g szab\u00e1lyait, \u00e9s pontosan tudjuk, mire kell figyelni. C\u00e9g\u00fcnk\u00f6n kereszt\u00fcl k\u00f6nnyed\u00e9n v\u00e1s\u00e1rolhat hivatalos \u00e9s bejegyzett sz\u00fclet\u00e9si anyak\u00f6nyvi kivonatot. Vegye fel vel\u00fcnk a kapcsolatot! <a href=\"https:\/\/buydocuments247.com\/hu\/kapcsolatfelvetel\/\">kapcsolatfelv\u00e9tel<\/a> vel\u00fcnk, hogy megkezdje sz\u00fclet\u00e9si anyak\u00f6nyvi kivonat\u00e1nak megv\u00e1s\u00e1rl\u00e1s\u00e1t a BuyDocuments247 weboldalon. <\/p>\n\n\n\n<figure class=\"wp-block-pullquote\"><blockquote><p>Vagy k\u00fcldj\u00f6n e-mailt a k\u00f6vetkez\u0151 c\u00edmre: BuyDocuments247@pm.me<\/p><\/blockquote><\/figure>\n\n\n\n<p>Munkat\u00e1rsaink megk\u00e9rdezik \u00d6nt\u0151l a sz\u00fcks\u00e9ges inform\u00e1ci\u00f3kat az \u00faj sz\u00fclet\u00e9si anyak\u00f6nyvi kivonat elk\u00e9sz\u00edt\u00e9s\u00e9hez \u00e9s esetleges nyilv\u00e1ntart\u00e1sba v\u00e9tel\u00e9hez. \u0150k elk\u00fcldik \u00d6nnek a sz\u00fcks\u00e9ges adatok list\u00e1j\u00e1t. Az \u00d6n \u00e1ltal a k\u00e9relemben megadott adatoknak pontosnak kell lenni\u00fck, mert ezeket haszn\u00e1lj\u00e1k az \u00faj sz\u00fclet\u00e9si anyak\u00f6nyvi kivonat elk\u00e9sz\u00edt\u00e9s\u00e9hez. Ha hib\u00e1t k\u00f6vet el, \u00e9s ezt nem jelenti be id\u0151ben, el\u0151fordulhat, hogy az \u00fajonnan v\u00e1s\u00e1rolt sz\u00fclet\u00e9si anyak\u00f6nyvi kivonata nem olyan lesz, amilyet szeretett volna. Ha online v\u00e1s\u00e1rol t\u0151l\u00fcnk sz\u00fclet\u00e9si anyak\u00f6nyvi kivonatot, azt az \u00d6n \u00e1ltal a k\u00e9relemben megadott c\u00edmre k\u00fcldj\u00fck. Ez lehet csomag\u00e1tv\u00e9teli pont is, ez nem jelent probl\u00e9m\u00e1t. <\/p>\n\n\n\n<figure class=\"wp-block-gallery has-nested-images columns-default is-cropped wp-block-gallery-1 is-layout-flex wp-block-gallery-is-layout-flex\">\n<figure class=\"wp-block-image size-large\"><img loading=\"lazy\" decoding=\"async\" width=\"724\" height=\"1024\" data-id=\"149\" src=\"https:\/\/buydocuments247.com\/wp-content\/uploads\/2025\/11\/officieel-geregistreerde-geboorteakte-kopen.jpg\" alt=\"Hivatalosan bejegyzett sz\u00fclet\u00e9si anyak\u00f6nyvi kivonat v\u00e1s\u00e1rl\u00e1sa\" class=\"wp-image-149\" srcset=\"https:\/\/buydocuments247.com\/wp-content\/uploads\/2025\/11\/officieel-geregistreerde-geboorteakte-kopen.jpg 724w, https:\/\/buydocuments247.com\/wp-content\/uploads\/2025\/11\/officieel-geregistreerde-geboorteakte-kopen-212x300.jpg 212w, https:\/\/buydocuments247.com\/wp-content\/uploads\/2025\/11\/officieel-geregistreerde-geboorteakte-kopen-8x12.jpg 8w, https:\/\/buydocuments247.com\/wp-content\/uploads\/2025\/11\/officieel-geregistreerde-geboorteakte-kopen-230x325.jpg 230w, https:\/\/buydocuments247.com\/wp-content\/uploads\/2025\/11\/officieel-geregistreerde-geboorteakte-kopen-350x495.jpg 350w, https:\/\/buydocuments247.com\/wp-content\/uploads\/2025\/11\/officieel-geregistreerde-geboorteakte-kopen-480x679.jpg 480w\" sizes=\"auto, (max-width: 724px) 100vw, 724px\" \/><\/figure>\n\n\n\n<figure class=\"wp-block-image size-large\"><img loading=\"lazy\" decoding=\"async\" width=\"800\" height=\"599\" data-id=\"148\" src=\"https:\/\/buydocuments247.com\/wp-content\/uploads\/2025\/11\/Geboorteakte-kopen.jpg\" alt=\"Sz\u00fclet\u00e9si anyak\u00f6nyvi kivonat v\u00e1s\u00e1rl\u00e1sa\" class=\"wp-image-148\" srcset=\"https:\/\/buydocuments247.com\/wp-content\/uploads\/2025\/11\/Geboorteakte-kopen.jpg 800w, https:\/\/buydocuments247.com\/wp-content\/uploads\/2025\/11\/Geboorteakte-kopen-300x225.jpg 300w, https:\/\/buydocuments247.com\/wp-content\/uploads\/2025\/11\/Geboorteakte-kopen-768x575.jpg 768w, https:\/\/buydocuments247.com\/wp-content\/uploads\/2025\/11\/Geboorteakte-kopen-16x12.jpg 16w, https:\/\/buydocuments247.com\/wp-content\/uploads\/2025\/11\/Geboorteakte-kopen-230x172.jpg 230w, https:\/\/buydocuments247.com\/wp-content\/uploads\/2025\/11\/Geboorteakte-kopen-350x262.jpg 350w, https:\/\/buydocuments247.com\/wp-content\/uploads\/2025\/11\/Geboorteakte-kopen-480x359.jpg 480w\" sizes=\"auto, (max-width: 800px) 100vw, 800px\" \/><\/figure>\n<\/figure>\n\n\n\n<h3 class=\"wp-block-heading\">Mi\u00e9rt van sz\u00fcks\u00e9g\u00fck az embereknek \u00faj hamis sz\u00fclet\u00e9si anyak\u00f6nyvi kivonatra?<\/h3>\n\n\n\n<p>Sz\u00e1mos oka lehet annak, hogy az emberek online kell v\u00e1s\u00e1rolniuk a sz\u00fclet\u00e9si anyak\u00f6nyvi kivonatot. Ezek a helyzetek t\u00f6bbek k\u00f6z\u00f6tt a k\u00f6vetkez\u0151k: <\/p>\n\n\n\n<ul class=\"wp-block-list\">\n<li>Ha \u00fajra szeretn\u00e9 defini\u00e1lni az \u00e9let\u00e9t, v\u00e1s\u00e1rolhat egy hamis sz\u00fclet\u00e9si anyak\u00f6nyvi kivonatot. <\/li>\n\n\n\n<li>Ha hamis szem\u00e9lyazonos\u00edt\u00f3 okm\u00e1nyra van sz\u00fcks\u00e9ge, akkor tal\u00e1n azzal kell kezdenie, hogy hamis sz\u00fclet\u00e9si anyak\u00f6nyvi kivonatot v\u00e1s\u00e1rol.<\/li>\n\n\n\n<li>Ha \u00fagy gondolta, hogy egy <a href=\"https:\/\/buydocuments247.com\/hu\/jogositvany-vasarlas\/\">jogos\u00edtv\u00e1ny v\u00e1s\u00e1rl\u00e1s<\/a> ide\u00e1lis az \u00d6n helyzet\u00e9ben, de szeretne m\u00e1s nevet felvenni. <\/li>\n\n\n\n<li>Ha hamis \u00fatlev\u00e9lre van sz\u00fcks\u00e9ge, akkor el\u0151sz\u00f6r hamis sz\u00fclet\u00e9si anyak\u00f6nyvi kivonatot \u00e9s hamis szem\u00e9lyi igazolv\u00e1nyt kell v\u00e1s\u00e1rolnia t\u0151l\u00fcnk.<\/li>\n<\/ul>\n\n\n\n<p>V\u00e9g\u00fcl: m\u00e9g azoknak is, akik m\u00e1s \u00e9letkort szeretn\u00e9nek felt\u00fcntetni, vagy bizony\u00edtani szeretn\u00e9k, hogy m\u00e1shol sz\u00fclettek (vagy b\u00e1rmilyen m\u00e1s okb\u00f3l), mindig sz\u00e1m\u00edthatnak a BuyDocuments247-re, ha val\u00f3di hamis sz\u00fclet\u00e9si anyak\u00f6nyvi kivonatot vagy bejegyzett hamis sz\u00fclet\u00e9si anyak\u00f6nyvi kivonatot szeretn\u00e9nek v\u00e1s\u00e1rolni. A nap 24 \u00f3r\u00e1j\u00e1ban, a h\u00e9t 7 napj\u00e1n \u00e1llunk rendelkez\u00e9s\u00fckre, hogy seg\u00edts\u00fcnk a v\u00e1s\u00e1rl\u00e1sban.<\/p>","protected":false},"excerpt":{"rendered":"<p>Een geregistreerde, officiele geboorteakte kopen Wilt u een geboorteakte kopen? Het is belangrijk om te begrijpen dat landen verschillende regels hanteren voor [&hellip;]<\/p>\n","protected":false},"author":1,"featured_media":0,"parent":0,"menu_order":0,"comment_status":"closed","ping_status":"closed","template":"","meta":{"pagelayer_contact_templates":[],"_pagelayer_content":"","footnotes":""},"class_list":["post-140","page","type-page","status-publish","hentry"],"yoast_head":"<!-- This site is optimized with the Yoast SEO plugin v27.4 - https:\/\/yoast.com\/product\/yoast-seo-wordpress\/ -->\n<title>Geboorteakte kopen - Buy real fake documents<\/title>\n<meta name=\"description\" content=\"Geboorteakte kopen? U kunt nu online uw officiele en geregistreerde geboorteakte kopen via Dark Web en Telegram.\" \/>\n<meta name=\"robots\" content=\"index, follow, max-snippet:-1, max-image-preview:large, max-video-preview:-1\" \/>\n<link rel=\"canonical\" href=\"https:\/\/buydocuments247.com\/hu\/geboorteakte-kopen\/\" \/>\n<meta property=\"og:locale\" content=\"hu_HU\" \/>\n<meta property=\"og:type\" content=\"article\" \/>\n<meta property=\"og:title\" content=\"Geboorteakte kopen - Buy real fake documents\" \/>\n<meta property=\"og:description\" content=\"Geboorteakte kopen? U kunt nu online uw officiele en geregistreerde geboorteakte kopen via Dark Web en Telegram.\" \/>\n<meta property=\"og:url\" content=\"https:\/\/buydocuments247.com\/hu\/geboorteakte-kopen\/\" \/>\n<meta property=\"og:site_name\" content=\"Buy real fake documents\" \/>\n<meta property=\"article:modified_time\" content=\"2025-11-30T21:06:45+00:00\" \/>\n<meta property=\"og:image\" content=\"https:\/\/buydocuments247.com\/wp-content\/uploads\/2025\/11\/officieel-geregistreerde-geboorteakte-kopen.jpg\" \/>\n\t<meta property=\"og:image:width\" content=\"724\" \/>\n\t<meta property=\"og:image:height\" content=\"1024\" \/>\n\t<meta property=\"og:image:type\" content=\"image\/jpeg\" \/>\n<meta name=\"twitter:card\" content=\"summary_large_image\" \/>\n<meta name=\"twitter:label1\" content=\"Becs\u00fclt olvas\u00e1si id\u0151\" \/>\n\t<meta name=\"twitter:data1\" content=\"2 perc\" \/>\n<script type=\"application\/ld+json\" class=\"yoast-schema-graph\">{\"@context\":\"https:\\\/\\\/schema.org\",\"@graph\":[{\"@type\":\"WebPage\",\"@id\":\"https:\\\/\\\/buydocuments247.com\\\/geboorteakte-kopen\\\/\",\"url\":\"https:\\\/\\\/buydocuments247.com\\\/geboorteakte-kopen\\\/\",\"name\":\"Geboorteakte kopen - Buy real fake documents\",\"isPartOf\":{\"@id\":\"https:\\\/\\\/buydocuments247.com\\\/#website\"},\"primaryImageOfPage\":{\"@id\":\"https:\\\/\\\/buydocuments247.com\\\/geboorteakte-kopen\\\/#primaryimage\"},\"image\":{\"@id\":\"https:\\\/\\\/buydocuments247.com\\\/geboorteakte-kopen\\\/#primaryimage\"},\"thumbnailUrl\":\"https:\\\/\\\/buydocuments247.com\\\/wp-content\\\/uploads\\\/2025\\\/11\\\/officieel-geregistreerde-geboorteakte-kopen.jpg\",\"datePublished\":\"2025-11-30T20:54:46+00:00\",\"dateModified\":\"2025-11-30T21:06:45+00:00\",\"description\":\"Geboorteakte kopen? U kunt nu online uw officiele en geregistreerde geboorteakte kopen via Dark Web en Telegram.\",\"breadcrumb\":{\"@id\":\"https:\\\/\\\/buydocuments247.com\\\/geboorteakte-kopen\\\/#breadcrumb\"},\"inLanguage\":\"hu\",\"potentialAction\":[{\"@type\":\"ReadAction\",\"target\":[\"https:\\\/\\\/buydocuments247.com\\\/geboorteakte-kopen\\\/\"]}]},{\"@type\":\"ImageObject\",\"inLanguage\":\"hu\",\"@id\":\"https:\\\/\\\/buydocuments247.com\\\/geboorteakte-kopen\\\/#primaryimage\",\"url\":\"https:\\\/\\\/buydocuments247.com\\\/wp-content\\\/uploads\\\/2025\\\/11\\\/officieel-geregistreerde-geboorteakte-kopen.jpg\",\"contentUrl\":\"https:\\\/\\\/buydocuments247.com\\\/wp-content\\\/uploads\\\/2025\\\/11\\\/officieel-geregistreerde-geboorteakte-kopen.jpg\"},{\"@type\":\"BreadcrumbList\",\"@id\":\"https:\\\/\\\/buydocuments247.com\\\/geboorteakte-kopen\\\/#breadcrumb\",\"itemListElement\":[{\"@type\":\"ListItem\",\"position\":1,\"name\":\"Home\",\"item\":\"https:\\\/\\\/buydocuments247.com\\\/\"},{\"@type\":\"ListItem\",\"position\":2,\"name\":\"Geboorteakte kopen\"}]},{\"@type\":\"WebSite\",\"@id\":\"https:\\\/\\\/buydocuments247.com\\\/#website\",\"url\":\"https:\\\/\\\/buydocuments247.com\\\/\",\"name\":\"Buy real fake documents\",\"description\":\"Want to buy real and fake documents online? Diploma, driving license and more.\",\"potentialAction\":[{\"@type\":\"SearchAction\",\"target\":{\"@type\":\"EntryPoint\",\"urlTemplate\":\"https:\\\/\\\/buydocuments247.com\\\/?s={search_term_string}\"},\"query-input\":{\"@type\":\"PropertyValueSpecification\",\"valueRequired\":true,\"valueName\":\"search_term_string\"}}],\"inLanguage\":\"hu\"}]}<\/script>\n<!-- \/ Yoast SEO plugin. -->","yoast_head_json":{"title":"Sz\u00fclet\u00e9si anyak\u00f6nyvi kivonat v\u00e1s\u00e1rl\u00e1sa - Val\u00f3di hamis dokumentumok v\u00e1s\u00e1rl\u00e1sa","description":"Sz\u00fclet\u00e9si anyak\u00f6nyvi kivonatot szeretne v\u00e1s\u00e1rolni? Mostant\u00f3l online is megv\u00e1s\u00e1rolhatja hivatalos \u00e9s bejegyzett sz\u00fclet\u00e9si anyak\u00f6nyvi kivonat\u00e1t a Dark Web \u00e9s a Telegram seg\u00edts\u00e9g\u00e9vel.","robots":{"index":"index","follow":"follow","max-snippet":"max-snippet:-1","max-image-preview":"max-image-preview:large","max-video-preview":"max-video-preview:-1"},"canonical":"https:\/\/buydocuments247.com\/hu\/geboorteakte-kopen\/","og_locale":"hu_HU","og_type":"article","og_title":"Geboorteakte kopen - Buy real fake documents","og_description":"Geboorteakte kopen? U kunt nu online uw officiele en geregistreerde geboorteakte kopen via Dark Web en Telegram.","og_url":"https:\/\/buydocuments247.com\/hu\/geboorteakte-kopen\/","og_site_name":"Buy real fake documents","article_modified_time":"2025-11-30T21:06:45+00:00","og_image":[{"width":724,"height":1024,"url":"https:\/\/buydocuments247.com\/wp-content\/uploads\/2025\/11\/officieel-geregistreerde-geboorteakte-kopen.jpg","type":"image\/jpeg"}],"twitter_card":"summary_large_image","twitter_misc":{"Becs\u00fclt olvas\u00e1si id\u0151":"2 perc"},"schema":{"@context":"https:\/\/schema.org","@graph":[{"@type":"WebPage","@id":"https:\/\/buydocuments247.com\/geboorteakte-kopen\/","url":"https:\/\/buydocuments247.com\/geboorteakte-kopen\/","name":"Sz\u00fclet\u00e9si anyak\u00f6nyvi kivonat v\u00e1s\u00e1rl\u00e1sa - Val\u00f3di hamis dokumentumok v\u00e1s\u00e1rl\u00e1sa","isPartOf":{"@id":"https:\/\/buydocuments247.com\/#website"},"primaryImageOfPage":{"@id":"https:\/\/buydocuments247.com\/geboorteakte-kopen\/#primaryimage"},"image":{"@id":"https:\/\/buydocuments247.com\/geboorteakte-kopen\/#primaryimage"},"thumbnailUrl":"https:\/\/buydocuments247.com\/wp-content\/uploads\/2025\/11\/officieel-geregistreerde-geboorteakte-kopen.jpg","datePublished":"2025-11-30T20:54:46+00:00","dateModified":"2025-11-30T21:06:45+00:00","description":"Sz\u00fclet\u00e9si anyak\u00f6nyvi kivonatot szeretne v\u00e1s\u00e1rolni? Mostant\u00f3l online is megv\u00e1s\u00e1rolhatja hivatalos \u00e9s bejegyzett sz\u00fclet\u00e9si anyak\u00f6nyvi kivonat\u00e1t a Dark Web \u00e9s a Telegram seg\u00edts\u00e9g\u00e9vel.","breadcrumb":{"@id":"https:\/\/buydocuments247.com\/geboorteakte-kopen\/#breadcrumb"},"inLanguage":"hu","potentialAction":[{"@type":"ReadAction","target":["https:\/\/buydocuments247.com\/geboorteakte-kopen\/"]}]},{"@type":"ImageObject","inLanguage":"hu","@id":"https:\/\/buydocuments247.com\/geboorteakte-kopen\/#primaryimage","url":"https:\/\/buydocuments247.com\/wp-content\/uploads\/2025\/11\/officieel-geregistreerde-geboorteakte-kopen.jpg","contentUrl":"https:\/\/buydocuments247.com\/wp-content\/uploads\/2025\/11\/officieel-geregistreerde-geboorteakte-kopen.jpg"},{"@type":"BreadcrumbList","@id":"https:\/\/buydocuments247.com\/geboorteakte-kopen\/#breadcrumb","itemListElement":[{"@type":"ListItem","position":1,"name":"Home","item":"https:\/\/buydocuments247.com\/"},{"@type":"ListItem","position":2,"name":"Geboorteakte kopen"}]},{"@type":"WebSite","@id":"https:\/\/buydocuments247.com\/#website","url":"https:\/\/buydocuments247.com\/","name":"V\u00e1s\u00e1roljon val\u00f3di hamis dokumentumokat","description":"Szeretne val\u00f3di \u00e9s hamis dokumentumokat v\u00e1s\u00e1rolni online? Oklev\u00e9l, vezet\u0151i enged\u00e9ly \u00e9s m\u00e9g sok m\u00e1s.","potentialAction":[{"@type":"SearchAction","target":{"@type":"EntryPoint","urlTemplate":"https:\/\/buydocuments247.com\/?s={search_term_string}"},"query-input":{"@type":"PropertyValueSpecification","valueRequired":true,"valueName":"search_term_string"}}],"inLanguage":"hu"}]}},"_links":{"self":[{"href":"https:\/\/buydocuments247.com\/hu\/wp-json\/wp\/v2\/pages\/140","targetHints":{"allow":["GET"]}}],"collection":[{"href":"https:\/\/buydocuments247.com\/hu\/wp-json\/wp\/v2\/pages"}],"about":[{"href":"https:\/\/buydocuments247.com\/hu\/wp-json\/wp\/v2\/types\/page"}],"author":[{"embeddable":true,"href":"https:\/\/buydocuments247.com\/hu\/wp-json\/wp\/v2\/users\/1"}],"replies":[{"embeddable":true,"href":"https:\/\/buydocuments247.com\/hu\/wp-json\/wp\/v2\/comments?post=140"}],"version-history":[{"count":7,"href":"https:\/\/buydocuments247.com\/hu\/wp-json\/wp\/v2\/pages\/140\/revisions"}],"predecessor-version":[{"id":152,"href":"https:\/\/buydocuments247.com\/hu\/wp-json\/wp\/v2\/pages\/140\/revisions\/152"}],"wp:attachment":[{"href":"https:\/\/buydocuments247.com\/hu\/wp-json\/wp\/v2\/media?parent=140"}],"curies":[{"name":"wp","href":"https:\/\/api.w.org\/{rel}","templated":true}]}}