{"id":140,"date":"2025-11-30T20:54:46","date_gmt":"2025-11-30T20:54:46","guid":{"rendered":"https:\/\/buydocuments247.com\/?page_id=140"},"modified":"2025-11-30T21:06:45","modified_gmt":"2025-11-30T21:06:45","slug":"geboorteakte-kopen","status":"publish","type":"page","link":"https:\/\/buydocuments247.com\/is\/geboorteakte-kopen\/","title":{"rendered":"Kauptu f\u00e6\u00f0ingavottor\u00f0"},"content":{"rendered":"<h2 class=\"wp-block-heading\">Kauptu skr\u00e1\u00f0, opinbert f\u00e6\u00f0ingavottor\u00f0<\/h2>\n\n\n\n<p>Viltu kaupa f\u00e6\u00f0ingavottor\u00f0? \u00dea\u00f0 er mikilv\u00e6gt a\u00f0 skilja a\u00f0 l\u00f6nd hafa mismunandi reglur um \u00fatg\u00e1fu f\u00e6\u00f0ingavottor\u00f0a. Vi\u00f0 \u00feekkjum reglur flestra helstu og vins\u00e6lustu landa og vitum n\u00e1kv\u00e6mlega hva\u00f0 \u00fearf a\u00f0 hafa \u00ed huga. \u00cd gegnum okkur getur\u00f0u au\u00f0veldlega keypt opinbert og skr\u00e1\u00f0 f\u00e6\u00f0ingavottor\u00f0. Vinsamlegast haf\u00f0u samband vi\u00f0 okkur. <a href=\"https:\/\/buydocuments247.com\/is\/samband\/\">samband<\/a> Haf\u00f0u samband vi\u00f0 okkur til a\u00f0 hefja kaup \u00e1 f\u00e6\u00f0ingarsk\u00edrteini \u00fe\u00ednu hj\u00e1 BuyDocuments247. <\/p>\n\n\n\n<figure class=\"wp-block-pullquote\"><blockquote><p>E\u00f0a sendu t\u00f6lvup\u00f3st beint \u00e1: BuyDocuments247@pm.me<\/p><\/blockquote><\/figure>\n\n\n\n<p>Starfsf\u00f3lk okkar mun bi\u00f0ja \u00feig um nau\u00f0synlegar uppl\u00fdsingar til a\u00f0 \u00fatb\u00faa og, ef \u00fe\u00f6rf krefur, skr\u00e1 n\u00fdja f\u00e6\u00f0ingarsk\u00edrteini\u00f0 \u00feitt. Hann e\u00f0a h\u00fan mun senda \u00fe\u00e9r lista yfir nau\u00f0synlegar uppl\u00fdsingar. Uppl\u00fdsingarnar sem \u00fe\u00fa sl\u00e6r\u00f0 inn \u00ed ums\u00f3knarey\u00f0ubla\u00f0i\u00f0 ver\u00f0a a\u00f0 vera r\u00e9ttar, \u00fear sem \u00fe\u00e6r ver\u00f0a nota\u00f0ar til a\u00f0 \u00fatb\u00faa n\u00fdja f\u00e6\u00f0ingarsk\u00edrteini\u00f0 \u00feitt. Ef \u00fe\u00fa gerir mist\u00f6k og tilkynnir \u00fea\u00f0 ekki t\u00edmanlega, g\u00e6ti n\u00fdtt f\u00e6\u00f0ingarvottor\u00f0 sem \u00fe\u00fa keyptir ekki veri\u00f0 \u00fea\u00f0 sem \u00fe\u00fa vildir. \u00deegar \u00fe\u00fa kaupir f\u00e6\u00f0ingarvottor\u00f0 \u00e1 netinu \u00ed gegnum okkur ver\u00f0ur \u00fea\u00f0 sent \u00e1 \u00fe\u00e1 heimilisfang sem \u00fe\u00fa sl\u00e6r\u00f0 inn \u00ed ums\u00f3knarey\u00f0ubla\u00f0inu. \u00deetta getur einnig veri\u00f0 pakkaafhendingarsta\u00f0ur, sem er ekkert m\u00e1l. <\/p>\n\n\n\n<figure class=\"wp-block-gallery has-nested-images columns-default is-cropped wp-block-gallery-1 is-layout-flex wp-block-gallery-is-layout-flex\">\n<figure class=\"wp-block-image size-large\"><img loading=\"lazy\" decoding=\"async\" width=\"724\" height=\"1024\" data-id=\"149\" src=\"https:\/\/buydocuments247.com\/wp-content\/uploads\/2025\/11\/officieel-geregistreerde-geboorteakte-kopen.jpg\" alt=\"Kauptu opinbert skr\u00e1\u00f0 f\u00e6\u00f0ingavottor\u00f0\" class=\"wp-image-149\" srcset=\"https:\/\/buydocuments247.com\/wp-content\/uploads\/2025\/11\/officieel-geregistreerde-geboorteakte-kopen.jpg 724w, https:\/\/buydocuments247.com\/wp-content\/uploads\/2025\/11\/officieel-geregistreerde-geboorteakte-kopen-212x300.jpg 212w, https:\/\/buydocuments247.com\/wp-content\/uploads\/2025\/11\/officieel-geregistreerde-geboorteakte-kopen-8x12.jpg 8w, https:\/\/buydocuments247.com\/wp-content\/uploads\/2025\/11\/officieel-geregistreerde-geboorteakte-kopen-230x325.jpg 230w, https:\/\/buydocuments247.com\/wp-content\/uploads\/2025\/11\/officieel-geregistreerde-geboorteakte-kopen-350x495.jpg 350w, https:\/\/buydocuments247.com\/wp-content\/uploads\/2025\/11\/officieel-geregistreerde-geboorteakte-kopen-480x679.jpg 480w\" sizes=\"auto, (max-width: 724px) 100vw, 724px\" \/><\/figure>\n\n\n\n<figure class=\"wp-block-image size-large\"><img loading=\"lazy\" decoding=\"async\" width=\"800\" height=\"599\" data-id=\"148\" src=\"https:\/\/buydocuments247.com\/wp-content\/uploads\/2025\/11\/Geboorteakte-kopen.jpg\" alt=\"Kauptu f\u00e6\u00f0ingavottor\u00f0\" class=\"wp-image-148\" srcset=\"https:\/\/buydocuments247.com\/wp-content\/uploads\/2025\/11\/Geboorteakte-kopen.jpg 800w, https:\/\/buydocuments247.com\/wp-content\/uploads\/2025\/11\/Geboorteakte-kopen-300x225.jpg 300w, https:\/\/buydocuments247.com\/wp-content\/uploads\/2025\/11\/Geboorteakte-kopen-768x575.jpg 768w, https:\/\/buydocuments247.com\/wp-content\/uploads\/2025\/11\/Geboorteakte-kopen-16x12.jpg 16w, https:\/\/buydocuments247.com\/wp-content\/uploads\/2025\/11\/Geboorteakte-kopen-230x172.jpg 230w, https:\/\/buydocuments247.com\/wp-content\/uploads\/2025\/11\/Geboorteakte-kopen-350x262.jpg 350w, https:\/\/buydocuments247.com\/wp-content\/uploads\/2025\/11\/Geboorteakte-kopen-480x359.jpg 480w\" sizes=\"auto, (max-width: 800px) 100vw, 800px\" \/><\/figure>\n<\/figure>\n\n\n\n<h3 class=\"wp-block-heading\">Af hverju \u00feurfa f\u00f3lk n\u00fdtt falskt f\u00e6\u00f0ingarsk\u00edrteini?<\/h3>\n\n\n\n<p>\u00dea\u00f0 eru nokkrar \u00e1st\u00e6\u00f0ur fyrir \u00fev\u00ed a\u00f0 f\u00f3lk \u00fearf a\u00f0 kaupa f\u00e6\u00f0ingavottor\u00f0 \u00e1 netinu. \u00deessar a\u00f0st\u00e6\u00f0ur eru me\u00f0al annars: <\/p>\n\n\n\n<ul class=\"wp-block-list\">\n<li>Ef \u00fe\u00fa vilt endurskilgreina tilveru \u00fe\u00edna getur\u00f0u keypt falska f\u00e6\u00f0ingavottor\u00f0. <\/li>\n\n\n\n<li>Ef \u00fe\u00fa \u00fearft f\u00f6lsu\u00f0 au\u00f0kenni g\u00e6tir \u00fe\u00fa \u00feurft a\u00f0 byrja \u00e1 \u00fev\u00ed a\u00f0 kaupa f\u00f6lsu\u00f0 f\u00e6\u00f0ingavottor\u00f0.<\/li>\n\n\n\n<li>Ef \u00fe\u00fa hefur \u00edhuga\u00f0 a\u00f0 a <a href=\"https:\/\/buydocuments247.com\/is\/kaupa-okuskirteini\/\">kaupa \u00f6kusk\u00edrteini<\/a> er kj\u00f6rinn fyrir a\u00f0st\u00e6\u00f0ur \u00fe\u00ednar en \u00fe\u00fa vilt taka upp anna\u00f0 nafn. <\/li>\n\n\n\n<li>Ef \u00fe\u00fa \u00fearft falskan vegabr\u00e9f, ver\u00f0ur \u00fe\u00fa a\u00f0 byrja \u00e1 \u00fev\u00ed a\u00f0 kaupa falska f\u00e6\u00f0ingarskr\u00e1 og falska kennskort fr\u00e1 okkur.<\/li>\n<\/ul>\n\n\n\n<p>A\u00f0 lokum, jafnvel fyrir \u00fe\u00e1 sem vilja gefa upp annan aldur e\u00f0a sanna a\u00f0 \u00feeir hafi f\u00e6\u00f0st annars sta\u00f0ar (e\u00f0a af hva\u00f0a \u00f6\u00f0rum \u00e1st\u00e6\u00f0um sem er), getur\u00f0u alltaf treyst BuyDocuments247 til a\u00f0 kaupa ekta falska f\u00e6\u00f0ingarsk\u00edrteini e\u00f0a skr\u00e1\u00f0 falskt f\u00e6\u00f0ingarsk\u00edrteini. Vi\u00f0 erum til taks allan s\u00f3larhringinn, sj\u00f6 daga vikunnar, til a\u00f0 a\u00f0sto\u00f0a \u00feig vi\u00f0 kaupin.<\/p>","protected":false},"excerpt":{"rendered":"<p>Een geregistreerde, officiele geboorteakte kopen Wilt u een geboorteakte kopen? Het is belangrijk om te begrijpen dat landen verschillende regels hanteren voor [&hellip;]<\/p>\n","protected":false},"author":1,"featured_media":0,"parent":0,"menu_order":0,"comment_status":"closed","ping_status":"closed","template":"","meta":{"pagelayer_contact_templates":[],"_pagelayer_content":"","footnotes":""},"class_list":["post-140","page","type-page","status-publish","hentry"],"yoast_head":"<!-- This site is optimized with the Yoast SEO plugin v27.4 - https:\/\/yoast.com\/product\/yoast-seo-wordpress\/ -->\n<title>Geboorteakte kopen - Buy real fake documents<\/title>\n<meta name=\"description\" content=\"Geboorteakte kopen? U kunt nu online uw officiele en geregistreerde geboorteakte kopen via Dark Web en Telegram.\" \/>\n<meta name=\"robots\" content=\"index, follow, max-snippet:-1, max-image-preview:large, max-video-preview:-1\" \/>\n<link rel=\"canonical\" href=\"https:\/\/buydocuments247.com\/is\/geboorteakte-kopen\/\" \/>\n<meta property=\"og:locale\" content=\"is_IS\" \/>\n<meta property=\"og:type\" content=\"article\" \/>\n<meta property=\"og:title\" content=\"Geboorteakte kopen - Buy real fake documents\" \/>\n<meta property=\"og:description\" content=\"Geboorteakte kopen? U kunt nu online uw officiele en geregistreerde geboorteakte kopen via Dark Web en Telegram.\" \/>\n<meta property=\"og:url\" content=\"https:\/\/buydocuments247.com\/is\/geboorteakte-kopen\/\" \/>\n<meta property=\"og:site_name\" content=\"Buy real fake documents\" \/>\n<meta property=\"article:modified_time\" content=\"2025-11-30T21:06:45+00:00\" \/>\n<meta property=\"og:image\" content=\"https:\/\/buydocuments247.com\/wp-content\/uploads\/2025\/11\/officieel-geregistreerde-geboorteakte-kopen.jpg\" \/>\n\t<meta property=\"og:image:width\" content=\"724\" \/>\n\t<meta property=\"og:image:height\" content=\"1024\" \/>\n\t<meta property=\"og:image:type\" content=\"image\/jpeg\" \/>\n<meta name=\"twitter:card\" content=\"summary_large_image\" \/>\n<meta name=\"twitter:label1\" content=\"Est. reading time\" \/>\n\t<meta name=\"twitter:data1\" content=\"2 minutes\" \/>\n<script type=\"application\/ld+json\" class=\"yoast-schema-graph\">{\"@context\":\"https:\\\/\\\/schema.org\",\"@graph\":[{\"@type\":\"WebPage\",\"@id\":\"https:\\\/\\\/buydocuments247.com\\\/geboorteakte-kopen\\\/\",\"url\":\"https:\\\/\\\/buydocuments247.com\\\/geboorteakte-kopen\\\/\",\"name\":\"Geboorteakte kopen - Buy real fake documents\",\"isPartOf\":{\"@id\":\"https:\\\/\\\/buydocuments247.com\\\/#website\"},\"primaryImageOfPage\":{\"@id\":\"https:\\\/\\\/buydocuments247.com\\\/geboorteakte-kopen\\\/#primaryimage\"},\"image\":{\"@id\":\"https:\\\/\\\/buydocuments247.com\\\/geboorteakte-kopen\\\/#primaryimage\"},\"thumbnailUrl\":\"https:\\\/\\\/buydocuments247.com\\\/wp-content\\\/uploads\\\/2025\\\/11\\\/officieel-geregistreerde-geboorteakte-kopen.jpg\",\"datePublished\":\"2025-11-30T20:54:46+00:00\",\"dateModified\":\"2025-11-30T21:06:45+00:00\",\"description\":\"Geboorteakte kopen? U kunt nu online uw officiele en geregistreerde geboorteakte kopen via Dark Web en Telegram.\",\"breadcrumb\":{\"@id\":\"https:\\\/\\\/buydocuments247.com\\\/geboorteakte-kopen\\\/#breadcrumb\"},\"inLanguage\":\"is\",\"potentialAction\":[{\"@type\":\"ReadAction\",\"target\":[\"https:\\\/\\\/buydocuments247.com\\\/geboorteakte-kopen\\\/\"]}]},{\"@type\":\"ImageObject\",\"inLanguage\":\"is\",\"@id\":\"https:\\\/\\\/buydocuments247.com\\\/geboorteakte-kopen\\\/#primaryimage\",\"url\":\"https:\\\/\\\/buydocuments247.com\\\/wp-content\\\/uploads\\\/2025\\\/11\\\/officieel-geregistreerde-geboorteakte-kopen.jpg\",\"contentUrl\":\"https:\\\/\\\/buydocuments247.com\\\/wp-content\\\/uploads\\\/2025\\\/11\\\/officieel-geregistreerde-geboorteakte-kopen.jpg\"},{\"@type\":\"BreadcrumbList\",\"@id\":\"https:\\\/\\\/buydocuments247.com\\\/geboorteakte-kopen\\\/#breadcrumb\",\"itemListElement\":[{\"@type\":\"ListItem\",\"position\":1,\"name\":\"Home\",\"item\":\"https:\\\/\\\/buydocuments247.com\\\/\"},{\"@type\":\"ListItem\",\"position\":2,\"name\":\"Geboorteakte kopen\"}]},{\"@type\":\"WebSite\",\"@id\":\"https:\\\/\\\/buydocuments247.com\\\/#website\",\"url\":\"https:\\\/\\\/buydocuments247.com\\\/\",\"name\":\"Buy real fake documents\",\"description\":\"Want to buy real and fake documents online? Diploma, driving license and more.\",\"potentialAction\":[{\"@type\":\"SearchAction\",\"target\":{\"@type\":\"EntryPoint\",\"urlTemplate\":\"https:\\\/\\\/buydocuments247.com\\\/?s={search_term_string}\"},\"query-input\":{\"@type\":\"PropertyValueSpecification\",\"valueRequired\":true,\"valueName\":\"search_term_string\"}}],\"inLanguage\":\"is\"}]}<\/script>\n<!-- \/ Yoast SEO plugin. -->","yoast_head_json":{"title":"Kauptu f\u00e6\u00f0ingarsk\u00edrteini \u2013 kauptu raunveruleg f\u00f6lsu\u00f0 skj\u00f6l","description":"Viltu kaupa f\u00e6\u00f0ingavottor\u00f0? N\u00fa getur\u00f0u keypt \u00feitt opinbera og skr\u00e1\u00f0a f\u00e6\u00f0ingavottor\u00f0 \u00e1 netinu \u00ed gegnum Dark Web og Telegram.","robots":{"index":"index","follow":"follow","max-snippet":"max-snippet:-1","max-image-preview":"max-image-preview:large","max-video-preview":"max-video-preview:-1"},"canonical":"https:\/\/buydocuments247.com\/is\/geboorteakte-kopen\/","og_locale":"is_IS","og_type":"article","og_title":"Geboorteakte kopen - Buy real fake documents","og_description":"Geboorteakte kopen? U kunt nu online uw officiele en geregistreerde geboorteakte kopen via Dark Web en Telegram.","og_url":"https:\/\/buydocuments247.com\/is\/geboorteakte-kopen\/","og_site_name":"Buy real fake documents","article_modified_time":"2025-11-30T21:06:45+00:00","og_image":[{"width":724,"height":1024,"url":"https:\/\/buydocuments247.com\/wp-content\/uploads\/2025\/11\/officieel-geregistreerde-geboorteakte-kopen.jpg","type":"image\/jpeg"}],"twitter_card":"summary_large_image","twitter_misc":{"Est. reading time":"2 minutes"},"schema":{"@context":"https:\/\/schema.org","@graph":[{"@type":"WebPage","@id":"https:\/\/buydocuments247.com\/geboorteakte-kopen\/","url":"https:\/\/buydocuments247.com\/geboorteakte-kopen\/","name":"Kauptu f\u00e6\u00f0ingarsk\u00edrteini \u2013 kauptu raunveruleg f\u00f6lsu\u00f0 skj\u00f6l","isPartOf":{"@id":"https:\/\/buydocuments247.com\/#website"},"primaryImageOfPage":{"@id":"https:\/\/buydocuments247.com\/geboorteakte-kopen\/#primaryimage"},"image":{"@id":"https:\/\/buydocuments247.com\/geboorteakte-kopen\/#primaryimage"},"thumbnailUrl":"https:\/\/buydocuments247.com\/wp-content\/uploads\/2025\/11\/officieel-geregistreerde-geboorteakte-kopen.jpg","datePublished":"2025-11-30T20:54:46+00:00","dateModified":"2025-11-30T21:06:45+00:00","description":"Viltu kaupa f\u00e6\u00f0ingavottor\u00f0? N\u00fa getur\u00f0u keypt \u00feitt opinbera og skr\u00e1\u00f0a f\u00e6\u00f0ingavottor\u00f0 \u00e1 netinu \u00ed gegnum Dark Web og Telegram.","breadcrumb":{"@id":"https:\/\/buydocuments247.com\/geboorteakte-kopen\/#breadcrumb"},"inLanguage":"is","potentialAction":[{"@type":"ReadAction","target":["https:\/\/buydocuments247.com\/geboorteakte-kopen\/"]}]},{"@type":"ImageObject","inLanguage":"is","@id":"https:\/\/buydocuments247.com\/geboorteakte-kopen\/#primaryimage","url":"https:\/\/buydocuments247.com\/wp-content\/uploads\/2025\/11\/officieel-geregistreerde-geboorteakte-kopen.jpg","contentUrl":"https:\/\/buydocuments247.com\/wp-content\/uploads\/2025\/11\/officieel-geregistreerde-geboorteakte-kopen.jpg"},{"@type":"BreadcrumbList","@id":"https:\/\/buydocuments247.com\/geboorteakte-kopen\/#breadcrumb","itemListElement":[{"@type":"ListItem","position":1,"name":"Home","item":"https:\/\/buydocuments247.com\/"},{"@type":"ListItem","position":2,"name":"Geboorteakte kopen"}]},{"@type":"WebSite","@id":"https:\/\/buydocuments247.com\/#website","url":"https:\/\/buydocuments247.com\/","name":"Kauptu raunveruleg f\u00f6lsu\u00f0 skj\u00f6l","description":"Viltu kaupa raunveruleg og falsa\u00f0a skj\u00f6l \u00e1 netinu? St\u00fadentspr\u00f3f, \u00f6kusk\u00edrteini og fleira.","potentialAction":[{"@type":"SearchAction","target":{"@type":"EntryPoint","urlTemplate":"https:\/\/buydocuments247.com\/?s={search_term_string}"},"query-input":{"@type":"PropertyValueSpecification","valueRequired":true,"valueName":"search_term_string"}}],"inLanguage":"is"}]}},"_links":{"self":[{"href":"https:\/\/buydocuments247.com\/is\/wp-json\/wp\/v2\/pages\/140","targetHints":{"allow":["GET"]}}],"collection":[{"href":"https:\/\/buydocuments247.com\/is\/wp-json\/wp\/v2\/pages"}],"about":[{"href":"https:\/\/buydocuments247.com\/is\/wp-json\/wp\/v2\/types\/page"}],"author":[{"embeddable":true,"href":"https:\/\/buydocuments247.com\/is\/wp-json\/wp\/v2\/users\/1"}],"replies":[{"embeddable":true,"href":"https:\/\/buydocuments247.com\/is\/wp-json\/wp\/v2\/comments?post=140"}],"version-history":[{"count":7,"href":"https:\/\/buydocuments247.com\/is\/wp-json\/wp\/v2\/pages\/140\/revisions"}],"predecessor-version":[{"id":152,"href":"https:\/\/buydocuments247.com\/is\/wp-json\/wp\/v2\/pages\/140\/revisions\/152"}],"wp:attachment":[{"href":"https:\/\/buydocuments247.com\/is\/wp-json\/wp\/v2\/media?parent=140"}],"curies":[{"name":"wp","href":"https:\/\/api.w.org\/{rel}","templated":true}]}}