{"id":24,"date":"2025-03-20T13:00:38","date_gmt":"2025-03-20T13:00:38","guid":{"rendered":"https:\/\/buydocuments247.com\/?page_id=24"},"modified":"2025-11-30T16:21:02","modified_gmt":"2025-11-30T16:21:02","slug":"diploma-kopen","status":"publish","type":"page","link":"https:\/\/buydocuments247.com\/lt\/","title":{"rendered":"Pirkti diplom\u0105"},"content":{"rendered":"<h2 class=\"wp-block-heading\">Pirkti diplom\u0105? Dabar oficial\u0173 arba suklastot\u0105 diplom\u0105 galite nusipirkti internetu.<\/h2>\n\n\n\n<p>A&nbsp;<strong>pirkti diplom\u0105&nbsp;<\/strong>2025 m. atliekamas adresu www.buydocuments247.com. M\u016bs\u0173 komanda yra patikimiausia i\u0161 vis\u0173 paslaug\u0173 teik\u0117j\u0173, turinti daugiau nei 10 met\u0173 patirt\u012f. Pas mus galite u\u017esisakyti daugyb\u0119 \u012fvairi\u0173 r\u016b\u0161i\u0173 diplom\u0173 (su registracija). Specializuojam\u0117s \u012fvairi\u0173 \u0161ali\u0173 diplom\u0173 srityje, tod\u0117l garantuojame auk\u0161\u010diausi\u0105 kokyb\u0119. <\/p>\n\n\n\n<p>Tai, kad at\u0117jote \u012f m\u016bs\u0173 svetain\u0119, yra geras dalykas, nes mes esame numeris vienas rinkoje. \u010cia galite nusipirkti diplom\u0105, \u012fskaitant registracij\u0105. D\u0117l to tur\u0117site patikim\u0105 diplom\u0105, kuris leis jums daryti visk\u0105, k\u0105 tik panor\u0117site. <\/p>\n\n\n\n<p>Ie\u0161kote konkretaus diplomo? O gal jums reikia pagalbos nustatant, ko jums reikia? Pasinaudokite <a href=\"https:\/\/buydocuments247.com\/lt\/susisiekite-su\/\">susisiekite su<\/a> adresu arba nedelsdami si\u0173skite el. lai\u0161k\u0105 \u0161iuo adresu: <strong>BuyDocuments247@pm.me<\/strong><\/p>\n\n\n\n<figure class=\"wp-block-image size-full\"><img loading=\"lazy\" decoding=\"async\" width=\"692\" height=\"535\" src=\"https:\/\/buydocuments247.com\/wp-content\/uploads\/2025\/03\/diploma-kopen.jpg\" alt=\"pirkti diplom\u0105\" class=\"wp-image-94\" srcset=\"https:\/\/buydocuments247.com\/wp-content\/uploads\/2025\/03\/diploma-kopen.jpg 692w, https:\/\/buydocuments247.com\/wp-content\/uploads\/2025\/03\/diploma-kopen-300x232.jpg 300w, https:\/\/buydocuments247.com\/wp-content\/uploads\/2025\/03\/diploma-kopen-16x12.jpg 16w, https:\/\/buydocuments247.com\/wp-content\/uploads\/2025\/03\/diploma-kopen-230x178.jpg 230w, https:\/\/buydocuments247.com\/wp-content\/uploads\/2025\/03\/diploma-kopen-350x271.jpg 350w, https:\/\/buydocuments247.com\/wp-content\/uploads\/2025\/03\/diploma-kopen-480x371.jpg 480w\" sizes=\"auto, (max-width: 692px) 100vw, 692px\" \/><\/figure>\n\n\n\n<h2 class=\"wp-block-heading\">Apie mus<\/h2>\n\n\n\n<p><a href=\"https:\/\/buydocuments247.com\/lt\/\">Pirkti dokumentus247<\/a> su komanda, kuri\u0105 sudaro geriausi pasaulyje diplom\u0173 k\u016br\u0117jai, gamina geriausius suklastotus suklastotus diplomus internetu. Turime specialist\u0173 visame pasaulyje. Ilgamet\u0119 patirt\u012f turinti m\u016bs\u0173 patyrusi\u0173 dizaineri\u0173 komanda specializuojasi stulbinamai tiksliai kurdama netikrus diplomus ir laipsnius \/ pa\u017eym\u0117jimus t\u016bkstan\u010diams vidurini\u0173 mokykl\u0173, koled\u017e\u0173 ir universitet\u0173 i\u0161 viso pasaulio. \u0160iais laikais nusipirkti bakalauro ar magistro diplom\u0105 tikrai \u012fmanoma. Mes neatsakome u\u017e tai, k\u0105 j\u016bs darote su diplomu.<\/p>\n\n\n\n<h3 class=\"wp-block-heading\">Kod\u0117l verta pirkti diplom\u0105 BuyDocuments247?<\/h3>\n\n\n\n<p>Dauguma m\u016bs\u0173 patenkint\u0173 klient\u0173 labai nor\u0117jo gauti laipsn\u012f. Tai gal\u0117jo lemti kelios prie\u017eastys. Kai kuriuos diplomus reikia pakeisti arba klientas prarado ar sugadino savo diplom\u0105. Tam mes ir egzistuojame, esame pasiruo\u0161\u0119 jums pad\u0117ti 24 valandas per par\u0105, 7 dienas per savait\u0119, 365 dienas per metus! Turime daug patirties, atsiliepim\u0173 ir rekomendacij\u0173 i\u0161 klient\u0173, kurie nor\u0117jo \u012fsigyti diplom\u0105.<\/p>\n\n\n\n<p>Jei esate skolingi mokyklai, mokykla u\u017edaryta, duomenys prarasti, norite apgauti savo draugus ir \u0161eim\u0105, jums reikia diplomo kopijos darbui, negal\u0117jote baigti moksl\u0173 arba d\u0117l technologij\u0173 j\u016bs\u0173 informacija paseno ir tapo neprieinama, pataik\u0117te ten, kur reikia.<\/p>\n\n\n\n<p>Esame geriausi pasaulyje, padirbin\u0117jantys ir kei\u010diantys suklastotus diplomus. Tapkite ir j\u016bs nugal\u0117toju ir pasirinkite mus. Galite b\u016bti tikri, kad j\u016bs\u0173 poreikiai bus patenkinti, o l\u016bkes\u010diai vir\u0161yti d\u0117l m\u016bs\u0173 auk\u0161\u010diausios kokyb\u0117s produkt\u0173, puikios kokyb\u0117s ir auk\u0161\u010diausios kokyb\u0117s klient\u0173 aptarnavimo.<\/p>\n\n\n\n<figure class=\"wp-block-image size-large\"><img loading=\"lazy\" decoding=\"async\" width=\"1024\" height=\"577\" src=\"https:\/\/buydocuments247.com\/wp-content\/uploads\/2025\/03\/diploma-kopen-ervaringen-reviews-getuigenissen-1024x577.png\" alt=\"pirkti diplomo patirtis atsiliepimai atsiliepimai atsiliepimai\" class=\"wp-image-92\" srcset=\"https:\/\/buydocuments247.com\/wp-content\/uploads\/2025\/03\/diploma-kopen-ervaringen-reviews-getuigenissen-1024x577.png 1024w, https:\/\/buydocuments247.com\/wp-content\/uploads\/2025\/03\/diploma-kopen-ervaringen-reviews-getuigenissen-300x169.png 300w, https:\/\/buydocuments247.com\/wp-content\/uploads\/2025\/03\/diploma-kopen-ervaringen-reviews-getuigenissen-768x433.png 768w, https:\/\/buydocuments247.com\/wp-content\/uploads\/2025\/03\/diploma-kopen-ervaringen-reviews-getuigenissen-1536x865.png 1536w, https:\/\/buydocuments247.com\/wp-content\/uploads\/2025\/03\/diploma-kopen-ervaringen-reviews-getuigenissen-18x10.png 18w, https:\/\/buydocuments247.com\/wp-content\/uploads\/2025\/03\/diploma-kopen-ervaringen-reviews-getuigenissen-1000x563.png 1000w, https:\/\/buydocuments247.com\/wp-content\/uploads\/2025\/03\/diploma-kopen-ervaringen-reviews-getuigenissen-230x130.png 230w, https:\/\/buydocuments247.com\/wp-content\/uploads\/2025\/03\/diploma-kopen-ervaringen-reviews-getuigenissen-350x197.png 350w, https:\/\/buydocuments247.com\/wp-content\/uploads\/2025\/03\/diploma-kopen-ervaringen-reviews-getuigenissen-480x270.png 480w, https:\/\/buydocuments247.com\/wp-content\/uploads\/2025\/03\/diploma-kopen-ervaringen-reviews-getuigenissen.png 1640w\" sizes=\"auto, (max-width: 1024px) 100vw, 1024px\" \/><\/figure>\n\n\n\n<h3 class=\"wp-block-heading\">Greitai pasir\u016bpinkite savo netikru suklastotu diplomu<\/h3>\n\n\n\n<p>Ar j\u016bs\u0173 u\u017esakymas skubus? Joki\u0173 problem\u0173! Tiesiog prane\u0161kite mums apie tai ir mes kuo grei\u010diau juo pasir\u016bpinsime. M\u016bs\u0173 pristatymo laikas \u0161ioje pramon\u0117s \u0161akoje yra grei\u010diausias.<\/p>\n\n\n\n<p>Su mumis galite sekti savo u\u017esakym\u0105. Be to, dizaino ir spausdinimo proceso metu gausite naujausi\u0105 informacij\u0105. Niekada nepaliekame j\u016bs\u0173 ne\u017einioje ir kiekviename \u017eingsnyje esate informuojami apie b\u016bkl\u0119.<\/p>\n\n\n\n<p>Taip pat si\u016blome \u017eaibi\u0161k\u0105 pristatym\u0105 (visame pasaulyje)! Pasiteiraukite m\u016bs\u0173 apie galimybes. Spustel\u0117kite <a href=\"https:\/\/buydocuments247.com\/lt\/susisiekite-su\/\">susisiekite su<\/a> arba si\u0173skite el. lai\u0161k\u0105 tiesiogiai adresu: <strong>BuyDocuments247@pm.me<\/strong><\/p>\n\n\n\n<figure class=\"wp-block-image size-full\"><img loading=\"lazy\" decoding=\"async\" width=\"600\" height=\"455\" src=\"https:\/\/buydocuments247.com\/wp-content\/uploads\/2025\/03\/valse-nep-diploma-kopen-officieel.jpg\" alt=\"suklastotas suklastotas diplomas pirkti oficialus\" class=\"wp-image-93\" srcset=\"https:\/\/buydocuments247.com\/wp-content\/uploads\/2025\/03\/valse-nep-diploma-kopen-officieel.jpg 600w, https:\/\/buydocuments247.com\/wp-content\/uploads\/2025\/03\/valse-nep-diploma-kopen-officieel-300x228.jpg 300w, https:\/\/buydocuments247.com\/wp-content\/uploads\/2025\/03\/valse-nep-diploma-kopen-officieel-16x12.jpg 16w, https:\/\/buydocuments247.com\/wp-content\/uploads\/2025\/03\/valse-nep-diploma-kopen-officieel-230x174.jpg 230w, https:\/\/buydocuments247.com\/wp-content\/uploads\/2025\/03\/valse-nep-diploma-kopen-officieel-350x265.jpg 350w, https:\/\/buydocuments247.com\/wp-content\/uploads\/2025\/03\/valse-nep-diploma-kopen-officieel-480x364.jpg 480w\" sizes=\"auto, (max-width: 600px) 100vw, 600px\" \/><\/figure>","protected":false},"excerpt":{"rendered":"<p>Diploma kopen? Uw officiele of valse diploma is nu online te koop. Een&nbsp;diploma&nbsp;kopen&nbsp;in 2025 doet u bij www.buydocuments247.com. Ons team is het [&hellip;]<\/p>\n","protected":false},"author":1,"featured_media":0,"parent":0,"menu_order":0,"comment_status":"closed","ping_status":"closed","template":"","meta":{"pagelayer_contact_templates":[],"_pagelayer_content":"","footnotes":""},"class_list":["post-24","page","type-page","status-publish","hentry"],"yoast_head":"<!-- This site is optimized with the Yoast SEO plugin v27.4 - https:\/\/yoast.com\/product\/yoast-seo-wordpress\/ -->\n<title>Diploma kopen - Buy real fake documents<\/title>\n<meta name=\"description\" content=\"Diploma kopen online met registratie. Uw officiele valse diploma is nu te koop in 2025. Betrouwbaar, officieel en reviews.\" \/>\n<meta name=\"robots\" content=\"index, follow, max-snippet:-1, max-image-preview:large, max-video-preview:-1\" \/>\n<link rel=\"canonical\" href=\"https:\/\/buydocuments247.com\/lt\/\" \/>\n<meta property=\"og:locale\" content=\"lt_LT\" \/>\n<meta property=\"og:type\" content=\"article\" \/>\n<meta property=\"og:title\" content=\"Diploma kopen - Buy real fake documents\" \/>\n<meta property=\"og:description\" content=\"Diploma kopen online met registratie. Uw officiele valse diploma is nu te koop in 2025. Betrouwbaar, officieel en reviews.\" \/>\n<meta property=\"og:url\" content=\"https:\/\/buydocuments247.com\/lt\/\" \/>\n<meta property=\"og:site_name\" content=\"Buy real fake documents\" \/>\n<meta property=\"article:modified_time\" content=\"2025-11-30T16:21:02+00:00\" \/>\n<meta property=\"og:image\" content=\"https:\/\/buydocuments247.com\/wp-content\/uploads\/2025\/03\/diploma-kopen.jpg\" \/>\n\t<meta property=\"og:image:width\" content=\"692\" \/>\n\t<meta property=\"og:image:height\" content=\"535\" \/>\n\t<meta property=\"og:image:type\" content=\"image\/jpeg\" \/>\n<meta name=\"twitter:card\" content=\"summary_large_image\" \/>\n<meta name=\"twitter:label1\" content=\"Est. reading time\" \/>\n\t<meta name=\"twitter:data1\" content=\"3 minut\u0117s\" \/>\n<script type=\"application\/ld+json\" class=\"yoast-schema-graph\">{\"@context\":\"https:\\\/\\\/schema.org\",\"@graph\":[{\"@type\":\"WebPage\",\"@id\":\"https:\\\/\\\/buydocuments247.com\\\/\",\"url\":\"https:\\\/\\\/buydocuments247.com\\\/\",\"name\":\"Diploma kopen - Buy real fake documents\",\"isPartOf\":{\"@id\":\"https:\\\/\\\/buydocuments247.com\\\/#website\"},\"primaryImageOfPage\":{\"@id\":\"https:\\\/\\\/buydocuments247.com\\\/#primaryimage\"},\"image\":{\"@id\":\"https:\\\/\\\/buydocuments247.com\\\/#primaryimage\"},\"thumbnailUrl\":\"https:\\\/\\\/buydocuments247.com\\\/wp-content\\\/uploads\\\/2025\\\/03\\\/diploma-kopen.jpg\",\"datePublished\":\"2025-03-20T13:00:38+00:00\",\"dateModified\":\"2025-11-30T16:21:02+00:00\",\"description\":\"Diploma kopen online met registratie. Uw officiele valse diploma is nu te koop in 2025. Betrouwbaar, officieel en reviews.\",\"breadcrumb\":{\"@id\":\"https:\\\/\\\/buydocuments247.com\\\/#breadcrumb\"},\"inLanguage\":\"lt-LT\",\"potentialAction\":[{\"@type\":\"ReadAction\",\"target\":[\"https:\\\/\\\/buydocuments247.com\\\/\"]}]},{\"@type\":\"ImageObject\",\"inLanguage\":\"lt-LT\",\"@id\":\"https:\\\/\\\/buydocuments247.com\\\/#primaryimage\",\"url\":\"https:\\\/\\\/buydocuments247.com\\\/wp-content\\\/uploads\\\/2025\\\/03\\\/diploma-kopen.jpg\",\"contentUrl\":\"https:\\\/\\\/buydocuments247.com\\\/wp-content\\\/uploads\\\/2025\\\/03\\\/diploma-kopen.jpg\"},{\"@type\":\"BreadcrumbList\",\"@id\":\"https:\\\/\\\/buydocuments247.com\\\/#breadcrumb\",\"itemListElement\":[{\"@type\":\"ListItem\",\"position\":1,\"name\":\"Home\",\"item\":\"https:\\\/\\\/buydocuments247.com\\\/\"},{\"@type\":\"ListItem\",\"position\":2,\"name\":\"Diploma kopen\"}]},{\"@type\":\"WebSite\",\"@id\":\"https:\\\/\\\/buydocuments247.com\\\/#website\",\"url\":\"https:\\\/\\\/buydocuments247.com\\\/\",\"name\":\"Buy real fake documents\",\"description\":\"Want to buy real and fake documents online? Diploma, driving license and more.\",\"potentialAction\":[{\"@type\":\"SearchAction\",\"target\":{\"@type\":\"EntryPoint\",\"urlTemplate\":\"https:\\\/\\\/buydocuments247.com\\\/?s={search_term_string}\"},\"query-input\":{\"@type\":\"PropertyValueSpecification\",\"valueRequired\":true,\"valueName\":\"search_term_string\"}}],\"inLanguage\":\"lt-LT\"}]}<\/script>\n<!-- \/ Yoast SEO plugin. -->","yoast_head_json":{"title":"Pirkti diplom\u0105 - Pirkti tikrus suklastotus dokumentus","description":"\u012esigykite diplom\u0105 internetu ir u\u017esiregistruokite. Dabar j\u016bs\u0173 oficialus suklastotas diplomas parduodamas 2025 m. Patikimas, oficialus ir atsiliepimai.","robots":{"index":"index","follow":"follow","max-snippet":"max-snippet:-1","max-image-preview":"max-image-preview:large","max-video-preview":"max-video-preview:-1"},"canonical":"https:\/\/buydocuments247.com\/lt\/","og_locale":"lt_LT","og_type":"article","og_title":"Diploma kopen - Buy real fake documents","og_description":"Diploma kopen online met registratie. Uw officiele valse diploma is nu te koop in 2025. Betrouwbaar, officieel en reviews.","og_url":"https:\/\/buydocuments247.com\/lt\/","og_site_name":"Buy real fake documents","article_modified_time":"2025-11-30T16:21:02+00:00","og_image":[{"width":692,"height":535,"url":"https:\/\/buydocuments247.com\/wp-content\/uploads\/2025\/03\/diploma-kopen.jpg","type":"image\/jpeg"}],"twitter_card":"summary_large_image","twitter_misc":{"Est. reading time":"3 minut\u0117s"},"schema":{"@context":"https:\/\/schema.org","@graph":[{"@type":"WebPage","@id":"https:\/\/buydocuments247.com\/","url":"https:\/\/buydocuments247.com\/","name":"Pirkti diplom\u0105 - Pirkti tikrus suklastotus dokumentus","isPartOf":{"@id":"https:\/\/buydocuments247.com\/#website"},"primaryImageOfPage":{"@id":"https:\/\/buydocuments247.com\/#primaryimage"},"image":{"@id":"https:\/\/buydocuments247.com\/#primaryimage"},"thumbnailUrl":"https:\/\/buydocuments247.com\/wp-content\/uploads\/2025\/03\/diploma-kopen.jpg","datePublished":"2025-03-20T13:00:38+00:00","dateModified":"2025-11-30T16:21:02+00:00","description":"\u012esigykite diplom\u0105 internetu ir u\u017esiregistruokite. Dabar j\u016bs\u0173 oficialus suklastotas diplomas parduodamas 2025 m. Patikimas, oficialus ir atsiliepimai.","breadcrumb":{"@id":"https:\/\/buydocuments247.com\/#breadcrumb"},"inLanguage":"lt-LT","potentialAction":[{"@type":"ReadAction","target":["https:\/\/buydocuments247.com\/"]}]},{"@type":"ImageObject","inLanguage":"lt-LT","@id":"https:\/\/buydocuments247.com\/#primaryimage","url":"https:\/\/buydocuments247.com\/wp-content\/uploads\/2025\/03\/diploma-kopen.jpg","contentUrl":"https:\/\/buydocuments247.com\/wp-content\/uploads\/2025\/03\/diploma-kopen.jpg"},{"@type":"BreadcrumbList","@id":"https:\/\/buydocuments247.com\/#breadcrumb","itemListElement":[{"@type":"ListItem","position":1,"name":"Home","item":"https:\/\/buydocuments247.com\/"},{"@type":"ListItem","position":2,"name":"Diploma kopen"}]},{"@type":"WebSite","@id":"https:\/\/buydocuments247.com\/#website","url":"https:\/\/buydocuments247.com\/","name":"Pirkti tikrus suklastotus dokumentus","description":"Norite \u012fsigyti tikrus ir padirbtus dokumentus internetu? Diplom\u0105, vairuotojo pa\u017eym\u0117jim\u0105 ir dar daugiau.","potentialAction":[{"@type":"SearchAction","target":{"@type":"EntryPoint","urlTemplate":"https:\/\/buydocuments247.com\/?s={search_term_string}"},"query-input":{"@type":"PropertyValueSpecification","valueRequired":true,"valueName":"search_term_string"}}],"inLanguage":"lt-LT"}]}},"_links":{"self":[{"href":"https:\/\/buydocuments247.com\/lt\/wp-json\/wp\/v2\/pages\/24","targetHints":{"allow":["GET"]}}],"collection":[{"href":"https:\/\/buydocuments247.com\/lt\/wp-json\/wp\/v2\/pages"}],"about":[{"href":"https:\/\/buydocuments247.com\/lt\/wp-json\/wp\/v2\/types\/page"}],"author":[{"embeddable":true,"href":"https:\/\/buydocuments247.com\/lt\/wp-json\/wp\/v2\/users\/1"}],"replies":[{"embeddable":true,"href":"https:\/\/buydocuments247.com\/lt\/wp-json\/wp\/v2\/comments?post=24"}],"version-history":[{"count":16,"href":"https:\/\/buydocuments247.com\/lt\/wp-json\/wp\/v2\/pages\/24\/revisions"}],"predecessor-version":[{"id":112,"href":"https:\/\/buydocuments247.com\/lt\/wp-json\/wp\/v2\/pages\/24\/revisions\/112"}],"wp:attachment":[{"href":"https:\/\/buydocuments247.com\/lt\/wp-json\/wp\/v2\/media?parent=24"}],"curies":[{"name":"wp","href":"https:\/\/api.w.org\/{rel}","templated":true}]}}