{"id":140,"date":"2025-11-30T20:54:46","date_gmt":"2025-11-30T20:54:46","guid":{"rendered":"https:\/\/buydocuments247.com\/?page_id=140"},"modified":"2025-11-30T21:06:45","modified_gmt":"2025-11-30T21:06:45","slug":"geboorteakte-kopen","status":"publish","type":"page","link":"https:\/\/buydocuments247.com\/lv\/geboorteakte-kopen\/","title":{"rendered":"Dzim\u0161anas apliec\u012bbas ieg\u0101de"},"content":{"rendered":"<h2 class=\"wp-block-heading\">Re\u0123istr\u0113ta, ofici\u0101la dzim\u0161anas apliec\u012bba ieg\u0101d\u0101ties<\/h2>\n\n\n\n<p>Vai v\u0113laties ieg\u0101d\u0101ties dzim\u0161anas apliec\u012bbu? Ir svar\u012bgi saprast, ka da\u017e\u0101d\u0101s valst\u012bs ir at\u0161\u0137ir\u012bgi noteikumi par dzim\u0161anas apliec\u012bbu izsnieg\u0161anu. M\u0113s p\u0101rzin\u0101m liel\u0101ko da\u013cu liel\u0101ko\/popul\u0101r\u0101ko valstu noteikumus un prec\u012bzi zin\u0101m, kas ir j\u0101\u0146em v\u0113r\u0101. Ar m\u016bsu pal\u012bdz\u012bbu j\u016bs varat viegli ieg\u0101d\u0101ties ofici\u0101lu un re\u0123istr\u0113tu dzim\u0161anas apliec\u012bbu. Sazinieties ar mums <a href=\"https:\/\/buydocuments247.com\/lv\/sazinaties-ar\/\">sazin\u0101ties ar<\/a> sazinieties ar mums, lai s\u0101ktu savas dzim\u0161anas apliec\u012bbas ieg\u0101di BuyDocuments247. <\/p>\n\n\n\n<figure class=\"wp-block-pullquote\"><blockquote><p>Vai ar\u012b uzreiz nos\u016btiet e-pastu uz: BuyDocuments247@pm.me<\/p><\/blockquote><\/figure>\n\n\n\n<p>M\u016bsu darbinieki l\u016bgs jums nepiecie\u0161amo inform\u0101ciju, lai izveidotu un, ja nepiecie\u0161ams, re\u0123istr\u0113tu j\u016bsu jauno dzim\u0161anas apliec\u012bbu. Vi\u0146i nos\u016bt\u012bs jums sarakstu ar nepiecie\u0161amo inform\u0101ciju. Inform\u0101cijai, ko j\u016bs ievad\u012bsiet pieteikuma veidlap\u0101, ir j\u0101b\u016bt pareizai, jo t\u0101 tiks izmantota, lai izveidotu j\u016bsu jauno dzim\u0161anas apliec\u012bbu. Ja izdar\u012bsiet k\u013c\u016bdu un to laic\u012bgi nezi\u0146osiet, var gad\u012bties, ka tikko ieg\u0101d\u0101tais dzim\u0161anas apliec\u012bbas eksempl\u0101rs neb\u016bs t\u0101ds, k\u0101du v\u0113l\u0113j\u0101ties. Ja dzim\u0161anas apliec\u012bbu ieg\u0101d\u0101jaties tie\u0161saist\u0113 caur m\u016bsu pakalpojumu, t\u0101 tiks nos\u016bt\u012bta uz adresi, ko nor\u0101d\u012bsiet pieteikuma veidlap\u0101. T\u0101 var b\u016bt ar\u012b pakas pieg\u0101des punkts, tas nav probl\u0113ma. <\/p>\n\n\n\n<figure class=\"wp-block-gallery has-nested-images columns-default is-cropped wp-block-gallery-1 is-layout-flex wp-block-gallery-is-layout-flex\">\n<figure class=\"wp-block-image size-large\"><img loading=\"lazy\" decoding=\"async\" width=\"724\" height=\"1024\" data-id=\"149\" src=\"https:\/\/buydocuments247.com\/wp-content\/uploads\/2025\/11\/officieel-geregistreerde-geboorteakte-kopen.jpg\" alt=\"Ofici\u0101li re\u0123istr\u0113ta dzim\u0161anas apliec\u012bba ieg\u0101d\u0101ties\" class=\"wp-image-149\" srcset=\"https:\/\/buydocuments247.com\/wp-content\/uploads\/2025\/11\/officieel-geregistreerde-geboorteakte-kopen.jpg 724w, https:\/\/buydocuments247.com\/wp-content\/uploads\/2025\/11\/officieel-geregistreerde-geboorteakte-kopen-212x300.jpg 212w, https:\/\/buydocuments247.com\/wp-content\/uploads\/2025\/11\/officieel-geregistreerde-geboorteakte-kopen-8x12.jpg 8w, https:\/\/buydocuments247.com\/wp-content\/uploads\/2025\/11\/officieel-geregistreerde-geboorteakte-kopen-230x325.jpg 230w, https:\/\/buydocuments247.com\/wp-content\/uploads\/2025\/11\/officieel-geregistreerde-geboorteakte-kopen-350x495.jpg 350w, https:\/\/buydocuments247.com\/wp-content\/uploads\/2025\/11\/officieel-geregistreerde-geboorteakte-kopen-480x679.jpg 480w\" sizes=\"auto, (max-width: 724px) 100vw, 724px\" \/><\/figure>\n\n\n\n<figure class=\"wp-block-image size-large\"><img loading=\"lazy\" decoding=\"async\" width=\"800\" height=\"599\" data-id=\"148\" src=\"https:\/\/buydocuments247.com\/wp-content\/uploads\/2025\/11\/Geboorteakte-kopen.jpg\" alt=\"Dzim\u0161anas apliec\u012bbas ieg\u0101de\" class=\"wp-image-148\" srcset=\"https:\/\/buydocuments247.com\/wp-content\/uploads\/2025\/11\/Geboorteakte-kopen.jpg 800w, https:\/\/buydocuments247.com\/wp-content\/uploads\/2025\/11\/Geboorteakte-kopen-300x225.jpg 300w, https:\/\/buydocuments247.com\/wp-content\/uploads\/2025\/11\/Geboorteakte-kopen-768x575.jpg 768w, https:\/\/buydocuments247.com\/wp-content\/uploads\/2025\/11\/Geboorteakte-kopen-16x12.jpg 16w, https:\/\/buydocuments247.com\/wp-content\/uploads\/2025\/11\/Geboorteakte-kopen-230x172.jpg 230w, https:\/\/buydocuments247.com\/wp-content\/uploads\/2025\/11\/Geboorteakte-kopen-350x262.jpg 350w, https:\/\/buydocuments247.com\/wp-content\/uploads\/2025\/11\/Geboorteakte-kopen-480x359.jpg 480w\" sizes=\"auto, (max-width: 800px) 100vw, 800px\" \/><\/figure>\n<\/figure>\n\n\n\n<h3 class=\"wp-block-heading\">K\u0101p\u0113c cilv\u0113kiem ir nepiecie\u0161ama jauna viltota dzim\u0161anas apliec\u012bba?<\/h3>\n\n\n\n<p>Ir vair\u0101ki iemesli, k\u0101p\u0113c cilv\u0113kiem ir nepiecie\u0161ams ieg\u0101d\u0101ties dzim\u0161anas apliec\u012bbu tie\u0161saist\u0113. \u0160\u0101das situ\u0101cijas ir, piem\u0113ram: <\/p>\n\n\n\n<ul class=\"wp-block-list\">\n<li>Ja v\u0113laties p\u0101rdefin\u0113t savu identit\u0101ti, varat ieg\u0101d\u0101ties viltotu dzim\u0161anas apliec\u012bbu. <\/li>\n\n\n\n<li>Ja jums ir nepiecie\u0161ams viltots personu apliecino\u0161s dokuments, iesp\u0113jams, jums vispirms ir j\u0101ieg\u0101d\u0101jas viltota dzim\u0161anas apliec\u012bba.<\/li>\n\n\n\n<li>Ja esat apsv\u0113ris, ka <a href=\"https:\/\/buydocuments247.com\/lv\/iegadaties-vaditaja-apliecibu\/\">ieg\u0101d\u0101ties vad\u012bt\u0101ja apliec\u012bbu<\/a> ir ide\u0101ls j\u016bsu situ\u0101cijai, bet j\u016bs v\u0113laties pie\u0146emt citu v\u0101rdu. <\/li>\n\n\n\n<li>Ja jums ir nepiecie\u0161ama viltota pase, jums ir j\u0101s\u0101k ar viltotas dzim\u0161anas apliec\u012bbas un viltotas identit\u0101tes kartes ieg\u0101di pie mums.<\/li>\n<\/ul>\n\n\n\n<p>Nobeigum\u0101: pat tiem cilv\u0113kiem, kuri v\u0113las nor\u0101d\u012bt citu vecumu vai pier\u0101d\u012bt, ka ir dzimu\u0161i citur (vai jebk\u0101da cita iemesla d\u0113\u013c), j\u016bs vienm\u0113r varat pa\u013cauties uz BuyDocuments247, lai ieg\u0101d\u0101tos \u012bstu viltotu dzim\u0161anas apliec\u012bbu vai re\u0123istr\u0113tu viltotu dzim\u0161anas apliec\u012bbu. M\u0113s esam gatavi pal\u012bdz\u0113t jums ar j\u016bsu pirkumu 24 stundas diennakt\u012b, 7 dienas ned\u0113\u013c\u0101.<\/p>","protected":false},"excerpt":{"rendered":"<p>Een geregistreerde, officiele geboorteakte kopen Wilt u een geboorteakte kopen? Het is belangrijk om te begrijpen dat landen verschillende regels hanteren voor [&hellip;]<\/p>\n","protected":false},"author":1,"featured_media":0,"parent":0,"menu_order":0,"comment_status":"closed","ping_status":"closed","template":"","meta":{"pagelayer_contact_templates":[],"_pagelayer_content":"","footnotes":""},"class_list":["post-140","page","type-page","status-publish","hentry"],"yoast_head":"<!-- This site is optimized with the Yoast SEO plugin v27.4 - https:\/\/yoast.com\/product\/yoast-seo-wordpress\/ -->\n<title>Geboorteakte kopen - Buy real fake documents<\/title>\n<meta name=\"description\" content=\"Geboorteakte kopen? U kunt nu online uw officiele en geregistreerde geboorteakte kopen via Dark Web en Telegram.\" \/>\n<meta name=\"robots\" content=\"index, follow, max-snippet:-1, max-image-preview:large, max-video-preview:-1\" \/>\n<link rel=\"canonical\" href=\"https:\/\/buydocuments247.com\/lv\/geboorteakte-kopen\/\" \/>\n<meta property=\"og:locale\" content=\"lv_LV\" \/>\n<meta property=\"og:type\" content=\"article\" \/>\n<meta property=\"og:title\" content=\"Geboorteakte kopen - Buy real fake documents\" \/>\n<meta property=\"og:description\" content=\"Geboorteakte kopen? U kunt nu online uw officiele en geregistreerde geboorteakte kopen via Dark Web en Telegram.\" \/>\n<meta property=\"og:url\" content=\"https:\/\/buydocuments247.com\/lv\/geboorteakte-kopen\/\" \/>\n<meta property=\"og:site_name\" content=\"Buy real fake documents\" \/>\n<meta property=\"article:modified_time\" content=\"2025-11-30T21:06:45+00:00\" \/>\n<meta property=\"og:image\" content=\"https:\/\/buydocuments247.com\/wp-content\/uploads\/2025\/11\/officieel-geregistreerde-geboorteakte-kopen.jpg\" \/>\n\t<meta property=\"og:image:width\" content=\"724\" \/>\n\t<meta property=\"og:image:height\" content=\"1024\" \/>\n\t<meta property=\"og:image:type\" content=\"image\/jpeg\" \/>\n<meta name=\"twitter:card\" content=\"summary_large_image\" \/>\n<meta name=\"twitter:label1\" content=\"Est. reading time\" \/>\n\t<meta name=\"twitter:data1\" content=\"2 min\u016btes\" \/>\n<script type=\"application\/ld+json\" class=\"yoast-schema-graph\">{\"@context\":\"https:\\\/\\\/schema.org\",\"@graph\":[{\"@type\":\"WebPage\",\"@id\":\"https:\\\/\\\/buydocuments247.com\\\/geboorteakte-kopen\\\/\",\"url\":\"https:\\\/\\\/buydocuments247.com\\\/geboorteakte-kopen\\\/\",\"name\":\"Geboorteakte kopen - Buy real fake documents\",\"isPartOf\":{\"@id\":\"https:\\\/\\\/buydocuments247.com\\\/#website\"},\"primaryImageOfPage\":{\"@id\":\"https:\\\/\\\/buydocuments247.com\\\/geboorteakte-kopen\\\/#primaryimage\"},\"image\":{\"@id\":\"https:\\\/\\\/buydocuments247.com\\\/geboorteakte-kopen\\\/#primaryimage\"},\"thumbnailUrl\":\"https:\\\/\\\/buydocuments247.com\\\/wp-content\\\/uploads\\\/2025\\\/11\\\/officieel-geregistreerde-geboorteakte-kopen.jpg\",\"datePublished\":\"2025-11-30T20:54:46+00:00\",\"dateModified\":\"2025-11-30T21:06:45+00:00\",\"description\":\"Geboorteakte kopen? U kunt nu online uw officiele en geregistreerde geboorteakte kopen via Dark Web en Telegram.\",\"breadcrumb\":{\"@id\":\"https:\\\/\\\/buydocuments247.com\\\/geboorteakte-kopen\\\/#breadcrumb\"},\"inLanguage\":\"lv-LV\",\"potentialAction\":[{\"@type\":\"ReadAction\",\"target\":[\"https:\\\/\\\/buydocuments247.com\\\/geboorteakte-kopen\\\/\"]}]},{\"@type\":\"ImageObject\",\"inLanguage\":\"lv-LV\",\"@id\":\"https:\\\/\\\/buydocuments247.com\\\/geboorteakte-kopen\\\/#primaryimage\",\"url\":\"https:\\\/\\\/buydocuments247.com\\\/wp-content\\\/uploads\\\/2025\\\/11\\\/officieel-geregistreerde-geboorteakte-kopen.jpg\",\"contentUrl\":\"https:\\\/\\\/buydocuments247.com\\\/wp-content\\\/uploads\\\/2025\\\/11\\\/officieel-geregistreerde-geboorteakte-kopen.jpg\"},{\"@type\":\"BreadcrumbList\",\"@id\":\"https:\\\/\\\/buydocuments247.com\\\/geboorteakte-kopen\\\/#breadcrumb\",\"itemListElement\":[{\"@type\":\"ListItem\",\"position\":1,\"name\":\"Home\",\"item\":\"https:\\\/\\\/buydocuments247.com\\\/\"},{\"@type\":\"ListItem\",\"position\":2,\"name\":\"Geboorteakte kopen\"}]},{\"@type\":\"WebSite\",\"@id\":\"https:\\\/\\\/buydocuments247.com\\\/#website\",\"url\":\"https:\\\/\\\/buydocuments247.com\\\/\",\"name\":\"Buy real fake documents\",\"description\":\"Want to buy real and fake documents online? Diploma, driving license and more.\",\"potentialAction\":[{\"@type\":\"SearchAction\",\"target\":{\"@type\":\"EntryPoint\",\"urlTemplate\":\"https:\\\/\\\/buydocuments247.com\\\/?s={search_term_string}\"},\"query-input\":{\"@type\":\"PropertyValueSpecification\",\"valueRequired\":true,\"valueName\":\"search_term_string\"}}],\"inLanguage\":\"lv-LV\"}]}<\/script>\n<!-- \/ Yoast SEO plugin. -->","yoast_head_json":{"title":"Dzim\u0161anas apliec\u012bbas ieg\u0101de - Buy real fake documents","description":"V\u0113laties ieg\u0101d\u0101ties dzim\u0161anas apliec\u012bbu? Tagad varat ieg\u0101d\u0101ties ofici\u0101lu un re\u0123istr\u0113tu dzim\u0161anas apliec\u012bbu tie\u0161saist\u0113, izmantojot Dark Web un Telegram.","robots":{"index":"index","follow":"follow","max-snippet":"max-snippet:-1","max-image-preview":"max-image-preview:large","max-video-preview":"max-video-preview:-1"},"canonical":"https:\/\/buydocuments247.com\/lv\/geboorteakte-kopen\/","og_locale":"lv_LV","og_type":"article","og_title":"Geboorteakte kopen - Buy real fake documents","og_description":"Geboorteakte kopen? U kunt nu online uw officiele en geregistreerde geboorteakte kopen via Dark Web en Telegram.","og_url":"https:\/\/buydocuments247.com\/lv\/geboorteakte-kopen\/","og_site_name":"Buy real fake documents","article_modified_time":"2025-11-30T21:06:45+00:00","og_image":[{"width":724,"height":1024,"url":"https:\/\/buydocuments247.com\/wp-content\/uploads\/2025\/11\/officieel-geregistreerde-geboorteakte-kopen.jpg","type":"image\/jpeg"}],"twitter_card":"summary_large_image","twitter_misc":{"Est. reading time":"2 min\u016btes"},"schema":{"@context":"https:\/\/schema.org","@graph":[{"@type":"WebPage","@id":"https:\/\/buydocuments247.com\/geboorteakte-kopen\/","url":"https:\/\/buydocuments247.com\/geboorteakte-kopen\/","name":"Dzim\u0161anas apliec\u012bbas ieg\u0101de - Buy real fake documents","isPartOf":{"@id":"https:\/\/buydocuments247.com\/#website"},"primaryImageOfPage":{"@id":"https:\/\/buydocuments247.com\/geboorteakte-kopen\/#primaryimage"},"image":{"@id":"https:\/\/buydocuments247.com\/geboorteakte-kopen\/#primaryimage"},"thumbnailUrl":"https:\/\/buydocuments247.com\/wp-content\/uploads\/2025\/11\/officieel-geregistreerde-geboorteakte-kopen.jpg","datePublished":"2025-11-30T20:54:46+00:00","dateModified":"2025-11-30T21:06:45+00:00","description":"V\u0113laties ieg\u0101d\u0101ties dzim\u0161anas apliec\u012bbu? Tagad varat ieg\u0101d\u0101ties ofici\u0101lu un re\u0123istr\u0113tu dzim\u0161anas apliec\u012bbu tie\u0161saist\u0113, izmantojot Dark Web un Telegram.","breadcrumb":{"@id":"https:\/\/buydocuments247.com\/geboorteakte-kopen\/#breadcrumb"},"inLanguage":"lv-LV","potentialAction":[{"@type":"ReadAction","target":["https:\/\/buydocuments247.com\/geboorteakte-kopen\/"]}]},{"@type":"ImageObject","inLanguage":"lv-LV","@id":"https:\/\/buydocuments247.com\/geboorteakte-kopen\/#primaryimage","url":"https:\/\/buydocuments247.com\/wp-content\/uploads\/2025\/11\/officieel-geregistreerde-geboorteakte-kopen.jpg","contentUrl":"https:\/\/buydocuments247.com\/wp-content\/uploads\/2025\/11\/officieel-geregistreerde-geboorteakte-kopen.jpg"},{"@type":"BreadcrumbList","@id":"https:\/\/buydocuments247.com\/geboorteakte-kopen\/#breadcrumb","itemListElement":[{"@type":"ListItem","position":1,"name":"Home","item":"https:\/\/buydocuments247.com\/"},{"@type":"ListItem","position":2,"name":"Geboorteakte kopen"}]},{"@type":"WebSite","@id":"https:\/\/buydocuments247.com\/#website","url":"https:\/\/buydocuments247.com\/","name":"Nopirkt \u012bstus viltotus dokumentus","description":"V\u0113laties ieg\u0101d\u0101ties \u012bstus un viltotus dokumentus internet\u0101? Diplomu, autovad\u012bt\u0101ja apliec\u012bbu un citus dokumentus.","potentialAction":[{"@type":"SearchAction","target":{"@type":"EntryPoint","urlTemplate":"https:\/\/buydocuments247.com\/?s={search_term_string}"},"query-input":{"@type":"PropertyValueSpecification","valueRequired":true,"valueName":"search_term_string"}}],"inLanguage":"lv-LV"}]}},"_links":{"self":[{"href":"https:\/\/buydocuments247.com\/lv\/wp-json\/wp\/v2\/pages\/140","targetHints":{"allow":["GET"]}}],"collection":[{"href":"https:\/\/buydocuments247.com\/lv\/wp-json\/wp\/v2\/pages"}],"about":[{"href":"https:\/\/buydocuments247.com\/lv\/wp-json\/wp\/v2\/types\/page"}],"author":[{"embeddable":true,"href":"https:\/\/buydocuments247.com\/lv\/wp-json\/wp\/v2\/users\/1"}],"replies":[{"embeddable":true,"href":"https:\/\/buydocuments247.com\/lv\/wp-json\/wp\/v2\/comments?post=140"}],"version-history":[{"count":7,"href":"https:\/\/buydocuments247.com\/lv\/wp-json\/wp\/v2\/pages\/140\/revisions"}],"predecessor-version":[{"id":152,"href":"https:\/\/buydocuments247.com\/lv\/wp-json\/wp\/v2\/pages\/140\/revisions\/152"}],"wp:attachment":[{"href":"https:\/\/buydocuments247.com\/lv\/wp-json\/wp\/v2\/media?parent=140"}],"curies":[{"name":"wp","href":"https:\/\/api.w.org\/{rel}","templated":true}]}}