{"id":24,"date":"2025-03-20T13:00:38","date_gmt":"2025-03-20T13:00:38","guid":{"rendered":"https:\/\/buydocuments247.com\/?page_id=24"},"modified":"2025-11-30T16:21:02","modified_gmt":"2025-11-30T16:21:02","slug":"diploma-kopen","status":"publish","type":"page","link":"https:\/\/buydocuments247.com\/nb\/","title":{"rendered":"Kj\u00f8p diplom"},"content":{"rendered":"<h2 class=\"wp-block-heading\">Kj\u00f8pe vitnem\u00e5l? Ditt offisielle eller falske vitnem\u00e5l kan n\u00e5 kj\u00f8pes p\u00e5 nettet.<\/h2>\n\n\n\n<p>A&nbsp;<strong>kj\u00f8pe et diplom&nbsp;<\/strong>i 2025 gj\u00f8res p\u00e5 www.buydocuments247.com. Teamet v\u00e5rt er det mest p\u00e5litelige av alle leverand\u00f8rer med mer enn 10 \u00e5rs erfaring. Hos oss kan du bestille mange forskjellige typer vitnem\u00e5l (med registrering). Vi spesialiserer oss p\u00e5 vitnem\u00e5l fra forskjellige land, s\u00e5 vi garanterer \u00e5 levere den h\u00f8yeste kvaliteten. <\/p>\n\n\n\n<p>Det er bra for deg at du har kommet til nettstedet v\u00e5rt fordi vi er nummer \u00e9n i markedet. Her kan du kj\u00f8pe vitnem\u00e5let ditt inkludert registrering. Som et resultat vil du ha et idiotsikkert vitnem\u00e5l som lar deg gj\u00f8re hva du m\u00e5tte \u00f8nske. <\/p>\n\n\n\n<p>Er du spesielt ute etter en bestemt grad? Eller trenger du hjelp til \u00e5 finne ut hva du trenger? Ta <a href=\"https:\/\/buydocuments247.com\/nb\/kontakt\/\">kontakt<\/a> p\u00e5, eller send en e-post umiddelbart til: <strong>BuyDocuments247@pm.me<\/strong><\/p>\n\n\n\n<figure class=\"wp-block-image size-full\"><img loading=\"lazy\" decoding=\"async\" width=\"692\" height=\"535\" src=\"https:\/\/buydocuments247.com\/wp-content\/uploads\/2025\/03\/diploma-kopen.jpg\" alt=\"kj\u00f8pe et vitnem\u00e5l\" class=\"wp-image-94\" srcset=\"https:\/\/buydocuments247.com\/wp-content\/uploads\/2025\/03\/diploma-kopen.jpg 692w, https:\/\/buydocuments247.com\/wp-content\/uploads\/2025\/03\/diploma-kopen-300x232.jpg 300w, https:\/\/buydocuments247.com\/wp-content\/uploads\/2025\/03\/diploma-kopen-16x12.jpg 16w, https:\/\/buydocuments247.com\/wp-content\/uploads\/2025\/03\/diploma-kopen-230x178.jpg 230w, https:\/\/buydocuments247.com\/wp-content\/uploads\/2025\/03\/diploma-kopen-350x271.jpg 350w, https:\/\/buydocuments247.com\/wp-content\/uploads\/2025\/03\/diploma-kopen-480x371.jpg 480w\" sizes=\"auto, (max-width: 692px) 100vw, 692px\" \/><\/figure>\n\n\n\n<h2 class=\"wp-block-heading\">Om oss<\/h2>\n\n\n\n<p><a href=\"https:\/\/buydocuments247.com\/nb\/\">BuyDocuments247<\/a> lager de beste falske falske vitnem\u00e5lene p\u00e5 nettet med et team best\u00e5ende av de beste vitnem\u00e5lsprodusentene i verden. Vi har spesialister over hele verden. Med mange \u00e5rs erfaring har v\u00e5rt erfarne designteam spesialisert seg p\u00e5 \u00e5 lage falske vitnem\u00e5l og grader\/sertifikater for tusenvis av videreg\u00e5ende skoler, h\u00f8yskoler og universiteter fra hele verden med forbl\u00f8ffende n\u00f8yaktighet. \u00c5 kj\u00f8pe en bachelor- eller mastergrad er virkelig mulig i disse dager. Vi er ikke ansvarlige for hva du gj\u00f8r med vitnem\u00e5let.<\/p>\n\n\n\n<h3 class=\"wp-block-heading\">Hvorfor kj\u00f8pe et vitnem\u00e5l hos BuyDocuments247?<\/h3>\n\n\n\n<p>De fleste av v\u00e5re forn\u00f8yde kunder var desperate etter en grad. Det kan v\u00e6re flere grunner til dette. Noen vitnem\u00e5l trenger erstatning, eller kunden har mistet eller skadet vitnem\u00e5let sitt. Det er det vi eksisterer for, vi er klare til \u00e5 hjelpe deg 24\/7 365 dager i \u00e5ret! Vi har mange erfaringer, anmeldelser og attester fra kunder som \u00f8nsket \u00e5 kj\u00f8pe et vitnem\u00e5l.<\/p>\n\n\n\n<p>Hvis du skylder skolen penger, skolen din er stengt, data har g\u00e5tt tapt, du vil lure venner og familie, du trenger en kopi av vitnem\u00e5let ditt for \u00e5 jobbe, du ikke har klart \u00e5 fullf\u00f8re utdanningen din eller teknologien har gjort informasjonen din utdatert og utilgjengelig, har du kommet til rett sted.<\/p>\n\n\n\n<p>Vi er best - over hele verden - p\u00e5 forfalskning og erstatning av falske vitnem\u00e5l. Bli en vinner du ogs\u00e5 og velg oss. Du kan v\u00e6re trygg p\u00e5 at dine behov vil bli oppfylt og dine forventninger vil bli overg\u00e5tt av v\u00e5rt overlegne produkt, utmerkede kvalitet og kundeservice som er av h\u00f8yeste kvalitet.<\/p>\n\n\n\n<figure class=\"wp-block-image size-large\"><img loading=\"lazy\" decoding=\"async\" width=\"1024\" height=\"577\" src=\"https:\/\/buydocuments247.com\/wp-content\/uploads\/2025\/03\/diploma-kopen-ervaringen-reviews-getuigenissen-1024x577.png\" alt=\"kj\u00f8p vitnem\u00e5l erfaringer anmeldelser attester\" class=\"wp-image-92\" srcset=\"https:\/\/buydocuments247.com\/wp-content\/uploads\/2025\/03\/diploma-kopen-ervaringen-reviews-getuigenissen-1024x577.png 1024w, https:\/\/buydocuments247.com\/wp-content\/uploads\/2025\/03\/diploma-kopen-ervaringen-reviews-getuigenissen-300x169.png 300w, https:\/\/buydocuments247.com\/wp-content\/uploads\/2025\/03\/diploma-kopen-ervaringen-reviews-getuigenissen-768x433.png 768w, https:\/\/buydocuments247.com\/wp-content\/uploads\/2025\/03\/diploma-kopen-ervaringen-reviews-getuigenissen-1536x865.png 1536w, https:\/\/buydocuments247.com\/wp-content\/uploads\/2025\/03\/diploma-kopen-ervaringen-reviews-getuigenissen-18x10.png 18w, https:\/\/buydocuments247.com\/wp-content\/uploads\/2025\/03\/diploma-kopen-ervaringen-reviews-getuigenissen-1000x563.png 1000w, https:\/\/buydocuments247.com\/wp-content\/uploads\/2025\/03\/diploma-kopen-ervaringen-reviews-getuigenissen-230x130.png 230w, https:\/\/buydocuments247.com\/wp-content\/uploads\/2025\/03\/diploma-kopen-ervaringen-reviews-getuigenissen-350x197.png 350w, https:\/\/buydocuments247.com\/wp-content\/uploads\/2025\/03\/diploma-kopen-ervaringen-reviews-getuigenissen-480x270.png 480w, https:\/\/buydocuments247.com\/wp-content\/uploads\/2025\/03\/diploma-kopen-ervaringen-reviews-getuigenissen.png 1640w\" sizes=\"auto, (max-width: 1024px) 100vw, 1024px\" \/><\/figure>\n\n\n\n<h3 class=\"wp-block-heading\">Ordne raskt ditt falske falske vitnem\u00e5l<\/h3>\n\n\n\n<p>Har du hastverk med bestillingen? Ikke noe problem i det hele tatt! Bare gi oss beskjed, s\u00e5 ordner vi det for deg s\u00e5 snart som mulig. Vi har den raskeste leveringstiden i denne bransjen.<\/p>\n\n\n\n<p>Hos oss kan du spore bestillingen din. Du vil ogs\u00e5 motta oppdateringer underveis i design- og trykkprosessen. Vi lar deg aldri v\u00e6re i uvisshet, og du blir informert om status i hvert eneste trinn.<\/p>\n\n\n\n<p>Vi tilbyr ogs\u00e5 lynrask frakt (over hele verden)! Sp\u00f8r oss om mulighetene. Klikk p\u00e5 <a href=\"https:\/\/buydocuments247.com\/nb\/kontakt\/\">kontakt<\/a> eller send en e-post direkte til: <strong>BuyDocuments247@pm.me<\/strong><\/p>\n\n\n\n<figure class=\"wp-block-image size-full\"><img loading=\"lazy\" decoding=\"async\" width=\"600\" height=\"455\" src=\"https:\/\/buydocuments247.com\/wp-content\/uploads\/2025\/03\/valse-nep-diploma-kopen-officieel.jpg\" alt=\"falske falske vitnem\u00e5l kj\u00f8pe offisielle\" class=\"wp-image-93\" srcset=\"https:\/\/buydocuments247.com\/wp-content\/uploads\/2025\/03\/valse-nep-diploma-kopen-officieel.jpg 600w, https:\/\/buydocuments247.com\/wp-content\/uploads\/2025\/03\/valse-nep-diploma-kopen-officieel-300x228.jpg 300w, https:\/\/buydocuments247.com\/wp-content\/uploads\/2025\/03\/valse-nep-diploma-kopen-officieel-16x12.jpg 16w, https:\/\/buydocuments247.com\/wp-content\/uploads\/2025\/03\/valse-nep-diploma-kopen-officieel-230x174.jpg 230w, https:\/\/buydocuments247.com\/wp-content\/uploads\/2025\/03\/valse-nep-diploma-kopen-officieel-350x265.jpg 350w, https:\/\/buydocuments247.com\/wp-content\/uploads\/2025\/03\/valse-nep-diploma-kopen-officieel-480x364.jpg 480w\" sizes=\"auto, (max-width: 600px) 100vw, 600px\" \/><\/figure>","protected":false},"excerpt":{"rendered":"<p>Diploma kopen? Uw officiele of valse diploma is nu online te koop. Een&nbsp;diploma&nbsp;kopen&nbsp;in 2025 doet u bij www.buydocuments247.com. Ons team is het [&hellip;]<\/p>\n","protected":false},"author":1,"featured_media":0,"parent":0,"menu_order":0,"comment_status":"closed","ping_status":"closed","template":"","meta":{"pagelayer_contact_templates":[],"_pagelayer_content":"","footnotes":""},"class_list":["post-24","page","type-page","status-publish","hentry"],"yoast_head":"<!-- This site is optimized with the Yoast SEO plugin v27.4 - https:\/\/yoast.com\/product\/yoast-seo-wordpress\/ -->\n<title>Diploma kopen - Buy real fake documents<\/title>\n<meta name=\"description\" content=\"Diploma kopen online met registratie. Uw officiele valse diploma is nu te koop in 2025. Betrouwbaar, officieel en reviews.\" \/>\n<meta name=\"robots\" content=\"index, follow, max-snippet:-1, max-image-preview:large, max-video-preview:-1\" \/>\n<link rel=\"canonical\" href=\"https:\/\/buydocuments247.com\/nb\/\" \/>\n<meta property=\"og:locale\" content=\"nb_NO\" \/>\n<meta property=\"og:type\" content=\"article\" \/>\n<meta property=\"og:title\" content=\"Diploma kopen - Buy real fake documents\" \/>\n<meta property=\"og:description\" content=\"Diploma kopen online met registratie. Uw officiele valse diploma is nu te koop in 2025. Betrouwbaar, officieel en reviews.\" \/>\n<meta property=\"og:url\" content=\"https:\/\/buydocuments247.com\/nb\/\" \/>\n<meta property=\"og:site_name\" content=\"Buy real fake documents\" \/>\n<meta property=\"article:modified_time\" content=\"2025-11-30T16:21:02+00:00\" \/>\n<meta property=\"og:image\" content=\"https:\/\/buydocuments247.com\/wp-content\/uploads\/2025\/03\/diploma-kopen.jpg\" \/>\n\t<meta property=\"og:image:width\" content=\"692\" \/>\n\t<meta property=\"og:image:height\" content=\"535\" \/>\n\t<meta property=\"og:image:type\" content=\"image\/jpeg\" \/>\n<meta name=\"twitter:card\" content=\"summary_large_image\" \/>\n<meta name=\"twitter:label1\" content=\"Ansl. lesetid\" \/>\n\t<meta name=\"twitter:data1\" content=\"3 minutter\" \/>\n<script type=\"application\/ld+json\" class=\"yoast-schema-graph\">{\"@context\":\"https:\\\/\\\/schema.org\",\"@graph\":[{\"@type\":\"WebPage\",\"@id\":\"https:\\\/\\\/buydocuments247.com\\\/\",\"url\":\"https:\\\/\\\/buydocuments247.com\\\/\",\"name\":\"Diploma kopen - Buy real fake documents\",\"isPartOf\":{\"@id\":\"https:\\\/\\\/buydocuments247.com\\\/#website\"},\"primaryImageOfPage\":{\"@id\":\"https:\\\/\\\/buydocuments247.com\\\/#primaryimage\"},\"image\":{\"@id\":\"https:\\\/\\\/buydocuments247.com\\\/#primaryimage\"},\"thumbnailUrl\":\"https:\\\/\\\/buydocuments247.com\\\/wp-content\\\/uploads\\\/2025\\\/03\\\/diploma-kopen.jpg\",\"datePublished\":\"2025-03-20T13:00:38+00:00\",\"dateModified\":\"2025-11-30T16:21:02+00:00\",\"description\":\"Diploma kopen online met registratie. Uw officiele valse diploma is nu te koop in 2025. Betrouwbaar, officieel en reviews.\",\"breadcrumb\":{\"@id\":\"https:\\\/\\\/buydocuments247.com\\\/#breadcrumb\"},\"inLanguage\":\"nb-NO\",\"potentialAction\":[{\"@type\":\"ReadAction\",\"target\":[\"https:\\\/\\\/buydocuments247.com\\\/\"]}]},{\"@type\":\"ImageObject\",\"inLanguage\":\"nb-NO\",\"@id\":\"https:\\\/\\\/buydocuments247.com\\\/#primaryimage\",\"url\":\"https:\\\/\\\/buydocuments247.com\\\/wp-content\\\/uploads\\\/2025\\\/03\\\/diploma-kopen.jpg\",\"contentUrl\":\"https:\\\/\\\/buydocuments247.com\\\/wp-content\\\/uploads\\\/2025\\\/03\\\/diploma-kopen.jpg\"},{\"@type\":\"BreadcrumbList\",\"@id\":\"https:\\\/\\\/buydocuments247.com\\\/#breadcrumb\",\"itemListElement\":[{\"@type\":\"ListItem\",\"position\":1,\"name\":\"Home\",\"item\":\"https:\\\/\\\/buydocuments247.com\\\/\"},{\"@type\":\"ListItem\",\"position\":2,\"name\":\"Diploma kopen\"}]},{\"@type\":\"WebSite\",\"@id\":\"https:\\\/\\\/buydocuments247.com\\\/#website\",\"url\":\"https:\\\/\\\/buydocuments247.com\\\/\",\"name\":\"Buy real fake documents\",\"description\":\"Want to buy real and fake documents online? Diploma, driving license and more.\",\"potentialAction\":[{\"@type\":\"SearchAction\",\"target\":{\"@type\":\"EntryPoint\",\"urlTemplate\":\"https:\\\/\\\/buydocuments247.com\\\/?s={search_term_string}\"},\"query-input\":{\"@type\":\"PropertyValueSpecification\",\"valueRequired\":true,\"valueName\":\"search_term_string\"}}],\"inLanguage\":\"nb-NO\"}]}<\/script>\n<!-- \/ Yoast SEO plugin. -->","yoast_head_json":{"title":"Kj\u00f8p vitnem\u00e5l - Kj\u00f8p ekte falske dokumenter","description":"Kj\u00f8p vitnem\u00e5l online med registrering. Ditt offisielle falske vitnem\u00e5l er n\u00e5 i salg i 2025. P\u00e5litelig, offisiell og anmeldelser.","robots":{"index":"index","follow":"follow","max-snippet":"max-snippet:-1","max-image-preview":"max-image-preview:large","max-video-preview":"max-video-preview:-1"},"canonical":"https:\/\/buydocuments247.com\/nb\/","og_locale":"nb_NO","og_type":"article","og_title":"Diploma kopen - Buy real fake documents","og_description":"Diploma kopen online met registratie. Uw officiele valse diploma is nu te koop in 2025. Betrouwbaar, officieel en reviews.","og_url":"https:\/\/buydocuments247.com\/nb\/","og_site_name":"Buy real fake documents","article_modified_time":"2025-11-30T16:21:02+00:00","og_image":[{"width":692,"height":535,"url":"https:\/\/buydocuments247.com\/wp-content\/uploads\/2025\/03\/diploma-kopen.jpg","type":"image\/jpeg"}],"twitter_card":"summary_large_image","twitter_misc":{"Ansl. lesetid":"3 minutter"},"schema":{"@context":"https:\/\/schema.org","@graph":[{"@type":"WebPage","@id":"https:\/\/buydocuments247.com\/","url":"https:\/\/buydocuments247.com\/","name":"Kj\u00f8p vitnem\u00e5l - Kj\u00f8p ekte falske dokumenter","isPartOf":{"@id":"https:\/\/buydocuments247.com\/#website"},"primaryImageOfPage":{"@id":"https:\/\/buydocuments247.com\/#primaryimage"},"image":{"@id":"https:\/\/buydocuments247.com\/#primaryimage"},"thumbnailUrl":"https:\/\/buydocuments247.com\/wp-content\/uploads\/2025\/03\/diploma-kopen.jpg","datePublished":"2025-03-20T13:00:38+00:00","dateModified":"2025-11-30T16:21:02+00:00","description":"Kj\u00f8p vitnem\u00e5l online med registrering. Ditt offisielle falske vitnem\u00e5l er n\u00e5 i salg i 2025. P\u00e5litelig, offisiell og anmeldelser.","breadcrumb":{"@id":"https:\/\/buydocuments247.com\/#breadcrumb"},"inLanguage":"nb-NO","potentialAction":[{"@type":"ReadAction","target":["https:\/\/buydocuments247.com\/"]}]},{"@type":"ImageObject","inLanguage":"nb-NO","@id":"https:\/\/buydocuments247.com\/#primaryimage","url":"https:\/\/buydocuments247.com\/wp-content\/uploads\/2025\/03\/diploma-kopen.jpg","contentUrl":"https:\/\/buydocuments247.com\/wp-content\/uploads\/2025\/03\/diploma-kopen.jpg"},{"@type":"BreadcrumbList","@id":"https:\/\/buydocuments247.com\/#breadcrumb","itemListElement":[{"@type":"ListItem","position":1,"name":"Home","item":"https:\/\/buydocuments247.com\/"},{"@type":"ListItem","position":2,"name":"Diploma kopen"}]},{"@type":"WebSite","@id":"https:\/\/buydocuments247.com\/#website","url":"https:\/\/buydocuments247.com\/","name":"Kj\u00f8p ekte falske dokumenter","description":"Vil du kj\u00f8pe ekte og falske dokumenter p\u00e5 nettet? Diplom, f\u00f8rerkort og mer.","potentialAction":[{"@type":"SearchAction","target":{"@type":"EntryPoint","urlTemplate":"https:\/\/buydocuments247.com\/?s={search_term_string}"},"query-input":{"@type":"PropertyValueSpecification","valueRequired":true,"valueName":"search_term_string"}}],"inLanguage":"nb-NO"}]}},"_links":{"self":[{"href":"https:\/\/buydocuments247.com\/nb\/wp-json\/wp\/v2\/pages\/24","targetHints":{"allow":["GET"]}}],"collection":[{"href":"https:\/\/buydocuments247.com\/nb\/wp-json\/wp\/v2\/pages"}],"about":[{"href":"https:\/\/buydocuments247.com\/nb\/wp-json\/wp\/v2\/types\/page"}],"author":[{"embeddable":true,"href":"https:\/\/buydocuments247.com\/nb\/wp-json\/wp\/v2\/users\/1"}],"replies":[{"embeddable":true,"href":"https:\/\/buydocuments247.com\/nb\/wp-json\/wp\/v2\/comments?post=24"}],"version-history":[{"count":16,"href":"https:\/\/buydocuments247.com\/nb\/wp-json\/wp\/v2\/pages\/24\/revisions"}],"predecessor-version":[{"id":112,"href":"https:\/\/buydocuments247.com\/nb\/wp-json\/wp\/v2\/pages\/24\/revisions\/112"}],"wp:attachment":[{"href":"https:\/\/buydocuments247.com\/nb\/wp-json\/wp\/v2\/media?parent=24"}],"curies":[{"name":"wp","href":"https:\/\/api.w.org\/{rel}","templated":true}]}}