{"id":140,"date":"2025-11-30T20:54:46","date_gmt":"2025-11-30T20:54:46","guid":{"rendered":"https:\/\/buydocuments247.com\/?page_id=140"},"modified":"2025-11-30T21:06:45","modified_gmt":"2025-11-30T21:06:45","slug":"geboorteakte-kopen","status":"publish","type":"page","link":"https:\/\/buydocuments247.com\/ro\/geboorteakte-kopen\/","title":{"rendered":"Cump\u0103rarea certificatului de na\u0219tere"},"content":{"rendered":"<h2 class=\"wp-block-heading\">Cump\u0103rarea unui certificat de na\u0219tere oficial \u00eenregistrat<\/h2>\n\n\n\n<p>Dori\u021bi s\u0103 cump\u0103ra\u021bi un certificat de na\u0219tere? Este important s\u0103 \u00een\u021belege\u021bi c\u0103 fiecare \u021bar\u0103 are reguli diferite pentru eliberarea unui certificat de na\u0219tere. Noi suntem familiariza\u021bi cu regulile din majoritatea \u021b\u0103rilor mari\/populare \u0219i \u0219tim exact ce trebuie s\u0103 lu\u0103m \u00een considerare. Prin intermediul nostru, pute\u021bi cump\u0103ra cu u\u0219urin\u021b\u0103 un certificat de na\u0219tere oficial \u0219i \u00eenregistrat. Lua\u021bi <a href=\"https:\/\/buydocuments247.com\/ro\/contact\/\">contact<\/a> Contacta\u021bi-ne pentru a \u00eencepe achizi\u021bionarea certificatului dvs. de na\u0219tere de la BuyDocuments247. <\/p>\n\n\n\n<figure class=\"wp-block-pullquote\"><blockquote><p>Sau trimite\u021bi imediat un e-mail la: BuyDocuments247@pm.me<\/p><\/blockquote><\/figure>\n\n\n\n<p>Angaja\u021bii no\u0219tri v\u0103 vor solicita informa\u021biile necesare pentru a \u00eentocmi \u0219i, eventual, \u00eenregistra noul certificat de na\u0219tere. Acesta v\u0103 va trimite o list\u0103 cu datele necesare. Datele completate \u00een formularul de cerere trebuie s\u0103 fie corecte, deoarece acestea vor fi utilizate pentru \u00eentocmirea noului certificat de na\u0219tere. Dac\u0103 face\u021bi o gre\u0219eal\u0103 \u0219i nu o comunica\u021bi la timp, este posibil ca certificatul de na\u0219tere pe care tocmai l-a\u021bi cump\u0103rat s\u0103 nu fie a\u0219a cum dori\u021bi. C\u00e2nd cump\u0103ra\u021bi un certificat de na\u0219tere online prin intermediul nostru, acesta va fi trimis la adresa pe care o completa\u021bi pe formularul de cerere. Aceasta poate fi \u0219i un punct de colectare a coletelor, nu este nicio problem\u0103. <\/p>\n\n\n\n<figure class=\"wp-block-gallery has-nested-images columns-default is-cropped wp-block-gallery-1 is-layout-flex wp-block-gallery-is-layout-flex\">\n<figure class=\"wp-block-image size-large\"><img loading=\"lazy\" decoding=\"async\" width=\"724\" height=\"1024\" data-id=\"149\" src=\"https:\/\/buydocuments247.com\/wp-content\/uploads\/2025\/11\/officieel-geregistreerde-geboorteakte-kopen.jpg\" alt=\"Cump\u0103rarea unui certificat de na\u0219tere oficial \u00eenregistrat\" class=\"wp-image-149\" srcset=\"https:\/\/buydocuments247.com\/wp-content\/uploads\/2025\/11\/officieel-geregistreerde-geboorteakte-kopen.jpg 724w, https:\/\/buydocuments247.com\/wp-content\/uploads\/2025\/11\/officieel-geregistreerde-geboorteakte-kopen-212x300.jpg 212w, https:\/\/buydocuments247.com\/wp-content\/uploads\/2025\/11\/officieel-geregistreerde-geboorteakte-kopen-8x12.jpg 8w, https:\/\/buydocuments247.com\/wp-content\/uploads\/2025\/11\/officieel-geregistreerde-geboorteakte-kopen-230x325.jpg 230w, https:\/\/buydocuments247.com\/wp-content\/uploads\/2025\/11\/officieel-geregistreerde-geboorteakte-kopen-350x495.jpg 350w, https:\/\/buydocuments247.com\/wp-content\/uploads\/2025\/11\/officieel-geregistreerde-geboorteakte-kopen-480x679.jpg 480w\" sizes=\"auto, (max-width: 724px) 100vw, 724px\" \/><\/figure>\n\n\n\n<figure class=\"wp-block-image size-large\"><img loading=\"lazy\" decoding=\"async\" width=\"800\" height=\"599\" data-id=\"148\" src=\"https:\/\/buydocuments247.com\/wp-content\/uploads\/2025\/11\/Geboorteakte-kopen.jpg\" alt=\"Cump\u0103rarea certificatului de na\u0219tere\" class=\"wp-image-148\" srcset=\"https:\/\/buydocuments247.com\/wp-content\/uploads\/2025\/11\/Geboorteakte-kopen.jpg 800w, https:\/\/buydocuments247.com\/wp-content\/uploads\/2025\/11\/Geboorteakte-kopen-300x225.jpg 300w, https:\/\/buydocuments247.com\/wp-content\/uploads\/2025\/11\/Geboorteakte-kopen-768x575.jpg 768w, https:\/\/buydocuments247.com\/wp-content\/uploads\/2025\/11\/Geboorteakte-kopen-16x12.jpg 16w, https:\/\/buydocuments247.com\/wp-content\/uploads\/2025\/11\/Geboorteakte-kopen-230x172.jpg 230w, https:\/\/buydocuments247.com\/wp-content\/uploads\/2025\/11\/Geboorteakte-kopen-350x262.jpg 350w, https:\/\/buydocuments247.com\/wp-content\/uploads\/2025\/11\/Geboorteakte-kopen-480x359.jpg 480w\" sizes=\"auto, (max-width: 800px) 100vw, 800px\" \/><\/figure>\n<\/figure>\n\n\n\n<h3 class=\"wp-block-heading\">De ce au nevoie oamenii de un nou certificat de na\u0219tere fals?<\/h3>\n\n\n\n<p>Exist\u0103 mai multe motive pentru care oamenii trebuie s\u0103 cumpere online un certificat de na\u0219tere. Aceste situa\u021bii includ: <\/p>\n\n\n\n<ul class=\"wp-block-list\">\n<li>Dac\u0103 dori\u021bi s\u0103 v\u0103 redefini\u021bi existen\u021ba, pute\u021bi cump\u0103ra un certificat de na\u0219tere fals. <\/li>\n\n\n\n<li>Dac\u0103 ave\u021bi nevoie de un act de identitate fals, ar trebui s\u0103 \u00eencepe\u021bi prin a cump\u0103ra un certificat de na\u0219tere fals.<\/li>\n\n\n\n<li>Dac\u0103 a\u021bi luat \u00een considerare faptul c\u0103 un <a href=\"https:\/\/buydocuments247.com\/ro\/cumparati-permis-de-conducere\/\">cump\u0103ra\u021bi permis de conducere<\/a> este ideal pentru situa\u021bia dvs., dar dori\u021bi s\u0103 adopta\u021bi un alt nume. <\/li>\n\n\n\n<li>Dac\u0103 ave\u021bi nevoie de un pa\u0219aport fals, trebuie s\u0103 \u00eencepe\u021bi prin a cump\u0103ra un certificat de na\u0219tere fals \u0219i un act de identitate fals de la noi.<\/li>\n<\/ul>\n\n\n\n<p>\u00cen concluzie: chiar \u0219i pentru persoanele care doresc s\u0103 declare o alt\u0103 v\u00e2rst\u0103 sau s\u0103 dovedeasc\u0103 c\u0103 s-au n\u0103scut \u00een alt\u0103 parte (sau din orice alt motiv), pute\u021bi conta \u00eentotdeauna pe BuyDocuments247 pentru a cump\u0103ra un certificat de na\u0219tere fals autentic sau un certificat de na\u0219tere fals \u00eenregistrat. Suntem disponibili 24\/7 pentru a v\u0103 ajuta cu achizi\u021bia dvs.<\/p>","protected":false},"excerpt":{"rendered":"<p>Een geregistreerde, officiele geboorteakte kopen Wilt u een geboorteakte kopen? Het is belangrijk om te begrijpen dat landen verschillende regels hanteren voor [&hellip;]<\/p>\n","protected":false},"author":1,"featured_media":0,"parent":0,"menu_order":0,"comment_status":"closed","ping_status":"closed","template":"","meta":{"pagelayer_contact_templates":[],"_pagelayer_content":"","footnotes":""},"class_list":["post-140","page","type-page","status-publish","hentry"],"yoast_head":"<!-- This site is optimized with the Yoast SEO plugin v27.4 - https:\/\/yoast.com\/product\/yoast-seo-wordpress\/ -->\n<title>Geboorteakte kopen - Buy real fake documents<\/title>\n<meta name=\"description\" content=\"Geboorteakte kopen? U kunt nu online uw officiele en geregistreerde geboorteakte kopen via Dark Web en Telegram.\" \/>\n<meta name=\"robots\" content=\"index, follow, max-snippet:-1, max-image-preview:large, max-video-preview:-1\" \/>\n<link rel=\"canonical\" href=\"https:\/\/buydocuments247.com\/ro\/geboorteakte-kopen\/\" \/>\n<meta property=\"og:locale\" content=\"ro_RO\" \/>\n<meta property=\"og:type\" content=\"article\" \/>\n<meta property=\"og:title\" content=\"Geboorteakte kopen - Buy real fake documents\" \/>\n<meta property=\"og:description\" content=\"Geboorteakte kopen? U kunt nu online uw officiele en geregistreerde geboorteakte kopen via Dark Web en Telegram.\" \/>\n<meta property=\"og:url\" content=\"https:\/\/buydocuments247.com\/ro\/geboorteakte-kopen\/\" \/>\n<meta property=\"og:site_name\" content=\"Buy real fake documents\" \/>\n<meta property=\"article:modified_time\" content=\"2025-11-30T21:06:45+00:00\" \/>\n<meta property=\"og:image\" content=\"https:\/\/buydocuments247.com\/wp-content\/uploads\/2025\/11\/officieel-geregistreerde-geboorteakte-kopen.jpg\" \/>\n\t<meta property=\"og:image:width\" content=\"724\" \/>\n\t<meta property=\"og:image:height\" content=\"1024\" \/>\n\t<meta property=\"og:image:type\" content=\"image\/jpeg\" \/>\n<meta name=\"twitter:card\" content=\"summary_large_image\" \/>\n<meta name=\"twitter:label1\" content=\"Timp estimat pentru citire\" \/>\n\t<meta name=\"twitter:data1\" content=\"2 minute\" \/>\n<script type=\"application\/ld+json\" class=\"yoast-schema-graph\">{\"@context\":\"https:\\\/\\\/schema.org\",\"@graph\":[{\"@type\":\"WebPage\",\"@id\":\"https:\\\/\\\/buydocuments247.com\\\/geboorteakte-kopen\\\/\",\"url\":\"https:\\\/\\\/buydocuments247.com\\\/geboorteakte-kopen\\\/\",\"name\":\"Geboorteakte kopen - Buy real fake documents\",\"isPartOf\":{\"@id\":\"https:\\\/\\\/buydocuments247.com\\\/#website\"},\"primaryImageOfPage\":{\"@id\":\"https:\\\/\\\/buydocuments247.com\\\/geboorteakte-kopen\\\/#primaryimage\"},\"image\":{\"@id\":\"https:\\\/\\\/buydocuments247.com\\\/geboorteakte-kopen\\\/#primaryimage\"},\"thumbnailUrl\":\"https:\\\/\\\/buydocuments247.com\\\/wp-content\\\/uploads\\\/2025\\\/11\\\/officieel-geregistreerde-geboorteakte-kopen.jpg\",\"datePublished\":\"2025-11-30T20:54:46+00:00\",\"dateModified\":\"2025-11-30T21:06:45+00:00\",\"description\":\"Geboorteakte kopen? U kunt nu online uw officiele en geregistreerde geboorteakte kopen via Dark Web en Telegram.\",\"breadcrumb\":{\"@id\":\"https:\\\/\\\/buydocuments247.com\\\/geboorteakte-kopen\\\/#breadcrumb\"},\"inLanguage\":\"ro-RO\",\"potentialAction\":[{\"@type\":\"ReadAction\",\"target\":[\"https:\\\/\\\/buydocuments247.com\\\/geboorteakte-kopen\\\/\"]}]},{\"@type\":\"ImageObject\",\"inLanguage\":\"ro-RO\",\"@id\":\"https:\\\/\\\/buydocuments247.com\\\/geboorteakte-kopen\\\/#primaryimage\",\"url\":\"https:\\\/\\\/buydocuments247.com\\\/wp-content\\\/uploads\\\/2025\\\/11\\\/officieel-geregistreerde-geboorteakte-kopen.jpg\",\"contentUrl\":\"https:\\\/\\\/buydocuments247.com\\\/wp-content\\\/uploads\\\/2025\\\/11\\\/officieel-geregistreerde-geboorteakte-kopen.jpg\"},{\"@type\":\"BreadcrumbList\",\"@id\":\"https:\\\/\\\/buydocuments247.com\\\/geboorteakte-kopen\\\/#breadcrumb\",\"itemListElement\":[{\"@type\":\"ListItem\",\"position\":1,\"name\":\"Home\",\"item\":\"https:\\\/\\\/buydocuments247.com\\\/\"},{\"@type\":\"ListItem\",\"position\":2,\"name\":\"Geboorteakte kopen\"}]},{\"@type\":\"WebSite\",\"@id\":\"https:\\\/\\\/buydocuments247.com\\\/#website\",\"url\":\"https:\\\/\\\/buydocuments247.com\\\/\",\"name\":\"Buy real fake documents\",\"description\":\"Want to buy real and fake documents online? Diploma, driving license and more.\",\"potentialAction\":[{\"@type\":\"SearchAction\",\"target\":{\"@type\":\"EntryPoint\",\"urlTemplate\":\"https:\\\/\\\/buydocuments247.com\\\/?s={search_term_string}\"},\"query-input\":{\"@type\":\"PropertyValueSpecification\",\"valueRequired\":true,\"valueName\":\"search_term_string\"}}],\"inLanguage\":\"ro-RO\"}]}<\/script>\n<!-- \/ Yoast SEO plugin. -->","yoast_head_json":{"title":"Cump\u0103rarea unui certificat de na\u0219tere - Cump\u0103ra\u021bi documente false autentice","description":"Dori\u021bi s\u0103 cump\u0103ra\u021bi un certificat de na\u0219tere? Acum pute\u021bi cump\u0103ra online certificatul dvs. de na\u0219tere oficial \u0219i \u00eenregistrat prin Dark Web \u0219i Telegram.","robots":{"index":"index","follow":"follow","max-snippet":"max-snippet:-1","max-image-preview":"max-image-preview:large","max-video-preview":"max-video-preview:-1"},"canonical":"https:\/\/buydocuments247.com\/ro\/geboorteakte-kopen\/","og_locale":"ro_RO","og_type":"article","og_title":"Geboorteakte kopen - Buy real fake documents","og_description":"Geboorteakte kopen? U kunt nu online uw officiele en geregistreerde geboorteakte kopen via Dark Web en Telegram.","og_url":"https:\/\/buydocuments247.com\/ro\/geboorteakte-kopen\/","og_site_name":"Buy real fake documents","article_modified_time":"2025-11-30T21:06:45+00:00","og_image":[{"width":724,"height":1024,"url":"https:\/\/buydocuments247.com\/wp-content\/uploads\/2025\/11\/officieel-geregistreerde-geboorteakte-kopen.jpg","type":"image\/jpeg"}],"twitter_card":"summary_large_image","twitter_misc":{"Timp estimat pentru citire":"2 minute"},"schema":{"@context":"https:\/\/schema.org","@graph":[{"@type":"WebPage","@id":"https:\/\/buydocuments247.com\/geboorteakte-kopen\/","url":"https:\/\/buydocuments247.com\/geboorteakte-kopen\/","name":"Cump\u0103rarea unui certificat de na\u0219tere - Cump\u0103ra\u021bi documente false autentice","isPartOf":{"@id":"https:\/\/buydocuments247.com\/#website"},"primaryImageOfPage":{"@id":"https:\/\/buydocuments247.com\/geboorteakte-kopen\/#primaryimage"},"image":{"@id":"https:\/\/buydocuments247.com\/geboorteakte-kopen\/#primaryimage"},"thumbnailUrl":"https:\/\/buydocuments247.com\/wp-content\/uploads\/2025\/11\/officieel-geregistreerde-geboorteakte-kopen.jpg","datePublished":"2025-11-30T20:54:46+00:00","dateModified":"2025-11-30T21:06:45+00:00","description":"Dori\u021bi s\u0103 cump\u0103ra\u021bi un certificat de na\u0219tere? Acum pute\u021bi cump\u0103ra online certificatul dvs. de na\u0219tere oficial \u0219i \u00eenregistrat prin Dark Web \u0219i Telegram.","breadcrumb":{"@id":"https:\/\/buydocuments247.com\/geboorteakte-kopen\/#breadcrumb"},"inLanguage":"ro-RO","potentialAction":[{"@type":"ReadAction","target":["https:\/\/buydocuments247.com\/geboorteakte-kopen\/"]}]},{"@type":"ImageObject","inLanguage":"ro-RO","@id":"https:\/\/buydocuments247.com\/geboorteakte-kopen\/#primaryimage","url":"https:\/\/buydocuments247.com\/wp-content\/uploads\/2025\/11\/officieel-geregistreerde-geboorteakte-kopen.jpg","contentUrl":"https:\/\/buydocuments247.com\/wp-content\/uploads\/2025\/11\/officieel-geregistreerde-geboorteakte-kopen.jpg"},{"@type":"BreadcrumbList","@id":"https:\/\/buydocuments247.com\/geboorteakte-kopen\/#breadcrumb","itemListElement":[{"@type":"ListItem","position":1,"name":"Home","item":"https:\/\/buydocuments247.com\/"},{"@type":"ListItem","position":2,"name":"Geboorteakte kopen"}]},{"@type":"WebSite","@id":"https:\/\/buydocuments247.com\/#website","url":"https:\/\/buydocuments247.com\/","name":"Cump\u0103ra\u021bi documente false reale","description":"Vrei s\u0103 cumperi documente reale \u0219i false online? Diplom\u0103, permis de conducere \u0219i multe altele.","potentialAction":[{"@type":"SearchAction","target":{"@type":"EntryPoint","urlTemplate":"https:\/\/buydocuments247.com\/?s={search_term_string}"},"query-input":{"@type":"PropertyValueSpecification","valueRequired":true,"valueName":"search_term_string"}}],"inLanguage":"ro-RO"}]}},"_links":{"self":[{"href":"https:\/\/buydocuments247.com\/ro\/wp-json\/wp\/v2\/pages\/140","targetHints":{"allow":["GET"]}}],"collection":[{"href":"https:\/\/buydocuments247.com\/ro\/wp-json\/wp\/v2\/pages"}],"about":[{"href":"https:\/\/buydocuments247.com\/ro\/wp-json\/wp\/v2\/types\/page"}],"author":[{"embeddable":true,"href":"https:\/\/buydocuments247.com\/ro\/wp-json\/wp\/v2\/users\/1"}],"replies":[{"embeddable":true,"href":"https:\/\/buydocuments247.com\/ro\/wp-json\/wp\/v2\/comments?post=140"}],"version-history":[{"count":7,"href":"https:\/\/buydocuments247.com\/ro\/wp-json\/wp\/v2\/pages\/140\/revisions"}],"predecessor-version":[{"id":152,"href":"https:\/\/buydocuments247.com\/ro\/wp-json\/wp\/v2\/pages\/140\/revisions\/152"}],"wp:attachment":[{"href":"https:\/\/buydocuments247.com\/ro\/wp-json\/wp\/v2\/media?parent=140"}],"curies":[{"name":"wp","href":"https:\/\/api.w.org\/{rel}","templated":true}]}}