{"id":140,"date":"2025-11-30T20:54:46","date_gmt":"2025-11-30T20:54:46","guid":{"rendered":"https:\/\/buydocuments247.com\/?page_id=140"},"modified":"2025-11-30T21:06:45","modified_gmt":"2025-11-30T21:06:45","slug":"geboorteakte-kopen","status":"publish","type":"page","link":"https:\/\/buydocuments247.com\/sk\/geboorteakte-kopen\/","title":{"rendered":"K\u00fapi\u0165 rodn\u00fd list"},"content":{"rendered":"<h2 class=\"wp-block-heading\">K\u00fapi\u0165 registrovan\u00fd, ofici\u00e1lny rodn\u00fd list<\/h2>\n\n\n\n<p>Chcete si k\u00fapi\u0165 rodn\u00fd list? Je d\u00f4le\u017eit\u00e9 si uvedomi\u0165, \u017ee jednotliv\u00e9 krajiny maj\u00fa r\u00f4zne pravidl\u00e1 pre vyd\u00e1vanie rodn\u00fdch listov. Pozn\u00e1me pravidl\u00e1 v\u00e4\u010d\u0161iny ve\u013ek\u00fdch\/popul\u00e1rnych kraj\u00edn a vieme presne, \u010do mus\u00edme zoh\u013eadni\u0165. Prostredn\u00edctvom n\u00e1s si m\u00f4\u017eete \u013eahko k\u00fapi\u0165 ofici\u00e1lny a registrovan\u00fd rodn\u00fd list. Kontaktujte n\u00e1s <a href=\"https:\/\/buydocuments247.com\/sk\/kontakt\/\">kontakt<\/a> kontaktujte n\u00e1s, aby ste mohli za\u010da\u0165 s n\u00e1kupom svojho rodn\u00e9ho listu na BuyDocuments247. <\/p>\n\n\n\n<figure class=\"wp-block-pullquote\"><blockquote><p>Alebo po\u0161lite e-mail priamo na adresu: BuyDocuments247@pm.me<\/p><\/blockquote><\/figure>\n\n\n\n<p>Na\u0161i zamestnanci v\u00e1s po\u017eiadaj\u00fa o potrebn\u00e9 inform\u00e1cie na vyhotovenie v\u00e1\u0161ho nov\u00e9ho rodn\u00e9ho listu a pr\u00edpadne na jeho registr\u00e1ciu. Poskytn\u00fa v\u00e1m zoznam potrebn\u00fdch \u00fadajov. \u00dadaje, ktor\u00e9 vypln\u00edte do \u017eiadosti, musia by\u0165 spr\u00e1vne, preto\u017ee sa pou\u017eij\u00fa na vyhotovenie v\u00e1\u0161ho nov\u00e9ho rodn\u00e9ho listu. Ak urob\u00edte chybu a neozn\u00e1mite ju v\u010das, m\u00f4\u017ee sa sta\u0165, \u017ee v\u00e1\u0161 pr\u00e1ve zak\u00fapen\u00fd rodn\u00fd list nebude tak\u00fd, ako ste si \u017eelali. Ke\u010f si u n\u00e1s zak\u00fapite rodn\u00fd list online, bude zaslan\u00fd na adresu, ktor\u00fa uvediete vo va\u0161om \u017eiadosti. M\u00f4\u017ee to by\u0165 aj bal\u00edkov\u00fd termin\u00e1l, to nie je probl\u00e9m. <\/p>\n\n\n\n<figure class=\"wp-block-gallery has-nested-images columns-default is-cropped wp-block-gallery-1 is-layout-flex wp-block-gallery-is-layout-flex\">\n<figure class=\"wp-block-image size-large\"><img loading=\"lazy\" decoding=\"async\" width=\"724\" height=\"1024\" data-id=\"149\" src=\"https:\/\/buydocuments247.com\/wp-content\/uploads\/2025\/11\/officieel-geregistreerde-geboorteakte-kopen.jpg\" alt=\"K\u00fapi\u0165 ofici\u00e1lne registrovan\u00e9 rodn\u00e9 listy\" class=\"wp-image-149\" srcset=\"https:\/\/buydocuments247.com\/wp-content\/uploads\/2025\/11\/officieel-geregistreerde-geboorteakte-kopen.jpg 724w, https:\/\/buydocuments247.com\/wp-content\/uploads\/2025\/11\/officieel-geregistreerde-geboorteakte-kopen-212x300.jpg 212w, https:\/\/buydocuments247.com\/wp-content\/uploads\/2025\/11\/officieel-geregistreerde-geboorteakte-kopen-8x12.jpg 8w, https:\/\/buydocuments247.com\/wp-content\/uploads\/2025\/11\/officieel-geregistreerde-geboorteakte-kopen-230x325.jpg 230w, https:\/\/buydocuments247.com\/wp-content\/uploads\/2025\/11\/officieel-geregistreerde-geboorteakte-kopen-350x495.jpg 350w, https:\/\/buydocuments247.com\/wp-content\/uploads\/2025\/11\/officieel-geregistreerde-geboorteakte-kopen-480x679.jpg 480w\" sizes=\"auto, (max-width: 724px) 100vw, 724px\" \/><\/figure>\n\n\n\n<figure class=\"wp-block-image size-large\"><img loading=\"lazy\" decoding=\"async\" width=\"800\" height=\"599\" data-id=\"148\" src=\"https:\/\/buydocuments247.com\/wp-content\/uploads\/2025\/11\/Geboorteakte-kopen.jpg\" alt=\"K\u00fapi\u0165 rodn\u00fd list\" class=\"wp-image-148\" srcset=\"https:\/\/buydocuments247.com\/wp-content\/uploads\/2025\/11\/Geboorteakte-kopen.jpg 800w, https:\/\/buydocuments247.com\/wp-content\/uploads\/2025\/11\/Geboorteakte-kopen-300x225.jpg 300w, https:\/\/buydocuments247.com\/wp-content\/uploads\/2025\/11\/Geboorteakte-kopen-768x575.jpg 768w, https:\/\/buydocuments247.com\/wp-content\/uploads\/2025\/11\/Geboorteakte-kopen-16x12.jpg 16w, https:\/\/buydocuments247.com\/wp-content\/uploads\/2025\/11\/Geboorteakte-kopen-230x172.jpg 230w, https:\/\/buydocuments247.com\/wp-content\/uploads\/2025\/11\/Geboorteakte-kopen-350x262.jpg 350w, https:\/\/buydocuments247.com\/wp-content\/uploads\/2025\/11\/Geboorteakte-kopen-480x359.jpg 480w\" sizes=\"auto, (max-width: 800px) 100vw, 800px\" \/><\/figure>\n<\/figure>\n\n\n\n<h3 class=\"wp-block-heading\">Pre\u010do \u013eudia potrebuj\u00fa nov\u00fd falo\u0161n\u00fd rodn\u00fd list?<\/h3>\n\n\n\n<p>Existuje viacero d\u00f4vodov, pre\u010do \u013eudia potrebuj\u00fa k\u00fapi\u0165 rodn\u00fd list online. Medzi tieto situ\u00e1cie patria: <\/p>\n\n\n\n<ul class=\"wp-block-list\">\n<li>Ak chcete znovu definova\u0165 svoju existenciu, m\u00f4\u017eete si k\u00fapi\u0165 falo\u0161n\u00fd rodn\u00fd list. <\/li>\n\n\n\n<li>Ak potrebujete falo\u0161n\u00fd doklad toto\u017enosti, mo\u017eno budete musie\u0165 za\u010da\u0165 k\u00fapou falo\u0161n\u00e9ho rodn\u00e9ho listu.<\/li>\n\n\n\n<li>Ak ste zva\u017eovali, \u017ee <a href=\"https:\/\/buydocuments247.com\/sk\/kupit-vodicsky-preukaz\/\">k\u00fapi\u0165 vodi\u010dsk\u00fd preukaz<\/a> je ide\u00e1lny pre va\u0161u situ\u00e1ciu, ale chcete si zvoli\u0165 in\u00e9 meno. <\/li>\n\n\n\n<li>Ak potrebujete falo\u0161n\u00fd pas, mus\u00edte za\u010da\u0165 k\u00fapou falo\u0161n\u00e9ho rodn\u00e9ho listu a falo\u0161n\u00e9ho preukazu toto\u017enosti u n\u00e1s.<\/li>\n<\/ul>\n\n\n\n<p>Na z\u00e1ver: aj pre \u013eud\u00ed, ktor\u00ed chc\u00fa uvies\u0165 in\u00fd vek alebo dok\u00e1za\u0165, \u017ee sa narodili niekde inde (alebo z ak\u00e9hoko\u013evek in\u00e9ho d\u00f4vodu), sa v\u017edy m\u00f4\u017eete spo\u013eahn\u00fa\u0165 na BuyDocuments247, kde si m\u00f4\u017eete k\u00fapi\u0165 skuto\u010dn\u00fd falo\u0161n\u00fd rodn\u00fd list alebo registrovan\u00fd falo\u0161n\u00fd rodn\u00fd list. Sme k dispoz\u00edcii 24\/7, aby sme v\u00e1m pomohli s n\u00e1kupom.<\/p>","protected":false},"excerpt":{"rendered":"<p>Een geregistreerde, officiele geboorteakte kopen Wilt u een geboorteakte kopen? Het is belangrijk om te begrijpen dat landen verschillende regels hanteren voor [&hellip;]<\/p>\n","protected":false},"author":1,"featured_media":0,"parent":0,"menu_order":0,"comment_status":"closed","ping_status":"closed","template":"","meta":{"pagelayer_contact_templates":[],"_pagelayer_content":"","footnotes":""},"class_list":["post-140","page","type-page","status-publish","hentry"],"yoast_head":"<!-- This site is optimized with the Yoast SEO plugin v27.4 - https:\/\/yoast.com\/product\/yoast-seo-wordpress\/ -->\n<title>Geboorteakte kopen - Buy real fake documents<\/title>\n<meta name=\"description\" content=\"Geboorteakte kopen? U kunt nu online uw officiele en geregistreerde geboorteakte kopen via Dark Web en Telegram.\" \/>\n<meta name=\"robots\" content=\"index, follow, max-snippet:-1, max-image-preview:large, max-video-preview:-1\" \/>\n<link rel=\"canonical\" href=\"https:\/\/buydocuments247.com\/sk\/geboorteakte-kopen\/\" \/>\n<meta property=\"og:locale\" content=\"sk_SK\" \/>\n<meta property=\"og:type\" content=\"article\" \/>\n<meta property=\"og:title\" content=\"Geboorteakte kopen - Buy real fake documents\" \/>\n<meta property=\"og:description\" content=\"Geboorteakte kopen? U kunt nu online uw officiele en geregistreerde geboorteakte kopen via Dark Web en Telegram.\" \/>\n<meta property=\"og:url\" content=\"https:\/\/buydocuments247.com\/sk\/geboorteakte-kopen\/\" \/>\n<meta property=\"og:site_name\" content=\"Buy real fake documents\" \/>\n<meta property=\"article:modified_time\" content=\"2025-11-30T21:06:45+00:00\" \/>\n<meta property=\"og:image\" content=\"https:\/\/buydocuments247.com\/wp-content\/uploads\/2025\/11\/officieel-geregistreerde-geboorteakte-kopen.jpg\" \/>\n\t<meta property=\"og:image:width\" content=\"724\" \/>\n\t<meta property=\"og:image:height\" content=\"1024\" \/>\n\t<meta property=\"og:image:type\" content=\"image\/jpeg\" \/>\n<meta name=\"twitter:card\" content=\"summary_large_image\" \/>\n<meta name=\"twitter:label1\" content=\"Predpokladan\u00fd \u010das \u010d\u00edtania\" \/>\n\t<meta name=\"twitter:data1\" content=\"2 min\u00faty\" \/>\n<script type=\"application\/ld+json\" class=\"yoast-schema-graph\">{\"@context\":\"https:\\\/\\\/schema.org\",\"@graph\":[{\"@type\":\"WebPage\",\"@id\":\"https:\\\/\\\/buydocuments247.com\\\/geboorteakte-kopen\\\/\",\"url\":\"https:\\\/\\\/buydocuments247.com\\\/geboorteakte-kopen\\\/\",\"name\":\"Geboorteakte kopen - Buy real fake documents\",\"isPartOf\":{\"@id\":\"https:\\\/\\\/buydocuments247.com\\\/#website\"},\"primaryImageOfPage\":{\"@id\":\"https:\\\/\\\/buydocuments247.com\\\/geboorteakte-kopen\\\/#primaryimage\"},\"image\":{\"@id\":\"https:\\\/\\\/buydocuments247.com\\\/geboorteakte-kopen\\\/#primaryimage\"},\"thumbnailUrl\":\"https:\\\/\\\/buydocuments247.com\\\/wp-content\\\/uploads\\\/2025\\\/11\\\/officieel-geregistreerde-geboorteakte-kopen.jpg\",\"datePublished\":\"2025-11-30T20:54:46+00:00\",\"dateModified\":\"2025-11-30T21:06:45+00:00\",\"description\":\"Geboorteakte kopen? U kunt nu online uw officiele en geregistreerde geboorteakte kopen via Dark Web en Telegram.\",\"breadcrumb\":{\"@id\":\"https:\\\/\\\/buydocuments247.com\\\/geboorteakte-kopen\\\/#breadcrumb\"},\"inLanguage\":\"sk-SK\",\"potentialAction\":[{\"@type\":\"ReadAction\",\"target\":[\"https:\\\/\\\/buydocuments247.com\\\/geboorteakte-kopen\\\/\"]}]},{\"@type\":\"ImageObject\",\"inLanguage\":\"sk-SK\",\"@id\":\"https:\\\/\\\/buydocuments247.com\\\/geboorteakte-kopen\\\/#primaryimage\",\"url\":\"https:\\\/\\\/buydocuments247.com\\\/wp-content\\\/uploads\\\/2025\\\/11\\\/officieel-geregistreerde-geboorteakte-kopen.jpg\",\"contentUrl\":\"https:\\\/\\\/buydocuments247.com\\\/wp-content\\\/uploads\\\/2025\\\/11\\\/officieel-geregistreerde-geboorteakte-kopen.jpg\"},{\"@type\":\"BreadcrumbList\",\"@id\":\"https:\\\/\\\/buydocuments247.com\\\/geboorteakte-kopen\\\/#breadcrumb\",\"itemListElement\":[{\"@type\":\"ListItem\",\"position\":1,\"name\":\"Home\",\"item\":\"https:\\\/\\\/buydocuments247.com\\\/\"},{\"@type\":\"ListItem\",\"position\":2,\"name\":\"Geboorteakte kopen\"}]},{\"@type\":\"WebSite\",\"@id\":\"https:\\\/\\\/buydocuments247.com\\\/#website\",\"url\":\"https:\\\/\\\/buydocuments247.com\\\/\",\"name\":\"Buy real fake documents\",\"description\":\"Want to buy real and fake documents online? Diploma, driving license and more.\",\"potentialAction\":[{\"@type\":\"SearchAction\",\"target\":{\"@type\":\"EntryPoint\",\"urlTemplate\":\"https:\\\/\\\/buydocuments247.com\\\/?s={search_term_string}\"},\"query-input\":{\"@type\":\"PropertyValueSpecification\",\"valueRequired\":true,\"valueName\":\"search_term_string\"}}],\"inLanguage\":\"sk-SK\"}]}<\/script>\n<!-- \/ Yoast SEO plugin. -->","yoast_head_json":{"title":"K\u00fapi\u0165 rodn\u00fd list - K\u00fapi\u0165 skuto\u010dn\u00e9 falo\u0161n\u00e9 dokumenty","description":"Chcete si k\u00fapi\u0165 rodn\u00fd list? Teraz si m\u00f4\u017eete k\u00fapi\u0165 svoj ofici\u00e1lny a registrovan\u00fd rodn\u00fd list online prostredn\u00edctvom Dark Webu a Telegramu.","robots":{"index":"index","follow":"follow","max-snippet":"max-snippet:-1","max-image-preview":"max-image-preview:large","max-video-preview":"max-video-preview:-1"},"canonical":"https:\/\/buydocuments247.com\/sk\/geboorteakte-kopen\/","og_locale":"sk_SK","og_type":"article","og_title":"Geboorteakte kopen - Buy real fake documents","og_description":"Geboorteakte kopen? U kunt nu online uw officiele en geregistreerde geboorteakte kopen via Dark Web en Telegram.","og_url":"https:\/\/buydocuments247.com\/sk\/geboorteakte-kopen\/","og_site_name":"Buy real fake documents","article_modified_time":"2025-11-30T21:06:45+00:00","og_image":[{"width":724,"height":1024,"url":"https:\/\/buydocuments247.com\/wp-content\/uploads\/2025\/11\/officieel-geregistreerde-geboorteakte-kopen.jpg","type":"image\/jpeg"}],"twitter_card":"summary_large_image","twitter_misc":{"Predpokladan\u00fd \u010das \u010d\u00edtania":"2 min\u00faty"},"schema":{"@context":"https:\/\/schema.org","@graph":[{"@type":"WebPage","@id":"https:\/\/buydocuments247.com\/geboorteakte-kopen\/","url":"https:\/\/buydocuments247.com\/geboorteakte-kopen\/","name":"K\u00fapi\u0165 rodn\u00fd list - K\u00fapi\u0165 skuto\u010dn\u00e9 falo\u0161n\u00e9 dokumenty","isPartOf":{"@id":"https:\/\/buydocuments247.com\/#website"},"primaryImageOfPage":{"@id":"https:\/\/buydocuments247.com\/geboorteakte-kopen\/#primaryimage"},"image":{"@id":"https:\/\/buydocuments247.com\/geboorteakte-kopen\/#primaryimage"},"thumbnailUrl":"https:\/\/buydocuments247.com\/wp-content\/uploads\/2025\/11\/officieel-geregistreerde-geboorteakte-kopen.jpg","datePublished":"2025-11-30T20:54:46+00:00","dateModified":"2025-11-30T21:06:45+00:00","description":"Chcete si k\u00fapi\u0165 rodn\u00fd list? Teraz si m\u00f4\u017eete k\u00fapi\u0165 svoj ofici\u00e1lny a registrovan\u00fd rodn\u00fd list online prostredn\u00edctvom Dark Webu a Telegramu.","breadcrumb":{"@id":"https:\/\/buydocuments247.com\/geboorteakte-kopen\/#breadcrumb"},"inLanguage":"sk-SK","potentialAction":[{"@type":"ReadAction","target":["https:\/\/buydocuments247.com\/geboorteakte-kopen\/"]}]},{"@type":"ImageObject","inLanguage":"sk-SK","@id":"https:\/\/buydocuments247.com\/geboorteakte-kopen\/#primaryimage","url":"https:\/\/buydocuments247.com\/wp-content\/uploads\/2025\/11\/officieel-geregistreerde-geboorteakte-kopen.jpg","contentUrl":"https:\/\/buydocuments247.com\/wp-content\/uploads\/2025\/11\/officieel-geregistreerde-geboorteakte-kopen.jpg"},{"@type":"BreadcrumbList","@id":"https:\/\/buydocuments247.com\/geboorteakte-kopen\/#breadcrumb","itemListElement":[{"@type":"ListItem","position":1,"name":"Home","item":"https:\/\/buydocuments247.com\/"},{"@type":"ListItem","position":2,"name":"Geboorteakte kopen"}]},{"@type":"WebSite","@id":"https:\/\/buydocuments247.com\/#website","url":"https:\/\/buydocuments247.com\/","name":"K\u00fapi\u0165 skuto\u010dn\u00e9 falo\u0161n\u00e9 dokumenty","description":"Chcete si k\u00fapi\u0165 prav\u00e9 a falo\u0161n\u00e9 dokumenty online? Diplom, vodi\u010dsk\u00fd preukaz a \u010fal\u0161ie.","potentialAction":[{"@type":"SearchAction","target":{"@type":"EntryPoint","urlTemplate":"https:\/\/buydocuments247.com\/?s={search_term_string}"},"query-input":{"@type":"PropertyValueSpecification","valueRequired":true,"valueName":"search_term_string"}}],"inLanguage":"sk-SK"}]}},"_links":{"self":[{"href":"https:\/\/buydocuments247.com\/sk\/wp-json\/wp\/v2\/pages\/140","targetHints":{"allow":["GET"]}}],"collection":[{"href":"https:\/\/buydocuments247.com\/sk\/wp-json\/wp\/v2\/pages"}],"about":[{"href":"https:\/\/buydocuments247.com\/sk\/wp-json\/wp\/v2\/types\/page"}],"author":[{"embeddable":true,"href":"https:\/\/buydocuments247.com\/sk\/wp-json\/wp\/v2\/users\/1"}],"replies":[{"embeddable":true,"href":"https:\/\/buydocuments247.com\/sk\/wp-json\/wp\/v2\/comments?post=140"}],"version-history":[{"count":7,"href":"https:\/\/buydocuments247.com\/sk\/wp-json\/wp\/v2\/pages\/140\/revisions"}],"predecessor-version":[{"id":152,"href":"https:\/\/buydocuments247.com\/sk\/wp-json\/wp\/v2\/pages\/140\/revisions\/152"}],"wp:attachment":[{"href":"https:\/\/buydocuments247.com\/sk\/wp-json\/wp\/v2\/media?parent=140"}],"curies":[{"name":"wp","href":"https:\/\/api.w.org\/{rel}","templated":true}]}}