{"id":24,"date":"2025-03-20T13:00:38","date_gmt":"2025-03-20T13:00:38","guid":{"rendered":"https:\/\/buydocuments247.com\/?page_id=24"},"modified":"2025-11-30T16:21:02","modified_gmt":"2025-11-30T16:21:02","slug":"diploma-kopen","status":"publish","type":"page","link":"https:\/\/buydocuments247.com\/sk\/","title":{"rendered":"K\u00fapi\u0165 diplom"},"content":{"rendered":"<h2 class=\"wp-block-heading\">K\u00fapi\u0165 si diplom? Ofici\u00e1lny alebo falo\u0161n\u00fd diplom si teraz m\u00f4\u017eete k\u00fapi\u0165 online.<\/h2>\n\n\n\n<p>A&nbsp;<strong>k\u00fapi\u0165 diplom&nbsp;<\/strong>v roku 2025 sa uskuto\u010dn\u00ed na adrese www.buydocuments247.com. N\u00e1\u0161 t\u00edm je najspo\u013eahlivej\u0161\u00ed zo v\u0161etk\u00fdch poskytovate\u013eov s viac ako 10-ro\u010dn\u00fdmi sk\u00fasenos\u0165ami. U n\u00e1s si m\u00f4\u017eete objedna\u0165 mnoho r\u00f4znych typov diplomov (s registr\u00e1ciou). \u0160pecializujeme sa na diplomy z r\u00f4znych kraj\u00edn, tak\u017ee zaru\u010dujeme dodanie najvy\u0161\u0161ej kvality. <\/p>\n\n\n\n<p>Je pre v\u00e1s dobr\u00e9, \u017ee ste zav\u00edtali na na\u0161u webov\u00fa str\u00e1nku, preto\u017ee sme jednotkou na trhu. Tu si m\u00f4\u017eete k\u00fapi\u0165 diplom vr\u00e1tane registr\u00e1cie. V\u00fdsledkom bude, \u017ee budete ma\u0165 spo\u013eahliv\u00fd diplom, ktor\u00fd v\u00e1m umo\u017en\u00ed robi\u0165 v\u0161etko, \u010do si budete pria\u0165. <\/p>\n\n\n\n<p>H\u013ead\u00e1te konkr\u00e9tny titul? Alebo potrebujete pom\u00f4c\u0165 ur\u010di\u0165, \u010do potrebujete? Vezmite si <a href=\"https:\/\/buydocuments247.com\/sk\/kontakt\/\">kontakt<\/a> alebo okam\u017eite po\u0161lite e-mail na adresu: <strong>BuyDocuments247@pm.me<\/strong><\/p>\n\n\n\n<figure class=\"wp-block-image size-full\"><img loading=\"lazy\" decoding=\"async\" width=\"692\" height=\"535\" src=\"https:\/\/buydocuments247.com\/wp-content\/uploads\/2025\/03\/diploma-kopen.jpg\" alt=\"k\u00fapi\u0165 diplom\" class=\"wp-image-94\" srcset=\"https:\/\/buydocuments247.com\/wp-content\/uploads\/2025\/03\/diploma-kopen.jpg 692w, https:\/\/buydocuments247.com\/wp-content\/uploads\/2025\/03\/diploma-kopen-300x232.jpg 300w, https:\/\/buydocuments247.com\/wp-content\/uploads\/2025\/03\/diploma-kopen-16x12.jpg 16w, https:\/\/buydocuments247.com\/wp-content\/uploads\/2025\/03\/diploma-kopen-230x178.jpg 230w, https:\/\/buydocuments247.com\/wp-content\/uploads\/2025\/03\/diploma-kopen-350x271.jpg 350w, https:\/\/buydocuments247.com\/wp-content\/uploads\/2025\/03\/diploma-kopen-480x371.jpg 480w\" sizes=\"auto, (max-width: 692px) 100vw, 692px\" \/><\/figure>\n\n\n\n<h2 class=\"wp-block-heading\">O n\u00e1s<\/h2>\n\n\n\n<p><a href=\"https:\/\/buydocuments247.com\/sk\/\">K\u00fapi\u0165Dokumenty247<\/a> vytv\u00e1ra najlep\u0161ie falo\u0161n\u00e9 falo\u0161n\u00e9 diplomy online s t\u00edmom pozost\u00e1vaj\u00facim z najlep\u0161\u00edch tvorcov diplomov na svete. M\u00e1me \u0161pecialistov po celom svete. V\u010faka dlhoro\u010dn\u00fdm sk\u00fasenostiam sa n\u00e1\u0161 sk\u00fasen\u00fd t\u00edm dizajn\u00e9rov \u0161pecializuje na vytv\u00e1ranie falo\u0161n\u00fdch diplomov a titulov\/osved\u010den\u00ed pre tis\u00edce stredn\u00fdch \u0161k\u00f4l, vysok\u00fdch \u0161k\u00f4l a univerz\u00edt z cel\u00e9ho sveta s ohromuj\u00facou presnos\u0165ou. K\u00fapa bakal\u00e1rskeho alebo magistersk\u00e9ho titulu je v dne\u0161nej dobe skuto\u010dne mo\u017en\u00e1. Nezodpoved\u00e1me za to, \u010do s diplomom urob\u00edte.<\/p>\n\n\n\n<h3 class=\"wp-block-heading\">Pre\u010do si k\u00fapi\u0165 diplom na BuyDocuments247?<\/h3>\n\n\n\n<p>V\u00e4\u010d\u0161ina na\u0161ich spokojn\u00fdch z\u00e1kazn\u00edkov z\u00fafalo t\u00fa\u017eila z\u00edska\u0165 titul. D\u00f4vodov m\u00f4\u017ee by\u0165 nieko\u013eko. Niektor\u00e9 diplomy je potrebn\u00e9 vymeni\u0165 alebo z\u00e1kazn\u00edk stratil \u010di po\u0161kodil svoj diplom. Pr\u00e1ve na to existujeme, sme pripraven\u00ed pom\u00f4c\u0165 v\u00e1m 24 hod\u00edn denne, 7 dn\u00ed v t\u00fd\u017edni a 365 dn\u00ed v roku! M\u00e1me mnoho sk\u00fasenost\u00ed, recenzi\u00ed a posudkov od z\u00e1kazn\u00edkov, ktor\u00ed si chceli k\u00fapi\u0165 diplom.<\/p>\n\n\n\n<p>Ak dl\u017e\u00edte \u0161kole peniaze, va\u0161a \u0161kola bola zatvoren\u00e1, \u00fadaje sa stratili, chcete oklama\u0165 svojich priate\u013eov a rodinu, potrebujete k\u00f3piu diplomu pre pr\u00e1cu, nemohli ste dokon\u010di\u0165 svoje vzdelanie alebo va\u0161e inform\u00e1cie s\u00fa kv\u00f4li technol\u00f3gi\u00e1m zastaran\u00e9 a nedostupn\u00e9, ste na spr\u00e1vnom mieste.<\/p>\n\n\n\n<p>Sme najlep\u0161\u00ed na svete v oblasti fal\u0161ovania a v\u00fdmeny falo\u0161n\u00fdch diplomov. Sta\u0148te sa aj vy v\u00ed\u0165azom a vyberte si n\u00e1s. M\u00f4\u017eete si by\u0165 ist\u00ed, \u017ee va\u0161e potreby bud\u00fa splnen\u00e9 a va\u0161e o\u010dak\u00e1vania bud\u00fa prekonan\u00e9 v\u010faka n\u00e1\u0161mu \u0161pi\u010dkov\u00e9mu produktu, vynikaj\u00facej kvalite a z\u00e1kazn\u00edckemu servisu, ktor\u00fd je na najvy\u0161\u0161ej \u00farovni.<\/p>\n\n\n\n<figure class=\"wp-block-image size-large\"><img loading=\"lazy\" decoding=\"async\" width=\"1024\" height=\"577\" src=\"https:\/\/buydocuments247.com\/wp-content\/uploads\/2025\/03\/diploma-kopen-ervaringen-reviews-getuigenissen-1024x577.png\" alt=\"k\u00fapi\u0165 diplom sk\u00fasenosti recenzie posudky\" class=\"wp-image-92\" srcset=\"https:\/\/buydocuments247.com\/wp-content\/uploads\/2025\/03\/diploma-kopen-ervaringen-reviews-getuigenissen-1024x577.png 1024w, https:\/\/buydocuments247.com\/wp-content\/uploads\/2025\/03\/diploma-kopen-ervaringen-reviews-getuigenissen-300x169.png 300w, https:\/\/buydocuments247.com\/wp-content\/uploads\/2025\/03\/diploma-kopen-ervaringen-reviews-getuigenissen-768x433.png 768w, https:\/\/buydocuments247.com\/wp-content\/uploads\/2025\/03\/diploma-kopen-ervaringen-reviews-getuigenissen-1536x865.png 1536w, https:\/\/buydocuments247.com\/wp-content\/uploads\/2025\/03\/diploma-kopen-ervaringen-reviews-getuigenissen-18x10.png 18w, https:\/\/buydocuments247.com\/wp-content\/uploads\/2025\/03\/diploma-kopen-ervaringen-reviews-getuigenissen-1000x563.png 1000w, https:\/\/buydocuments247.com\/wp-content\/uploads\/2025\/03\/diploma-kopen-ervaringen-reviews-getuigenissen-230x130.png 230w, https:\/\/buydocuments247.com\/wp-content\/uploads\/2025\/03\/diploma-kopen-ervaringen-reviews-getuigenissen-350x197.png 350w, https:\/\/buydocuments247.com\/wp-content\/uploads\/2025\/03\/diploma-kopen-ervaringen-reviews-getuigenissen-480x270.png 480w, https:\/\/buydocuments247.com\/wp-content\/uploads\/2025\/03\/diploma-kopen-ervaringen-reviews-getuigenissen.png 1640w\" sizes=\"auto, (max-width: 1024px) 100vw, 1024px\" \/><\/figure>\n\n\n\n<h3 class=\"wp-block-heading\">R\u00fdchlo si vybavte falo\u0161n\u00fd falo\u0161n\u00fd diplom<\/h3>\n\n\n\n<p>Pon\u00e1h\u013ea sa va\u0161a objedn\u00e1vka? \u017diadny probl\u00e9m! Dajte n\u00e1m vedie\u0165 a my sa o \u0148u postar\u00e1me \u010do najsk\u00f4r. M\u00e1me najr\u00fdchlej\u0161ie dodacie lehoty v tomto odvetv\u00ed.<\/p>\n\n\n\n<p>S nami m\u00f4\u017eete sledova\u0165 svoju objedn\u00e1vku. Po\u010das procesu navrhovania a tla\u010de budete dost\u00e1va\u0165 aj aktu\u00e1lne inform\u00e1cie. Nikdy v\u00e1s nenech\u00e1me v neistote a v ka\u017edom kroku ste informovan\u00ed o stave.<\/p>\n\n\n\n<p>Pon\u00fakame aj bleskov\u00fa dopravu (po celom svete)! Sp\u00fdtajte sa n\u00e1s na mo\u017enosti. Kliknite na <a href=\"https:\/\/buydocuments247.com\/sk\/kontakt\/\">kontakt<\/a> alebo po\u0161lite e-mail priamo na adresu: <strong>BuyDocuments247@pm.me<\/strong><\/p>\n\n\n\n<figure class=\"wp-block-image size-full\"><img loading=\"lazy\" decoding=\"async\" width=\"600\" height=\"455\" src=\"https:\/\/buydocuments247.com\/wp-content\/uploads\/2025\/03\/valse-nep-diploma-kopen-officieel.jpg\" alt=\"falo\u0161n\u00fd falo\u0161n\u00fd diplom k\u00fapi\u0165 ofici\u00e1lne\" class=\"wp-image-93\" srcset=\"https:\/\/buydocuments247.com\/wp-content\/uploads\/2025\/03\/valse-nep-diploma-kopen-officieel.jpg 600w, https:\/\/buydocuments247.com\/wp-content\/uploads\/2025\/03\/valse-nep-diploma-kopen-officieel-300x228.jpg 300w, https:\/\/buydocuments247.com\/wp-content\/uploads\/2025\/03\/valse-nep-diploma-kopen-officieel-16x12.jpg 16w, https:\/\/buydocuments247.com\/wp-content\/uploads\/2025\/03\/valse-nep-diploma-kopen-officieel-230x174.jpg 230w, https:\/\/buydocuments247.com\/wp-content\/uploads\/2025\/03\/valse-nep-diploma-kopen-officieel-350x265.jpg 350w, https:\/\/buydocuments247.com\/wp-content\/uploads\/2025\/03\/valse-nep-diploma-kopen-officieel-480x364.jpg 480w\" sizes=\"auto, (max-width: 600px) 100vw, 600px\" \/><\/figure>","protected":false},"excerpt":{"rendered":"<p>Diploma kopen? Uw officiele of valse diploma is nu online te koop. Een&nbsp;diploma&nbsp;kopen&nbsp;in 2025 doet u bij www.buydocuments247.com. Ons team is het [&hellip;]<\/p>\n","protected":false},"author":1,"featured_media":0,"parent":0,"menu_order":0,"comment_status":"closed","ping_status":"closed","template":"","meta":{"pagelayer_contact_templates":[],"_pagelayer_content":"","footnotes":""},"class_list":["post-24","page","type-page","status-publish","hentry"],"yoast_head":"<!-- This site is optimized with the Yoast SEO plugin v27.4 - https:\/\/yoast.com\/product\/yoast-seo-wordpress\/ -->\n<title>Diploma kopen - Buy real fake documents<\/title>\n<meta name=\"description\" content=\"Diploma kopen online met registratie. Uw officiele valse diploma is nu te koop in 2025. Betrouwbaar, officieel en reviews.\" \/>\n<meta name=\"robots\" content=\"index, follow, max-snippet:-1, max-image-preview:large, max-video-preview:-1\" \/>\n<link rel=\"canonical\" href=\"https:\/\/buydocuments247.com\/sk\/\" \/>\n<meta property=\"og:locale\" content=\"sk_SK\" \/>\n<meta property=\"og:type\" content=\"article\" \/>\n<meta property=\"og:title\" content=\"Diploma kopen - Buy real fake documents\" \/>\n<meta property=\"og:description\" content=\"Diploma kopen online met registratie. Uw officiele valse diploma is nu te koop in 2025. Betrouwbaar, officieel en reviews.\" \/>\n<meta property=\"og:url\" content=\"https:\/\/buydocuments247.com\/sk\/\" \/>\n<meta property=\"og:site_name\" content=\"Buy real fake documents\" \/>\n<meta property=\"article:modified_time\" content=\"2025-11-30T16:21:02+00:00\" \/>\n<meta property=\"og:image\" content=\"https:\/\/buydocuments247.com\/wp-content\/uploads\/2025\/03\/diploma-kopen.jpg\" \/>\n\t<meta property=\"og:image:width\" content=\"692\" \/>\n\t<meta property=\"og:image:height\" content=\"535\" \/>\n\t<meta property=\"og:image:type\" content=\"image\/jpeg\" \/>\n<meta name=\"twitter:card\" content=\"summary_large_image\" \/>\n<meta name=\"twitter:label1\" content=\"Predpokladan\u00fd \u010das \u010d\u00edtania\" \/>\n\t<meta name=\"twitter:data1\" content=\"3 min\u00faty\" \/>\n<script type=\"application\/ld+json\" class=\"yoast-schema-graph\">{\"@context\":\"https:\\\/\\\/schema.org\",\"@graph\":[{\"@type\":\"WebPage\",\"@id\":\"https:\\\/\\\/buydocuments247.com\\\/\",\"url\":\"https:\\\/\\\/buydocuments247.com\\\/\",\"name\":\"Diploma kopen - Buy real fake documents\",\"isPartOf\":{\"@id\":\"https:\\\/\\\/buydocuments247.com\\\/#website\"},\"primaryImageOfPage\":{\"@id\":\"https:\\\/\\\/buydocuments247.com\\\/#primaryimage\"},\"image\":{\"@id\":\"https:\\\/\\\/buydocuments247.com\\\/#primaryimage\"},\"thumbnailUrl\":\"https:\\\/\\\/buydocuments247.com\\\/wp-content\\\/uploads\\\/2025\\\/03\\\/diploma-kopen.jpg\",\"datePublished\":\"2025-03-20T13:00:38+00:00\",\"dateModified\":\"2025-11-30T16:21:02+00:00\",\"description\":\"Diploma kopen online met registratie. Uw officiele valse diploma is nu te koop in 2025. Betrouwbaar, officieel en reviews.\",\"breadcrumb\":{\"@id\":\"https:\\\/\\\/buydocuments247.com\\\/#breadcrumb\"},\"inLanguage\":\"sk-SK\",\"potentialAction\":[{\"@type\":\"ReadAction\",\"target\":[\"https:\\\/\\\/buydocuments247.com\\\/\"]}]},{\"@type\":\"ImageObject\",\"inLanguage\":\"sk-SK\",\"@id\":\"https:\\\/\\\/buydocuments247.com\\\/#primaryimage\",\"url\":\"https:\\\/\\\/buydocuments247.com\\\/wp-content\\\/uploads\\\/2025\\\/03\\\/diploma-kopen.jpg\",\"contentUrl\":\"https:\\\/\\\/buydocuments247.com\\\/wp-content\\\/uploads\\\/2025\\\/03\\\/diploma-kopen.jpg\"},{\"@type\":\"BreadcrumbList\",\"@id\":\"https:\\\/\\\/buydocuments247.com\\\/#breadcrumb\",\"itemListElement\":[{\"@type\":\"ListItem\",\"position\":1,\"name\":\"Home\",\"item\":\"https:\\\/\\\/buydocuments247.com\\\/\"},{\"@type\":\"ListItem\",\"position\":2,\"name\":\"Diploma kopen\"}]},{\"@type\":\"WebSite\",\"@id\":\"https:\\\/\\\/buydocuments247.com\\\/#website\",\"url\":\"https:\\\/\\\/buydocuments247.com\\\/\",\"name\":\"Buy real fake documents\",\"description\":\"Want to buy real and fake documents online? Diploma, driving license and more.\",\"potentialAction\":[{\"@type\":\"SearchAction\",\"target\":{\"@type\":\"EntryPoint\",\"urlTemplate\":\"https:\\\/\\\/buydocuments247.com\\\/?s={search_term_string}\"},\"query-input\":{\"@type\":\"PropertyValueSpecification\",\"valueRequired\":true,\"valueName\":\"search_term_string\"}}],\"inLanguage\":\"sk-SK\"}]}<\/script>\n<!-- \/ Yoast SEO plugin. -->","yoast_head_json":{"title":"K\u00fapi\u0165 diplom - K\u00fapi\u0165 skuto\u010dn\u00e9 falo\u0161n\u00e9 dokumenty","description":"K\u00fapte si diplom online s registr\u00e1ciou. V\u00e1\u0161 ofici\u00e1lny falo\u0161n\u00fd diplom je teraz v predaji v roku 2025. Spo\u013eahliv\u00e9, ofici\u00e1lne a recenzie.","robots":{"index":"index","follow":"follow","max-snippet":"max-snippet:-1","max-image-preview":"max-image-preview:large","max-video-preview":"max-video-preview:-1"},"canonical":"https:\/\/buydocuments247.com\/sk\/","og_locale":"sk_SK","og_type":"article","og_title":"Diploma kopen - Buy real fake documents","og_description":"Diploma kopen online met registratie. Uw officiele valse diploma is nu te koop in 2025. Betrouwbaar, officieel en reviews.","og_url":"https:\/\/buydocuments247.com\/sk\/","og_site_name":"Buy real fake documents","article_modified_time":"2025-11-30T16:21:02+00:00","og_image":[{"width":692,"height":535,"url":"https:\/\/buydocuments247.com\/wp-content\/uploads\/2025\/03\/diploma-kopen.jpg","type":"image\/jpeg"}],"twitter_card":"summary_large_image","twitter_misc":{"Predpokladan\u00fd \u010das \u010d\u00edtania":"3 min\u00faty"},"schema":{"@context":"https:\/\/schema.org","@graph":[{"@type":"WebPage","@id":"https:\/\/buydocuments247.com\/","url":"https:\/\/buydocuments247.com\/","name":"K\u00fapi\u0165 diplom - K\u00fapi\u0165 skuto\u010dn\u00e9 falo\u0161n\u00e9 dokumenty","isPartOf":{"@id":"https:\/\/buydocuments247.com\/#website"},"primaryImageOfPage":{"@id":"https:\/\/buydocuments247.com\/#primaryimage"},"image":{"@id":"https:\/\/buydocuments247.com\/#primaryimage"},"thumbnailUrl":"https:\/\/buydocuments247.com\/wp-content\/uploads\/2025\/03\/diploma-kopen.jpg","datePublished":"2025-03-20T13:00:38+00:00","dateModified":"2025-11-30T16:21:02+00:00","description":"K\u00fapte si diplom online s registr\u00e1ciou. V\u00e1\u0161 ofici\u00e1lny falo\u0161n\u00fd diplom je teraz v predaji v roku 2025. Spo\u013eahliv\u00e9, ofici\u00e1lne a recenzie.","breadcrumb":{"@id":"https:\/\/buydocuments247.com\/#breadcrumb"},"inLanguage":"sk-SK","potentialAction":[{"@type":"ReadAction","target":["https:\/\/buydocuments247.com\/"]}]},{"@type":"ImageObject","inLanguage":"sk-SK","@id":"https:\/\/buydocuments247.com\/#primaryimage","url":"https:\/\/buydocuments247.com\/wp-content\/uploads\/2025\/03\/diploma-kopen.jpg","contentUrl":"https:\/\/buydocuments247.com\/wp-content\/uploads\/2025\/03\/diploma-kopen.jpg"},{"@type":"BreadcrumbList","@id":"https:\/\/buydocuments247.com\/#breadcrumb","itemListElement":[{"@type":"ListItem","position":1,"name":"Home","item":"https:\/\/buydocuments247.com\/"},{"@type":"ListItem","position":2,"name":"Diploma kopen"}]},{"@type":"WebSite","@id":"https:\/\/buydocuments247.com\/#website","url":"https:\/\/buydocuments247.com\/","name":"K\u00fapi\u0165 skuto\u010dn\u00e9 falo\u0161n\u00e9 dokumenty","description":"Chcete si k\u00fapi\u0165 prav\u00e9 a falo\u0161n\u00e9 dokumenty online? Diplom, vodi\u010dsk\u00fd preukaz a \u010fal\u0161ie.","potentialAction":[{"@type":"SearchAction","target":{"@type":"EntryPoint","urlTemplate":"https:\/\/buydocuments247.com\/?s={search_term_string}"},"query-input":{"@type":"PropertyValueSpecification","valueRequired":true,"valueName":"search_term_string"}}],"inLanguage":"sk-SK"}]}},"_links":{"self":[{"href":"https:\/\/buydocuments247.com\/sk\/wp-json\/wp\/v2\/pages\/24","targetHints":{"allow":["GET"]}}],"collection":[{"href":"https:\/\/buydocuments247.com\/sk\/wp-json\/wp\/v2\/pages"}],"about":[{"href":"https:\/\/buydocuments247.com\/sk\/wp-json\/wp\/v2\/types\/page"}],"author":[{"embeddable":true,"href":"https:\/\/buydocuments247.com\/sk\/wp-json\/wp\/v2\/users\/1"}],"replies":[{"embeddable":true,"href":"https:\/\/buydocuments247.com\/sk\/wp-json\/wp\/v2\/comments?post=24"}],"version-history":[{"count":16,"href":"https:\/\/buydocuments247.com\/sk\/wp-json\/wp\/v2\/pages\/24\/revisions"}],"predecessor-version":[{"id":112,"href":"https:\/\/buydocuments247.com\/sk\/wp-json\/wp\/v2\/pages\/24\/revisions\/112"}],"wp:attachment":[{"href":"https:\/\/buydocuments247.com\/sk\/wp-json\/wp\/v2\/media?parent=24"}],"curies":[{"name":"wp","href":"https:\/\/api.w.org\/{rel}","templated":true}]}}