{"id":24,"date":"2025-03-20T13:00:38","date_gmt":"2025-03-20T13:00:38","guid":{"rendered":"https:\/\/buydocuments247.com\/?page_id=24"},"modified":"2025-11-30T16:21:02","modified_gmt":"2025-11-30T16:21:02","slug":"diploma-kopen","status":"publish","type":"page","link":"https:\/\/buydocuments247.com\/sl\/","title":{"rendered":"Nakup diplome"},"content":{"rendered":"<h2 class=\"wp-block-heading\">Kupite diplomo? Uradno ali ponarejeno diplomo lahko zdaj kupite na spletu.<\/h2>\n\n\n\n<p>A&nbsp;<strong>kupiti diplomo&nbsp;<\/strong>v letu 2025 na spletni strani www.buydocuments247.com. Na\u0161a ekipa je najzanesljivej\u0161a med vsemi ponudniki z ve\u010d kot 10-letnimi izku\u0161njami. Pri nas lahko naro\u010dite veliko razli\u010dnih vrst diplom (z registracijo). Specializirani smo za diplome iz razli\u010dnih dr\u017eav, zato vam zagotavljamo najvi\u0161jo kakovost. <\/p>\n\n\n\n<p>Dobro je, da ste pri\u0161li na na\u0161o spletno stran, saj smo \u0161tevilka ena na trgu. Pri nas lahko kupite diplomo, vklju\u010dno z registracijo. Tako boste imeli zanesljivo diplomo, ki vam bo omogo\u010dila, da po\u010dnete vse, kar si \u017eelite. <\/p>\n\n\n\n<p>I\u0161\u010dete posebno stopnjo izobrazbe? Ali pa potrebujete pomo\u010d pri dolo\u010danju, kaj potrebujete? Vzemite <a href=\"https:\/\/buydocuments247.com\/sl\/kontaktirajte\/\">kontaktirajte<\/a> ali takoj po\u0161ljite e-po\u0161to na naslov: <strong>BuyDocuments247@pm.me<\/strong><\/p>\n\n\n\n<figure class=\"wp-block-image size-full\"><img loading=\"lazy\" decoding=\"async\" width=\"692\" height=\"535\" src=\"https:\/\/buydocuments247.com\/wp-content\/uploads\/2025\/03\/diploma-kopen.jpg\" alt=\"kupiti diplomo\" class=\"wp-image-94\" srcset=\"https:\/\/buydocuments247.com\/wp-content\/uploads\/2025\/03\/diploma-kopen.jpg 692w, https:\/\/buydocuments247.com\/wp-content\/uploads\/2025\/03\/diploma-kopen-300x232.jpg 300w, https:\/\/buydocuments247.com\/wp-content\/uploads\/2025\/03\/diploma-kopen-16x12.jpg 16w, https:\/\/buydocuments247.com\/wp-content\/uploads\/2025\/03\/diploma-kopen-230x178.jpg 230w, https:\/\/buydocuments247.com\/wp-content\/uploads\/2025\/03\/diploma-kopen-350x271.jpg 350w, https:\/\/buydocuments247.com\/wp-content\/uploads\/2025\/03\/diploma-kopen-480x371.jpg 480w\" sizes=\"auto, (max-width: 692px) 100vw, 692px\" \/><\/figure>\n\n\n\n<h2 class=\"wp-block-heading\">O nas<\/h2>\n\n\n\n<p><a href=\"https:\/\/buydocuments247.com\/sl\/\">Nakup dokumentov247<\/a> z ekipo, ki jo sestavljajo najbolj\u0161i izdelovalci diplom na svetu, izdeluje najbolj\u0161e la\u017ene la\u017ene diplome na spletu. Imamo strokovnjake po vsem svetu. Na\u0161a izku\u0161ena oblikovalska ekipa je z dolgoletnimi izku\u0161njami specializirana za izdelavo ponarejenih diplom in diplom\/certifikatov za tiso\u010de srednjih \u0161ol, fakultet in univerz z vsega sveta z osupljivo natan\u010dnostjo. Nakup diplomske ali magistrske diplome je dandanes resni\u010dno mogo\u010d. Ne odgovarjamo za to, kaj boste naredili z diplomo.<\/p>\n\n\n\n<h3 class=\"wp-block-heading\">Zakaj kupiti diplomo pri BuyDocuments247?<\/h3>\n\n\n\n<p>Ve\u010dina na\u0161ih zadovoljnih strank je bila obupana nad stopnjo. Razlogov za to je lahko ve\u010d. Nekatere diplome potrebujejo zamenjavo ali pa je stranka diplomo izgubila ali po\u0161kodovala. Za to obstajamo mi, ki smo vam pripravljeni pomagati 24 ur na dan, 7 dni v tednu in 365 dni na leto! Imamo veliko izku\u0161enj, pregledov in pri\u010devanj strank, ki so \u017eelele kupiti diplomo.<\/p>\n\n\n\n<p>\u010ce ste \u0161oli dol\u017eni denar, je \u0161ola zaprta, so se izgubili podatki, \u017eelite preslepiti prijatelje in dru\u017eino, potrebujete kopijo diplome za slu\u017ebo, niste mogli dokon\u010dati izobra\u017eevanja ali pa so zaradi tehnologije va\u0161i podatki zastareli in nedostopni, ste pri\u0161li na pravo mesto.<\/p>\n\n\n\n<p>Na podro\u010dju ponarejanja in zamenjave ponarejenih diplom smo najbolj\u0161i na svetu. Postanite tudi vi zmagovalec in izberite nas. Lahko ste prepri\u010dani, da bodo va\u0161e potrebe izpolnjene, va\u0161a pri\u010dakovanja pa prese\u017eena zaradi na\u0161ega vrhunskega izdelka, odli\u010dne kakovosti in storitev za stranke, ki so najvi\u0161je kakovosti.<\/p>\n\n\n\n<figure class=\"wp-block-image size-large\"><img loading=\"lazy\" decoding=\"async\" width=\"1024\" height=\"577\" src=\"https:\/\/buydocuments247.com\/wp-content\/uploads\/2025\/03\/diploma-kopen-ervaringen-reviews-getuigenissen-1024x577.png\" alt=\"nakup diplome izku\u0161nje pregledi pri\u010devanja\" class=\"wp-image-92\" srcset=\"https:\/\/buydocuments247.com\/wp-content\/uploads\/2025\/03\/diploma-kopen-ervaringen-reviews-getuigenissen-1024x577.png 1024w, https:\/\/buydocuments247.com\/wp-content\/uploads\/2025\/03\/diploma-kopen-ervaringen-reviews-getuigenissen-300x169.png 300w, https:\/\/buydocuments247.com\/wp-content\/uploads\/2025\/03\/diploma-kopen-ervaringen-reviews-getuigenissen-768x433.png 768w, https:\/\/buydocuments247.com\/wp-content\/uploads\/2025\/03\/diploma-kopen-ervaringen-reviews-getuigenissen-1536x865.png 1536w, https:\/\/buydocuments247.com\/wp-content\/uploads\/2025\/03\/diploma-kopen-ervaringen-reviews-getuigenissen-18x10.png 18w, https:\/\/buydocuments247.com\/wp-content\/uploads\/2025\/03\/diploma-kopen-ervaringen-reviews-getuigenissen-1000x563.png 1000w, https:\/\/buydocuments247.com\/wp-content\/uploads\/2025\/03\/diploma-kopen-ervaringen-reviews-getuigenissen-230x130.png 230w, https:\/\/buydocuments247.com\/wp-content\/uploads\/2025\/03\/diploma-kopen-ervaringen-reviews-getuigenissen-350x197.png 350w, https:\/\/buydocuments247.com\/wp-content\/uploads\/2025\/03\/diploma-kopen-ervaringen-reviews-getuigenissen-480x270.png 480w, https:\/\/buydocuments247.com\/wp-content\/uploads\/2025\/03\/diploma-kopen-ervaringen-reviews-getuigenissen.png 1640w\" sizes=\"auto, (max-width: 1024px) 100vw, 1024px\" \/><\/figure>\n\n\n\n<h3 class=\"wp-block-heading\">Hitro uredite svojo ponarejeno ponarejeno diplomo<\/h3>\n\n\n\n<p>Se vam mudi z naro\u010dilom? Nobenega problema! Sporo\u010dite nam to in poskrbeli bomo za vas v najkraj\u0161em mo\u017enem \u010dasu. Imamo najhitrej\u0161i dobavni rok v tej panogi.<\/p>\n\n\n\n<p>Pri nas lahko spremljate svoje naro\u010dilo. Med oblikovanjem in tiskanjem boste prejeli tudi posodobitve. Nikoli vas ne pustimo v negotovosti in na vsakem koraku ste obve\u0161\u010deni o stanju.<\/p>\n\n\n\n<p>Ponujamo tudi bliskovito hitro dostavo (po vsem svetu)! Vpra\u0161ajte nas o mo\u017enostih. Kliknite na <a href=\"https:\/\/buydocuments247.com\/sl\/kontaktirajte\/\">kontaktirajte<\/a> ali po\u0161ljite e-po\u0161to neposredno na naslov: <strong>BuyDocuments247@pm.me<\/strong><\/p>\n\n\n\n<figure class=\"wp-block-image size-full\"><img loading=\"lazy\" decoding=\"async\" width=\"600\" height=\"455\" src=\"https:\/\/buydocuments247.com\/wp-content\/uploads\/2025\/03\/valse-nep-diploma-kopen-officieel.jpg\" alt=\"ponaredek ponarejena diploma kupiti uradni\" class=\"wp-image-93\" srcset=\"https:\/\/buydocuments247.com\/wp-content\/uploads\/2025\/03\/valse-nep-diploma-kopen-officieel.jpg 600w, https:\/\/buydocuments247.com\/wp-content\/uploads\/2025\/03\/valse-nep-diploma-kopen-officieel-300x228.jpg 300w, https:\/\/buydocuments247.com\/wp-content\/uploads\/2025\/03\/valse-nep-diploma-kopen-officieel-16x12.jpg 16w, https:\/\/buydocuments247.com\/wp-content\/uploads\/2025\/03\/valse-nep-diploma-kopen-officieel-230x174.jpg 230w, https:\/\/buydocuments247.com\/wp-content\/uploads\/2025\/03\/valse-nep-diploma-kopen-officieel-350x265.jpg 350w, https:\/\/buydocuments247.com\/wp-content\/uploads\/2025\/03\/valse-nep-diploma-kopen-officieel-480x364.jpg 480w\" sizes=\"auto, (max-width: 600px) 100vw, 600px\" \/><\/figure>","protected":false},"excerpt":{"rendered":"<p>Diploma kopen? Uw officiele of valse diploma is nu online te koop. Een&nbsp;diploma&nbsp;kopen&nbsp;in 2025 doet u bij www.buydocuments247.com. Ons team is het [&hellip;]<\/p>\n","protected":false},"author":1,"featured_media":0,"parent":0,"menu_order":0,"comment_status":"closed","ping_status":"closed","template":"","meta":{"pagelayer_contact_templates":[],"_pagelayer_content":"","footnotes":""},"class_list":["post-24","page","type-page","status-publish","hentry"],"yoast_head":"<!-- This site is optimized with the Yoast SEO plugin v27.4 - https:\/\/yoast.com\/product\/yoast-seo-wordpress\/ -->\n<title>Diploma kopen - Buy real fake documents<\/title>\n<meta name=\"description\" content=\"Diploma kopen online met registratie. Uw officiele valse diploma is nu te koop in 2025. Betrouwbaar, officieel en reviews.\" \/>\n<meta name=\"robots\" content=\"index, follow, max-snippet:-1, max-image-preview:large, max-video-preview:-1\" \/>\n<link rel=\"canonical\" href=\"https:\/\/buydocuments247.com\/sl\/\" \/>\n<meta property=\"og:locale\" content=\"sl_SI\" \/>\n<meta property=\"og:type\" content=\"article\" \/>\n<meta property=\"og:title\" content=\"Diploma kopen - Buy real fake documents\" \/>\n<meta property=\"og:description\" content=\"Diploma kopen online met registratie. Uw officiele valse diploma is nu te koop in 2025. Betrouwbaar, officieel en reviews.\" \/>\n<meta property=\"og:url\" content=\"https:\/\/buydocuments247.com\/sl\/\" \/>\n<meta property=\"og:site_name\" content=\"Buy real fake documents\" \/>\n<meta property=\"article:modified_time\" content=\"2025-11-30T16:21:02+00:00\" \/>\n<meta property=\"og:image\" content=\"https:\/\/buydocuments247.com\/wp-content\/uploads\/2025\/03\/diploma-kopen.jpg\" \/>\n\t<meta property=\"og:image:width\" content=\"692\" \/>\n\t<meta property=\"og:image:height\" content=\"535\" \/>\n\t<meta property=\"og:image:type\" content=\"image\/jpeg\" \/>\n<meta name=\"twitter:card\" content=\"summary_large_image\" \/>\n<meta name=\"twitter:label1\" content=\"Est. reading time\" \/>\n\t<meta name=\"twitter:data1\" content=\"3 minute\" \/>\n<script type=\"application\/ld+json\" class=\"yoast-schema-graph\">{\"@context\":\"https:\\\/\\\/schema.org\",\"@graph\":[{\"@type\":\"WebPage\",\"@id\":\"https:\\\/\\\/buydocuments247.com\\\/\",\"url\":\"https:\\\/\\\/buydocuments247.com\\\/\",\"name\":\"Diploma kopen - Buy real fake documents\",\"isPartOf\":{\"@id\":\"https:\\\/\\\/buydocuments247.com\\\/#website\"},\"primaryImageOfPage\":{\"@id\":\"https:\\\/\\\/buydocuments247.com\\\/#primaryimage\"},\"image\":{\"@id\":\"https:\\\/\\\/buydocuments247.com\\\/#primaryimage\"},\"thumbnailUrl\":\"https:\\\/\\\/buydocuments247.com\\\/wp-content\\\/uploads\\\/2025\\\/03\\\/diploma-kopen.jpg\",\"datePublished\":\"2025-03-20T13:00:38+00:00\",\"dateModified\":\"2025-11-30T16:21:02+00:00\",\"description\":\"Diploma kopen online met registratie. Uw officiele valse diploma is nu te koop in 2025. Betrouwbaar, officieel en reviews.\",\"breadcrumb\":{\"@id\":\"https:\\\/\\\/buydocuments247.com\\\/#breadcrumb\"},\"inLanguage\":\"sl-SI\",\"potentialAction\":[{\"@type\":\"ReadAction\",\"target\":[\"https:\\\/\\\/buydocuments247.com\\\/\"]}]},{\"@type\":\"ImageObject\",\"inLanguage\":\"sl-SI\",\"@id\":\"https:\\\/\\\/buydocuments247.com\\\/#primaryimage\",\"url\":\"https:\\\/\\\/buydocuments247.com\\\/wp-content\\\/uploads\\\/2025\\\/03\\\/diploma-kopen.jpg\",\"contentUrl\":\"https:\\\/\\\/buydocuments247.com\\\/wp-content\\\/uploads\\\/2025\\\/03\\\/diploma-kopen.jpg\"},{\"@type\":\"BreadcrumbList\",\"@id\":\"https:\\\/\\\/buydocuments247.com\\\/#breadcrumb\",\"itemListElement\":[{\"@type\":\"ListItem\",\"position\":1,\"name\":\"Home\",\"item\":\"https:\\\/\\\/buydocuments247.com\\\/\"},{\"@type\":\"ListItem\",\"position\":2,\"name\":\"Diploma kopen\"}]},{\"@type\":\"WebSite\",\"@id\":\"https:\\\/\\\/buydocuments247.com\\\/#website\",\"url\":\"https:\\\/\\\/buydocuments247.com\\\/\",\"name\":\"Buy real fake documents\",\"description\":\"Want to buy real and fake documents online? Diploma, driving license and more.\",\"potentialAction\":[{\"@type\":\"SearchAction\",\"target\":{\"@type\":\"EntryPoint\",\"urlTemplate\":\"https:\\\/\\\/buydocuments247.com\\\/?s={search_term_string}\"},\"query-input\":{\"@type\":\"PropertyValueSpecification\",\"valueRequired\":true,\"valueName\":\"search_term_string\"}}],\"inLanguage\":\"sl-SI\"}]}<\/script>\n<!-- \/ Yoast SEO plugin. -->","yoast_head_json":{"title":"Nakup diplome - Nakup pravih ponarejenih dokumentov","description":"Kupite diplomo na spletu z registracijo. Va\u0161a uradna ponarejena diploma je zdaj naprodaj v letu 2025. Zanesljiva, uradna in pregledi.","robots":{"index":"index","follow":"follow","max-snippet":"max-snippet:-1","max-image-preview":"max-image-preview:large","max-video-preview":"max-video-preview:-1"},"canonical":"https:\/\/buydocuments247.com\/sl\/","og_locale":"sl_SI","og_type":"article","og_title":"Diploma kopen - Buy real fake documents","og_description":"Diploma kopen online met registratie. Uw officiele valse diploma is nu te koop in 2025. Betrouwbaar, officieel en reviews.","og_url":"https:\/\/buydocuments247.com\/sl\/","og_site_name":"Buy real fake documents","article_modified_time":"2025-11-30T16:21:02+00:00","og_image":[{"width":692,"height":535,"url":"https:\/\/buydocuments247.com\/wp-content\/uploads\/2025\/03\/diploma-kopen.jpg","type":"image\/jpeg"}],"twitter_card":"summary_large_image","twitter_misc":{"Est. reading time":"3 minute"},"schema":{"@context":"https:\/\/schema.org","@graph":[{"@type":"WebPage","@id":"https:\/\/buydocuments247.com\/","url":"https:\/\/buydocuments247.com\/","name":"Nakup diplome - Nakup pravih ponarejenih dokumentov","isPartOf":{"@id":"https:\/\/buydocuments247.com\/#website"},"primaryImageOfPage":{"@id":"https:\/\/buydocuments247.com\/#primaryimage"},"image":{"@id":"https:\/\/buydocuments247.com\/#primaryimage"},"thumbnailUrl":"https:\/\/buydocuments247.com\/wp-content\/uploads\/2025\/03\/diploma-kopen.jpg","datePublished":"2025-03-20T13:00:38+00:00","dateModified":"2025-11-30T16:21:02+00:00","description":"Kupite diplomo na spletu z registracijo. Va\u0161a uradna ponarejena diploma je zdaj naprodaj v letu 2025. Zanesljiva, uradna in pregledi.","breadcrumb":{"@id":"https:\/\/buydocuments247.com\/#breadcrumb"},"inLanguage":"sl-SI","potentialAction":[{"@type":"ReadAction","target":["https:\/\/buydocuments247.com\/"]}]},{"@type":"ImageObject","inLanguage":"sl-SI","@id":"https:\/\/buydocuments247.com\/#primaryimage","url":"https:\/\/buydocuments247.com\/wp-content\/uploads\/2025\/03\/diploma-kopen.jpg","contentUrl":"https:\/\/buydocuments247.com\/wp-content\/uploads\/2025\/03\/diploma-kopen.jpg"},{"@type":"BreadcrumbList","@id":"https:\/\/buydocuments247.com\/#breadcrumb","itemListElement":[{"@type":"ListItem","position":1,"name":"Home","item":"https:\/\/buydocuments247.com\/"},{"@type":"ListItem","position":2,"name":"Diploma kopen"}]},{"@type":"WebSite","@id":"https:\/\/buydocuments247.com\/#website","url":"https:\/\/buydocuments247.com\/","name":"Kupite prave ponarejene dokumente","description":"\u017delite kupiti prave in ponarejene dokumente na spletu? Diplom, vozni\u0161ko dovoljenje in \u0161e ve\u010d.","potentialAction":[{"@type":"SearchAction","target":{"@type":"EntryPoint","urlTemplate":"https:\/\/buydocuments247.com\/?s={search_term_string}"},"query-input":{"@type":"PropertyValueSpecification","valueRequired":true,"valueName":"search_term_string"}}],"inLanguage":"sl-SI"}]}},"_links":{"self":[{"href":"https:\/\/buydocuments247.com\/sl\/wp-json\/wp\/v2\/pages\/24","targetHints":{"allow":["GET"]}}],"collection":[{"href":"https:\/\/buydocuments247.com\/sl\/wp-json\/wp\/v2\/pages"}],"about":[{"href":"https:\/\/buydocuments247.com\/sl\/wp-json\/wp\/v2\/types\/page"}],"author":[{"embeddable":true,"href":"https:\/\/buydocuments247.com\/sl\/wp-json\/wp\/v2\/users\/1"}],"replies":[{"embeddable":true,"href":"https:\/\/buydocuments247.com\/sl\/wp-json\/wp\/v2\/comments?post=24"}],"version-history":[{"count":16,"href":"https:\/\/buydocuments247.com\/sl\/wp-json\/wp\/v2\/pages\/24\/revisions"}],"predecessor-version":[{"id":112,"href":"https:\/\/buydocuments247.com\/sl\/wp-json\/wp\/v2\/pages\/24\/revisions\/112"}],"wp:attachment":[{"href":"https:\/\/buydocuments247.com\/sl\/wp-json\/wp\/v2\/media?parent=24"}],"curies":[{"name":"wp","href":"https:\/\/api.w.org\/{rel}","templated":true}]}}