{"id":140,"date":"2025-11-30T20:54:46","date_gmt":"2025-11-30T20:54:46","guid":{"rendered":"https:\/\/buydocuments247.com\/?page_id=140"},"modified":"2025-11-30T21:06:45","modified_gmt":"2025-11-30T21:06:45","slug":"geboorteakte-kopen","status":"publish","type":"page","link":"https:\/\/buydocuments247.com\/sq\/geboorteakte-kopen\/","title":{"rendered":"Blej nj\u00eb certifikat\u00eb lindjeje"},"content":{"rendered":"<h2 class=\"wp-block-heading\">Bli nj\u00eb certifikat\u00eb zyrtare t\u00eb lindjes s\u00eb regjistruar.<\/h2>\n\n\n\n<p>A d\u00ebshironi t\u00eb blini nj\u00eb certifikat\u00eb lindjeje? \u00cbsht\u00eb e r\u00ebnd\u00ebsishme t\u00eb kuptoni se vendet kan\u00eb rregulla t\u00eb ndryshme p\u00ebr l\u00ebshimin e certifikatave t\u00eb lindjes. Ne jemi t\u00eb njohur me rregullat e shumic\u00ebs s\u00eb vendeve kryesore\/popullore dhe dim\u00eb sakt\u00ebsisht \u00e7far\u00eb duhet marr\u00eb n\u00eb konsiderat\u00eb. P\u00ebrmes nesh, mund t\u00eb blini leht\u00ebsisht nj\u00eb certifikat\u00eb lindjeje zyrtare dhe t\u00eb regjistruar. Ju lutemi na kontaktoni. <a href=\"https:\/\/buydocuments247.com\/sq\/kontakt\/\">kontakt<\/a> Na kontaktoni p\u00ebr t\u00eb filluar blerjen e certifikat\u00ebs suaj t\u00eb lindjes n\u00eb BuyDocuments247. <\/p>\n\n\n\n<figure class=\"wp-block-pullquote\"><blockquote><p>Ose d\u00ebrgoni nj\u00eb email drejtp\u00ebrdrejt n\u00eb: BuyDocuments247@pm.me<\/p><\/blockquote><\/figure>\n\n\n\n<p>Stafi yn\u00eb do t'ju k\u00ebrkoj\u00eb informacionin e nevojsh\u00ebm p\u00ebr t\u00eb krijuar dhe, n\u00ebse \u00ebsht\u00eb e nevojshme, p\u00ebr t\u00eb regjistruar certifikat\u00ebn tuaj t\u00eb re t\u00eb lindjes. Ai ose ajo do t'ju d\u00ebrgoj\u00eb nj\u00eb list\u00eb me detajet e k\u00ebrkuara. Informacioni q\u00eb jepni n\u00eb formularin e aplikimit duhet t\u00eb jet\u00eb i sakt\u00eb, pasi do t\u00eb p\u00ebrdoret p\u00ebr t\u00eb krijuar certifikat\u00ebn tuaj t\u00eb re t\u00eb lindjes. N\u00ebse b\u00ebni nj\u00eb gabim dhe nuk e raportoni n\u00eb koh\u00eb, certifikata juaj e sapobler\u00eb e lindjes mund t\u00eb mos jet\u00eb ajo q\u00eb d\u00ebshironit. Kur blini nj\u00eb certifikat\u00eb lindjeje online p\u00ebrmes nesh, ajo do t\u00eb d\u00ebrgohet n\u00eb adres\u00ebn q\u00eb shkruani n\u00eb formularin tuaj t\u00eb aplikimit. Kjo mund t\u00eb jet\u00eb edhe nj\u00eb pik\u00eb parcelash, gj\u00eb q\u00eb nuk paraqet problem. <\/p>\n\n\n\n<figure class=\"wp-block-gallery has-nested-images columns-default is-cropped wp-block-gallery-1 is-layout-flex wp-block-gallery-is-layout-flex\">\n<figure class=\"wp-block-image size-large\"><img loading=\"lazy\" decoding=\"async\" width=\"724\" height=\"1024\" data-id=\"149\" src=\"https:\/\/buydocuments247.com\/wp-content\/uploads\/2025\/11\/officieel-geregistreerde-geboorteakte-kopen.jpg\" alt=\"Bleni nj\u00eb certifikat\u00eb zyrtare t\u00eb regjistruar lindjeje.\" class=\"wp-image-149\" srcset=\"https:\/\/buydocuments247.com\/wp-content\/uploads\/2025\/11\/officieel-geregistreerde-geboorteakte-kopen.jpg 724w, https:\/\/buydocuments247.com\/wp-content\/uploads\/2025\/11\/officieel-geregistreerde-geboorteakte-kopen-212x300.jpg 212w, https:\/\/buydocuments247.com\/wp-content\/uploads\/2025\/11\/officieel-geregistreerde-geboorteakte-kopen-8x12.jpg 8w, https:\/\/buydocuments247.com\/wp-content\/uploads\/2025\/11\/officieel-geregistreerde-geboorteakte-kopen-230x325.jpg 230w, https:\/\/buydocuments247.com\/wp-content\/uploads\/2025\/11\/officieel-geregistreerde-geboorteakte-kopen-350x495.jpg 350w, https:\/\/buydocuments247.com\/wp-content\/uploads\/2025\/11\/officieel-geregistreerde-geboorteakte-kopen-480x679.jpg 480w\" sizes=\"auto, (max-width: 724px) 100vw, 724px\" \/><\/figure>\n\n\n\n<figure class=\"wp-block-image size-large\"><img loading=\"lazy\" decoding=\"async\" width=\"800\" height=\"599\" data-id=\"148\" src=\"https:\/\/buydocuments247.com\/wp-content\/uploads\/2025\/11\/Geboorteakte-kopen.jpg\" alt=\"Blej nj\u00eb certifikat\u00eb lindjeje\" class=\"wp-image-148\" srcset=\"https:\/\/buydocuments247.com\/wp-content\/uploads\/2025\/11\/Geboorteakte-kopen.jpg 800w, https:\/\/buydocuments247.com\/wp-content\/uploads\/2025\/11\/Geboorteakte-kopen-300x225.jpg 300w, https:\/\/buydocuments247.com\/wp-content\/uploads\/2025\/11\/Geboorteakte-kopen-768x575.jpg 768w, https:\/\/buydocuments247.com\/wp-content\/uploads\/2025\/11\/Geboorteakte-kopen-16x12.jpg 16w, https:\/\/buydocuments247.com\/wp-content\/uploads\/2025\/11\/Geboorteakte-kopen-230x172.jpg 230w, https:\/\/buydocuments247.com\/wp-content\/uploads\/2025\/11\/Geboorteakte-kopen-350x262.jpg 350w, https:\/\/buydocuments247.com\/wp-content\/uploads\/2025\/11\/Geboorteakte-kopen-480x359.jpg 480w\" sizes=\"auto, (max-width: 800px) 100vw, 800px\" \/><\/figure>\n<\/figure>\n\n\n\n<h3 class=\"wp-block-heading\">Pse njer\u00ebzit kan\u00eb nevoj\u00eb p\u00ebr nj\u00eb certifikat\u00eb t\u00eb re lindjeje t\u00eb rreme?<\/h3>\n\n\n\n<p>Ka disa arsye pse njer\u00ebzit duhet t\u00eb blejn\u00eb nj\u00eb certifikat\u00eb lindjeje online. K\u00ebto situata p\u00ebrfshijn\u00eb: <\/p>\n\n\n\n<ul class=\"wp-block-list\">\n<li>N\u00ebse d\u00ebshironi t\u00eb rishkruani ekzistenc\u00ebn tuaj, mund t\u00eb blini nj\u00eb certifikat\u00eb t\u00eb rreme lindjeje. <\/li>\n\n\n\n<li>N\u00ebse ju nevojitet nj\u00eb dokument identiteti t\u00eb rrem\u00eb, mund t'ju duhet t\u00eb filloni duke bler\u00eb nj\u00eb certifikat\u00eb lindjeje t\u00eb rreme.<\/li>\n\n\n\n<li>N\u00ebse keni konsideruar se nj\u00eb <a href=\"https:\/\/buydocuments247.com\/sq\/blej-nje-patente-drejtimi\/\">blej nj\u00eb patent\u00eb drejtimi<\/a> \u00ebsht\u00eb ideal p\u00ebr situat\u00ebn tuaj, por d\u00ebshironi t\u00eb adoptoni nj\u00eb em\u00ebr tjet\u00ebr. <\/li>\n\n\n\n<li>N\u00ebse ju nevojitet nj\u00eb pasaport\u00eb e rreme, duhet t\u00eb filloni duke bler\u00eb nga ne nj\u00eb certifikat\u00eb lindjeje t\u00eb rreme dhe nj\u00eb kart\u00eb identiteti t\u00eb rreme.<\/li>\n<\/ul>\n\n\n\n<p>S\u00eb fundi, edhe p\u00ebr ata q\u00eb d\u00ebshirojn\u00eb t\u00eb tregojn\u00eb nj\u00eb mosh\u00eb tjet\u00ebr ose t\u00eb provojn\u00eb se jan\u00eb lindur diku tjet\u00ebr (ose p\u00ebr ndonj\u00eb arsye tjet\u00ebr), gjithmon\u00eb mund t\u00eb mb\u00ebshteteni te BuyDocuments247 p\u00ebr t\u00eb bler\u00eb nj\u00eb certifikat\u00eb lindjeje t\u00eb rreme t\u00eb v\u00ebrtet\u00eb ose nj\u00eb certifikat\u00eb lindjeje t\u00eb rreme t\u00eb regjistruar. Jemi n\u00eb dispozicion 24\/7 p\u00ebr t'ju ndihmuar me blerjen tuaj.<\/p>","protected":false},"excerpt":{"rendered":"<p>Een geregistreerde, officiele geboorteakte kopen Wilt u een geboorteakte kopen? Het is belangrijk om te begrijpen dat landen verschillende regels hanteren voor [&hellip;]<\/p>\n","protected":false},"author":1,"featured_media":0,"parent":0,"menu_order":0,"comment_status":"closed","ping_status":"closed","template":"","meta":{"pagelayer_contact_templates":[],"_pagelayer_content":"","footnotes":""},"class_list":["post-140","page","type-page","status-publish","hentry"],"yoast_head":"<!-- This site is optimized with the Yoast SEO plugin v27.4 - https:\/\/yoast.com\/product\/yoast-seo-wordpress\/ -->\n<title>Geboorteakte kopen - Buy real fake documents<\/title>\n<meta name=\"description\" content=\"Geboorteakte kopen? U kunt nu online uw officiele en geregistreerde geboorteakte kopen via Dark Web en Telegram.\" \/>\n<meta name=\"robots\" content=\"index, follow, max-snippet:-1, max-image-preview:large, max-video-preview:-1\" \/>\n<link rel=\"canonical\" href=\"https:\/\/buydocuments247.com\/sq\/geboorteakte-kopen\/\" \/>\n<meta property=\"og:locale\" content=\"sq_AL\" \/>\n<meta property=\"og:type\" content=\"article\" \/>\n<meta property=\"og:title\" content=\"Geboorteakte kopen - Buy real fake documents\" \/>\n<meta property=\"og:description\" content=\"Geboorteakte kopen? U kunt nu online uw officiele en geregistreerde geboorteakte kopen via Dark Web en Telegram.\" \/>\n<meta property=\"og:url\" content=\"https:\/\/buydocuments247.com\/sq\/geboorteakte-kopen\/\" \/>\n<meta property=\"og:site_name\" content=\"Buy real fake documents\" \/>\n<meta property=\"article:modified_time\" content=\"2025-11-30T21:06:45+00:00\" \/>\n<meta property=\"og:image\" content=\"https:\/\/buydocuments247.com\/wp-content\/uploads\/2025\/11\/officieel-geregistreerde-geboorteakte-kopen.jpg\" \/>\n\t<meta property=\"og:image:width\" content=\"724\" \/>\n\t<meta property=\"og:image:height\" content=\"1024\" \/>\n\t<meta property=\"og:image:type\" content=\"image\/jpeg\" \/>\n<meta name=\"twitter:card\" content=\"summary_large_image\" \/>\n<meta name=\"twitter:label1\" content=\"Est. reading time\" \/>\n\t<meta name=\"twitter:data1\" content=\"2 minuta\" \/>\n<script type=\"application\/ld+json\" class=\"yoast-schema-graph\">{\"@context\":\"https:\\\/\\\/schema.org\",\"@graph\":[{\"@type\":\"WebPage\",\"@id\":\"https:\\\/\\\/buydocuments247.com\\\/geboorteakte-kopen\\\/\",\"url\":\"https:\\\/\\\/buydocuments247.com\\\/geboorteakte-kopen\\\/\",\"name\":\"Geboorteakte kopen - Buy real fake documents\",\"isPartOf\":{\"@id\":\"https:\\\/\\\/buydocuments247.com\\\/#website\"},\"primaryImageOfPage\":{\"@id\":\"https:\\\/\\\/buydocuments247.com\\\/geboorteakte-kopen\\\/#primaryimage\"},\"image\":{\"@id\":\"https:\\\/\\\/buydocuments247.com\\\/geboorteakte-kopen\\\/#primaryimage\"},\"thumbnailUrl\":\"https:\\\/\\\/buydocuments247.com\\\/wp-content\\\/uploads\\\/2025\\\/11\\\/officieel-geregistreerde-geboorteakte-kopen.jpg\",\"datePublished\":\"2025-11-30T20:54:46+00:00\",\"dateModified\":\"2025-11-30T21:06:45+00:00\",\"description\":\"Geboorteakte kopen? U kunt nu online uw officiele en geregistreerde geboorteakte kopen via Dark Web en Telegram.\",\"breadcrumb\":{\"@id\":\"https:\\\/\\\/buydocuments247.com\\\/geboorteakte-kopen\\\/#breadcrumb\"},\"inLanguage\":\"sq\",\"potentialAction\":[{\"@type\":\"ReadAction\",\"target\":[\"https:\\\/\\\/buydocuments247.com\\\/geboorteakte-kopen\\\/\"]}]},{\"@type\":\"ImageObject\",\"inLanguage\":\"sq\",\"@id\":\"https:\\\/\\\/buydocuments247.com\\\/geboorteakte-kopen\\\/#primaryimage\",\"url\":\"https:\\\/\\\/buydocuments247.com\\\/wp-content\\\/uploads\\\/2025\\\/11\\\/officieel-geregistreerde-geboorteakte-kopen.jpg\",\"contentUrl\":\"https:\\\/\\\/buydocuments247.com\\\/wp-content\\\/uploads\\\/2025\\\/11\\\/officieel-geregistreerde-geboorteakte-kopen.jpg\"},{\"@type\":\"BreadcrumbList\",\"@id\":\"https:\\\/\\\/buydocuments247.com\\\/geboorteakte-kopen\\\/#breadcrumb\",\"itemListElement\":[{\"@type\":\"ListItem\",\"position\":1,\"name\":\"Home\",\"item\":\"https:\\\/\\\/buydocuments247.com\\\/\"},{\"@type\":\"ListItem\",\"position\":2,\"name\":\"Geboorteakte kopen\"}]},{\"@type\":\"WebSite\",\"@id\":\"https:\\\/\\\/buydocuments247.com\\\/#website\",\"url\":\"https:\\\/\\\/buydocuments247.com\\\/\",\"name\":\"Buy real fake documents\",\"description\":\"Want to buy real and fake documents online? Diploma, driving license and more.\",\"potentialAction\":[{\"@type\":\"SearchAction\",\"target\":{\"@type\":\"EntryPoint\",\"urlTemplate\":\"https:\\\/\\\/buydocuments247.com\\\/?s={search_term_string}\"},\"query-input\":{\"@type\":\"PropertyValueSpecification\",\"valueRequired\":true,\"valueName\":\"search_term_string\"}}],\"inLanguage\":\"sq\"}]}<\/script>\n<!-- \/ Yoast SEO plugin. -->","yoast_head_json":{"title":"Bli certifikat\u00ebn e lindjes - Bli dokumente t\u00eb rreme t\u00eb v\u00ebrteta","description":"D\u00ebshironi t\u00eb blini nj\u00eb certifikat\u00eb lindjeje? Tani mund t\u00eb blini certifikat\u00ebn tuaj zyrtare dhe t\u00eb regjistruar t\u00eb lindjes online p\u00ebrmes Dark Web dhe Telegram.","robots":{"index":"index","follow":"follow","max-snippet":"max-snippet:-1","max-image-preview":"max-image-preview:large","max-video-preview":"max-video-preview:-1"},"canonical":"https:\/\/buydocuments247.com\/sq\/geboorteakte-kopen\/","og_locale":"sq_AL","og_type":"article","og_title":"Geboorteakte kopen - Buy real fake documents","og_description":"Geboorteakte kopen? U kunt nu online uw officiele en geregistreerde geboorteakte kopen via Dark Web en Telegram.","og_url":"https:\/\/buydocuments247.com\/sq\/geboorteakte-kopen\/","og_site_name":"Buy real fake documents","article_modified_time":"2025-11-30T21:06:45+00:00","og_image":[{"width":724,"height":1024,"url":"https:\/\/buydocuments247.com\/wp-content\/uploads\/2025\/11\/officieel-geregistreerde-geboorteakte-kopen.jpg","type":"image\/jpeg"}],"twitter_card":"summary_large_image","twitter_misc":{"Est. reading time":"2 minuta"},"schema":{"@context":"https:\/\/schema.org","@graph":[{"@type":"WebPage","@id":"https:\/\/buydocuments247.com\/geboorteakte-kopen\/","url":"https:\/\/buydocuments247.com\/geboorteakte-kopen\/","name":"Bli certifikat\u00ebn e lindjes - Bli dokumente t\u00eb rreme t\u00eb v\u00ebrteta","isPartOf":{"@id":"https:\/\/buydocuments247.com\/#website"},"primaryImageOfPage":{"@id":"https:\/\/buydocuments247.com\/geboorteakte-kopen\/#primaryimage"},"image":{"@id":"https:\/\/buydocuments247.com\/geboorteakte-kopen\/#primaryimage"},"thumbnailUrl":"https:\/\/buydocuments247.com\/wp-content\/uploads\/2025\/11\/officieel-geregistreerde-geboorteakte-kopen.jpg","datePublished":"2025-11-30T20:54:46+00:00","dateModified":"2025-11-30T21:06:45+00:00","description":"D\u00ebshironi t\u00eb blini nj\u00eb certifikat\u00eb lindjeje? Tani mund t\u00eb blini certifikat\u00ebn tuaj zyrtare dhe t\u00eb regjistruar t\u00eb lindjes online p\u00ebrmes Dark Web dhe Telegram.","breadcrumb":{"@id":"https:\/\/buydocuments247.com\/geboorteakte-kopen\/#breadcrumb"},"inLanguage":"sq","potentialAction":[{"@type":"ReadAction","target":["https:\/\/buydocuments247.com\/geboorteakte-kopen\/"]}]},{"@type":"ImageObject","inLanguage":"sq","@id":"https:\/\/buydocuments247.com\/geboorteakte-kopen\/#primaryimage","url":"https:\/\/buydocuments247.com\/wp-content\/uploads\/2025\/11\/officieel-geregistreerde-geboorteakte-kopen.jpg","contentUrl":"https:\/\/buydocuments247.com\/wp-content\/uploads\/2025\/11\/officieel-geregistreerde-geboorteakte-kopen.jpg"},{"@type":"BreadcrumbList","@id":"https:\/\/buydocuments247.com\/geboorteakte-kopen\/#breadcrumb","itemListElement":[{"@type":"ListItem","position":1,"name":"Home","item":"https:\/\/buydocuments247.com\/"},{"@type":"ListItem","position":2,"name":"Geboorteakte kopen"}]},{"@type":"WebSite","@id":"https:\/\/buydocuments247.com\/#website","url":"https:\/\/buydocuments247.com\/","name":"Bleni dokumente t\u00eb v\u00ebrteta false","description":"D\u00ebshironi t\u00eb blini dokumente t\u00eb v\u00ebrteta dhe t\u00eb falsifikuara online? Diploma, leje drejtimi dhe m\u00eb shum\u00eb.","potentialAction":[{"@type":"SearchAction","target":{"@type":"EntryPoint","urlTemplate":"https:\/\/buydocuments247.com\/?s={search_term_string}"},"query-input":{"@type":"PropertyValueSpecification","valueRequired":true,"valueName":"search_term_string"}}],"inLanguage":"sq"}]}},"_links":{"self":[{"href":"https:\/\/buydocuments247.com\/sq\/wp-json\/wp\/v2\/pages\/140","targetHints":{"allow":["GET"]}}],"collection":[{"href":"https:\/\/buydocuments247.com\/sq\/wp-json\/wp\/v2\/pages"}],"about":[{"href":"https:\/\/buydocuments247.com\/sq\/wp-json\/wp\/v2\/types\/page"}],"author":[{"embeddable":true,"href":"https:\/\/buydocuments247.com\/sq\/wp-json\/wp\/v2\/users\/1"}],"replies":[{"embeddable":true,"href":"https:\/\/buydocuments247.com\/sq\/wp-json\/wp\/v2\/comments?post=140"}],"version-history":[{"count":7,"href":"https:\/\/buydocuments247.com\/sq\/wp-json\/wp\/v2\/pages\/140\/revisions"}],"predecessor-version":[{"id":152,"href":"https:\/\/buydocuments247.com\/sq\/wp-json\/wp\/v2\/pages\/140\/revisions\/152"}],"wp:attachment":[{"href":"https:\/\/buydocuments247.com\/sq\/wp-json\/wp\/v2\/media?parent=140"}],"curies":[{"name":"wp","href":"https:\/\/api.w.org\/{rel}","templated":true}]}}