{"id":24,"date":"2025-03-20T13:00:38","date_gmt":"2025-03-20T13:00:38","guid":{"rendered":"https:\/\/buydocuments247.com\/?page_id=24"},"modified":"2025-11-30T16:21:02","modified_gmt":"2025-11-30T16:21:02","slug":"diploma-kopen","status":"publish","type":"page","link":"https:\/\/buydocuments247.com\/sq\/","title":{"rendered":"Blej diplom\u00eb"},"content":{"rendered":"<h2 class=\"wp-block-heading\">Bleni nj\u00eb diplom\u00eb? Diploma juaj zyrtare ose e rreme tani \u00ebsht\u00eb e disponueshme p\u00ebr shitje online.<\/h2>\n\n\n\n<p>A&nbsp;<strong>blej diplom\u00eb&nbsp;<\/strong>n\u00eb 2025 ju mund ta b\u00ebni k\u00ebt\u00eb n\u00eb www.buydocuments247.com. Ekipi yn\u00eb \u00ebsht\u00eb m\u00eb i besuesh\u00ebm nga t\u00eb gjith\u00eb ofruesit me m\u00eb shum\u00eb se 10 vjet p\u00ebrvoj\u00eb. Tek ne mund t\u00eb porosisni shum\u00eb lloje t\u00eb ndryshme diplomash (me regjistrim). Ne jemi t\u00eb specializuar n\u00eb diploma nga vende t\u00eb ndryshme, gj\u00eb q\u00eb garanton se mund t\u00eb ofrojm\u00eb cil\u00ebsin\u00eb m\u00eb t\u00eb lart\u00eb. <\/p>\n\n\n\n<p>\u00cbsht\u00eb nj\u00eb gj\u00eb e mir\u00eb p\u00ebr ju q\u00eb keni ardhur n\u00eb faqen ton\u00eb t\u00eb internetit sepse ne jemi num\u00ebr 1 n\u00eb treg. K\u00ebtu mund t\u00eb blini diplom\u00ebn tuaj duke p\u00ebrfshir\u00eb regjistrimin. Kjo do t\u00eb thot\u00eb q\u00eb ju keni nj\u00eb diplom\u00eb t\u00eb pap\u00ebrshkueshme nga uji q\u00eb ju lejon t\u00eb b\u00ebni \u00e7far\u00eb t\u00eb doni. <\/p>\n\n\n\n<p>Po k\u00ebrkoni n\u00eb m\u00ebnyr\u00eb specifike p\u00ebr nj\u00eb diplom\u00eb t\u00eb ve\u00e7ant\u00eb? Apo keni nevoj\u00eb p\u00ebr ndihm\u00eb p\u00ebr t\u00eb p\u00ebrcaktuar se \u00e7far\u00eb keni nevoj\u00eb? Merrni <a href=\"https:\/\/buydocuments247.com\/sq\/kontakt\/\">kontakt<\/a> ose d\u00ebrgoni nj\u00eb email direkt n\u00eb: <strong>BuyDocuments247@pm.me<\/strong><\/p>\n\n\n\n<figure class=\"wp-block-image size-full\"><img loading=\"lazy\" decoding=\"async\" width=\"692\" height=\"535\" src=\"https:\/\/buydocuments247.com\/wp-content\/uploads\/2025\/03\/diploma-kopen.jpg\" alt=\"blej diplom\u00eb\" class=\"wp-image-94\" srcset=\"https:\/\/buydocuments247.com\/wp-content\/uploads\/2025\/03\/diploma-kopen.jpg 692w, https:\/\/buydocuments247.com\/wp-content\/uploads\/2025\/03\/diploma-kopen-300x232.jpg 300w, https:\/\/buydocuments247.com\/wp-content\/uploads\/2025\/03\/diploma-kopen-16x12.jpg 16w, https:\/\/buydocuments247.com\/wp-content\/uploads\/2025\/03\/diploma-kopen-230x178.jpg 230w, https:\/\/buydocuments247.com\/wp-content\/uploads\/2025\/03\/diploma-kopen-350x271.jpg 350w, https:\/\/buydocuments247.com\/wp-content\/uploads\/2025\/03\/diploma-kopen-480x371.jpg 480w\" sizes=\"auto, (max-width: 692px) 100vw, 692px\" \/><\/figure>\n\n\n\n<h2 class=\"wp-block-heading\">Rreth nesh<\/h2>\n\n\n\n<p><a href=\"https:\/\/buydocuments247.com\/sq\/\">BlejDokumentet247<\/a> b\u00ebn diplomat m\u00eb t\u00eb mira false n\u00eb internet me nj\u00eb ekip t\u00eb krijuesve m\u00eb t\u00eb mir\u00eb t\u00eb diplomave n\u00eb bot\u00eb. Ne kemi specialist\u00eb n\u00eb t\u00eb gjith\u00eb bot\u00ebn. Me shum\u00eb vite p\u00ebrvoj\u00eb, ekipi yn\u00eb i aft\u00eb i dizajnit \u00ebsht\u00eb i specializuar n\u00eb krijimin e diplomave dhe diplomave\/certifikatave false p\u00ebr mij\u00ebra shkolla t\u00eb mesme, kolegje dhe universitete nga e gjith\u00eb bota me sakt\u00ebsi mahnit\u00ebse. Blerja e nj\u00eb diplome Bachelor ose Master \u00ebsht\u00eb v\u00ebrtet e mundur k\u00ebto dit\u00eb. Ne nuk jemi p\u00ebrgjegj\u00ebs p\u00ebr at\u00eb q\u00eb ju b\u00ebni me diplom\u00ebn.<\/p>\n\n\n\n<h3 class=\"wp-block-heading\">Pse t\u00eb blini nj\u00eb diplom\u00eb nga BuyDocuments247?<\/h3>\n\n\n\n<p>Shumica e klient\u00ebve tan\u00eb t\u00eb k\u00ebnaqur ishin t\u00eb d\u00ebshp\u00ebruar p\u00ebr nj\u00eb diplom\u00eb. Mund t\u00eb ket\u00eb disa arsye p\u00ebr k\u00ebt\u00eb. Disa diploma duhet t\u00eb z\u00ebvend\u00ebsohen ose klienti ka humbur ose d\u00ebmtuar diplom\u00ebn e tij\/saj. P\u00ebr k\u00ebt\u00eb ekzistojm\u00eb, jemi n\u00eb dispozicion 24\/7 p\u00ebr t&#039;ju ndihmuar 365 dit\u00eb n\u00eb vit! Ne kemi shum\u00eb p\u00ebrvoja, komente dhe d\u00ebshmi nga klient\u00ebt q\u00eb d\u00ebshironin t\u00eb blinin nj\u00eb diplom\u00eb.<\/p>\n\n\n\n<p>N\u00ebse i keni borxh para shkoll\u00ebs, shkolla juaj \u00ebsht\u00eb mbyllur, t\u00eb dh\u00ebnat tuaja jan\u00eb t\u00eb humbura, doni t\u00eb b\u00ebni shaka me miqt\u00eb dhe familjen tuaj, keni nevoj\u00eb p\u00ebr nj\u00eb kopje t\u00eb diplom\u00ebs tuaj p\u00ebr pun\u00eb, nuk keni mundur t\u00eb p\u00ebrfundoni arsimin tuaj ose teknologjia e ka b\u00ebr\u00eb informacionin tuaj t\u00eb vjet\u00ebruar dhe t\u00eb paarritsh\u00ebm, ju keni ardhur n\u00eb vendin e duhur.<\/p>\n\n\n\n<p>Ne jemi m\u00eb t\u00eb mir\u00ebt \u2013 n\u00eb mbar\u00eb bot\u00ebn \u2013 n\u00eb falsifikimin dhe z\u00ebvend\u00ebsimin e diplomave false. B\u00ebhuni fitues dhe na zgjidhni ne. Ju mund t\u00eb jeni t\u00eb sigurt se nevojat tuaja do t\u00eb plot\u00ebsohen dhe pritshm\u00ebrit\u00eb tuaja do t\u00eb tejkalohen me produktin ton\u00eb superior, cil\u00ebsin\u00eb e jasht\u00ebzakonshme dhe sh\u00ebrbimin m\u00eb cil\u00ebsor ndaj klientit.<\/p>\n\n\n\n<figure class=\"wp-block-image size-large\"><img loading=\"lazy\" decoding=\"async\" width=\"1024\" height=\"577\" src=\"https:\/\/buydocuments247.com\/wp-content\/uploads\/2025\/03\/diploma-kopen-ervaringen-reviews-getuigenissen-1024x577.png\" alt=\"blej p\u00ebrvojat e diplom\u00ebs komente d\u00ebshmit\u00eb\" class=\"wp-image-92\" srcset=\"https:\/\/buydocuments247.com\/wp-content\/uploads\/2025\/03\/diploma-kopen-ervaringen-reviews-getuigenissen-1024x577.png 1024w, https:\/\/buydocuments247.com\/wp-content\/uploads\/2025\/03\/diploma-kopen-ervaringen-reviews-getuigenissen-300x169.png 300w, https:\/\/buydocuments247.com\/wp-content\/uploads\/2025\/03\/diploma-kopen-ervaringen-reviews-getuigenissen-768x433.png 768w, https:\/\/buydocuments247.com\/wp-content\/uploads\/2025\/03\/diploma-kopen-ervaringen-reviews-getuigenissen-1536x865.png 1536w, https:\/\/buydocuments247.com\/wp-content\/uploads\/2025\/03\/diploma-kopen-ervaringen-reviews-getuigenissen-18x10.png 18w, https:\/\/buydocuments247.com\/wp-content\/uploads\/2025\/03\/diploma-kopen-ervaringen-reviews-getuigenissen-1000x563.png 1000w, https:\/\/buydocuments247.com\/wp-content\/uploads\/2025\/03\/diploma-kopen-ervaringen-reviews-getuigenissen-230x130.png 230w, https:\/\/buydocuments247.com\/wp-content\/uploads\/2025\/03\/diploma-kopen-ervaringen-reviews-getuigenissen-350x197.png 350w, https:\/\/buydocuments247.com\/wp-content\/uploads\/2025\/03\/diploma-kopen-ervaringen-reviews-getuigenissen-480x270.png 480w, https:\/\/buydocuments247.com\/wp-content\/uploads\/2025\/03\/diploma-kopen-ervaringen-reviews-getuigenissen.png 1640w\" sizes=\"auto, (max-width: 1024px) 100vw, 1024px\" \/><\/figure>\n\n\n\n<h3 class=\"wp-block-heading\">Rregulloni shpejt diplom\u00ebn tuaj false<\/h3>\n\n\n\n<p>A \u00ebsht\u00eb porosia juaj urgjente? Nuk ka problem! Na njoftoni dhe ne do ta rregullojm\u00eb p\u00ebr ju sa m\u00eb shpejt t\u00eb jet\u00eb e mundur. Ne kemi koh\u00ebn m\u00eb t\u00eb shpejt\u00eb t\u00eb dor\u00ebzimit n\u00eb industri.<\/p>\n\n\n\n<p>Ju mund t\u00eb gjurmoni porosin\u00eb tuaj me ne. Do t\u00eb merrni gjithashtu p\u00ebrdit\u00ebsime gjat\u00eb procesit t\u00eb projektimit dhe printimit. Ne nuk ju l\u00ebm\u00eb kurr\u00eb n\u00eb err\u00ebsir\u00eb dhe ju jeni t\u00eb informuar p\u00ebr statusin n\u00eb \u00e7do hap.<\/p>\n\n\n\n<p>Ne ofrojm\u00eb gjithashtu transport t\u00eb shpejt\u00eb rrufe (n\u00eb mbar\u00eb bot\u00ebn)! Na pyesni p\u00ebr mund\u00ebsit\u00eb. Klikoni mbi <a href=\"https:\/\/buydocuments247.com\/sq\/kontakt\/\">kontakt<\/a> ose d\u00ebrgoni nj\u00eb email direkt n\u00eb: <strong>BuyDocuments247@pm.me<\/strong><\/p>\n\n\n\n<figure class=\"wp-block-image size-full\"><img loading=\"lazy\" decoding=\"async\" width=\"600\" height=\"455\" src=\"https:\/\/buydocuments247.com\/wp-content\/uploads\/2025\/03\/valse-nep-diploma-kopen-officieel.jpg\" alt=\"blej nj\u00eb zyrtar fals t\u00eb diplom\u00ebs false\" class=\"wp-image-93\" srcset=\"https:\/\/buydocuments247.com\/wp-content\/uploads\/2025\/03\/valse-nep-diploma-kopen-officieel.jpg 600w, https:\/\/buydocuments247.com\/wp-content\/uploads\/2025\/03\/valse-nep-diploma-kopen-officieel-300x228.jpg 300w, https:\/\/buydocuments247.com\/wp-content\/uploads\/2025\/03\/valse-nep-diploma-kopen-officieel-16x12.jpg 16w, https:\/\/buydocuments247.com\/wp-content\/uploads\/2025\/03\/valse-nep-diploma-kopen-officieel-230x174.jpg 230w, https:\/\/buydocuments247.com\/wp-content\/uploads\/2025\/03\/valse-nep-diploma-kopen-officieel-350x265.jpg 350w, https:\/\/buydocuments247.com\/wp-content\/uploads\/2025\/03\/valse-nep-diploma-kopen-officieel-480x364.jpg 480w\" sizes=\"auto, (max-width: 600px) 100vw, 600px\" \/><\/figure>","protected":false},"excerpt":{"rendered":"<p>Diploma kopen? Uw officiele of valse diploma is nu online te koop. Een&nbsp;diploma&nbsp;kopen&nbsp;in 2025 doet u bij www.buydocuments247.com. Ons team is het [&hellip;]<\/p>\n","protected":false},"author":1,"featured_media":0,"parent":0,"menu_order":0,"comment_status":"closed","ping_status":"closed","template":"","meta":{"pagelayer_contact_templates":[],"_pagelayer_content":"","footnotes":""},"class_list":["post-24","page","type-page","status-publish","hentry"],"yoast_head":"<!-- This site is optimized with the Yoast SEO plugin v27.4 - https:\/\/yoast.com\/product\/yoast-seo-wordpress\/ -->\n<title>Diploma kopen - Buy real fake documents<\/title>\n<meta name=\"description\" content=\"Diploma kopen online met registratie. Uw officiele valse diploma is nu te koop in 2025. Betrouwbaar, officieel en reviews.\" \/>\n<meta name=\"robots\" content=\"index, follow, max-snippet:-1, max-image-preview:large, max-video-preview:-1\" \/>\n<link rel=\"canonical\" href=\"https:\/\/buydocuments247.com\/sq\/\" \/>\n<meta property=\"og:locale\" content=\"sq_AL\" \/>\n<meta property=\"og:type\" content=\"article\" \/>\n<meta property=\"og:title\" content=\"Diploma kopen - Buy real fake documents\" \/>\n<meta property=\"og:description\" content=\"Diploma kopen online met registratie. Uw officiele valse diploma is nu te koop in 2025. Betrouwbaar, officieel en reviews.\" \/>\n<meta property=\"og:url\" content=\"https:\/\/buydocuments247.com\/sq\/\" \/>\n<meta property=\"og:site_name\" content=\"Buy real fake documents\" \/>\n<meta property=\"article:modified_time\" content=\"2025-11-30T16:21:02+00:00\" \/>\n<meta property=\"og:image\" content=\"https:\/\/buydocuments247.com\/wp-content\/uploads\/2025\/03\/diploma-kopen.jpg\" \/>\n\t<meta property=\"og:image:width\" content=\"692\" \/>\n\t<meta property=\"og:image:height\" content=\"535\" \/>\n\t<meta property=\"og:image:type\" content=\"image\/jpeg\" \/>\n<meta name=\"twitter:card\" content=\"summary_large_image\" \/>\n<meta name=\"twitter:label1\" content=\"Est. reading time\" \/>\n\t<meta name=\"twitter:data1\" content=\"3 minuta\" \/>\n<script type=\"application\/ld+json\" class=\"yoast-schema-graph\">{\"@context\":\"https:\\\/\\\/schema.org\",\"@graph\":[{\"@type\":\"WebPage\",\"@id\":\"https:\\\/\\\/buydocuments247.com\\\/\",\"url\":\"https:\\\/\\\/buydocuments247.com\\\/\",\"name\":\"Diploma kopen - Buy real fake documents\",\"isPartOf\":{\"@id\":\"https:\\\/\\\/buydocuments247.com\\\/#website\"},\"primaryImageOfPage\":{\"@id\":\"https:\\\/\\\/buydocuments247.com\\\/#primaryimage\"},\"image\":{\"@id\":\"https:\\\/\\\/buydocuments247.com\\\/#primaryimage\"},\"thumbnailUrl\":\"https:\\\/\\\/buydocuments247.com\\\/wp-content\\\/uploads\\\/2025\\\/03\\\/diploma-kopen.jpg\",\"datePublished\":\"2025-03-20T13:00:38+00:00\",\"dateModified\":\"2025-11-30T16:21:02+00:00\",\"description\":\"Diploma kopen online met registratie. Uw officiele valse diploma is nu te koop in 2025. Betrouwbaar, officieel en reviews.\",\"breadcrumb\":{\"@id\":\"https:\\\/\\\/buydocuments247.com\\\/#breadcrumb\"},\"inLanguage\":\"sq\",\"potentialAction\":[{\"@type\":\"ReadAction\",\"target\":[\"https:\\\/\\\/buydocuments247.com\\\/\"]}]},{\"@type\":\"ImageObject\",\"inLanguage\":\"sq\",\"@id\":\"https:\\\/\\\/buydocuments247.com\\\/#primaryimage\",\"url\":\"https:\\\/\\\/buydocuments247.com\\\/wp-content\\\/uploads\\\/2025\\\/03\\\/diploma-kopen.jpg\",\"contentUrl\":\"https:\\\/\\\/buydocuments247.com\\\/wp-content\\\/uploads\\\/2025\\\/03\\\/diploma-kopen.jpg\"},{\"@type\":\"BreadcrumbList\",\"@id\":\"https:\\\/\\\/buydocuments247.com\\\/#breadcrumb\",\"itemListElement\":[{\"@type\":\"ListItem\",\"position\":1,\"name\":\"Home\",\"item\":\"https:\\\/\\\/buydocuments247.com\\\/\"},{\"@type\":\"ListItem\",\"position\":2,\"name\":\"Diploma kopen\"}]},{\"@type\":\"WebSite\",\"@id\":\"https:\\\/\\\/buydocuments247.com\\\/#website\",\"url\":\"https:\\\/\\\/buydocuments247.com\\\/\",\"name\":\"Buy real fake documents\",\"description\":\"Want to buy real and fake documents online? Diploma, driving license and more.\",\"potentialAction\":[{\"@type\":\"SearchAction\",\"target\":{\"@type\":\"EntryPoint\",\"urlTemplate\":\"https:\\\/\\\/buydocuments247.com\\\/?s={search_term_string}\"},\"query-input\":{\"@type\":\"PropertyValueSpecification\",\"valueRequired\":true,\"valueName\":\"search_term_string\"}}],\"inLanguage\":\"sq\"}]}<\/script>\n<!-- \/ Yoast SEO plugin. -->","yoast_head_json":{"title":"Bleni Diplom\u00eb - Bleni dokumente t\u00eb v\u00ebrteta false","description":"Bleni diplom\u00ebn online me regjistrim. Diploma juaj zyrtare false tani \u00ebsht\u00eb n\u00eb shitje n\u00eb vitin 2025. E besueshme, zyrtare dhe komente.","robots":{"index":"index","follow":"follow","max-snippet":"max-snippet:-1","max-image-preview":"max-image-preview:large","max-video-preview":"max-video-preview:-1"},"canonical":"https:\/\/buydocuments247.com\/sq\/","og_locale":"sq_AL","og_type":"article","og_title":"Diploma kopen - Buy real fake documents","og_description":"Diploma kopen online met registratie. Uw officiele valse diploma is nu te koop in 2025. Betrouwbaar, officieel en reviews.","og_url":"https:\/\/buydocuments247.com\/sq\/","og_site_name":"Buy real fake documents","article_modified_time":"2025-11-30T16:21:02+00:00","og_image":[{"width":692,"height":535,"url":"https:\/\/buydocuments247.com\/wp-content\/uploads\/2025\/03\/diploma-kopen.jpg","type":"image\/jpeg"}],"twitter_card":"summary_large_image","twitter_misc":{"Est. reading time":"3 minuta"},"schema":{"@context":"https:\/\/schema.org","@graph":[{"@type":"WebPage","@id":"https:\/\/buydocuments247.com\/","url":"https:\/\/buydocuments247.com\/","name":"Bleni Diplom\u00eb - Bleni dokumente t\u00eb v\u00ebrteta false","isPartOf":{"@id":"https:\/\/buydocuments247.com\/#website"},"primaryImageOfPage":{"@id":"https:\/\/buydocuments247.com\/#primaryimage"},"image":{"@id":"https:\/\/buydocuments247.com\/#primaryimage"},"thumbnailUrl":"https:\/\/buydocuments247.com\/wp-content\/uploads\/2025\/03\/diploma-kopen.jpg","datePublished":"2025-03-20T13:00:38+00:00","dateModified":"2025-11-30T16:21:02+00:00","description":"Bleni diplom\u00ebn online me regjistrim. Diploma juaj zyrtare false tani \u00ebsht\u00eb n\u00eb shitje n\u00eb vitin 2025. E besueshme, zyrtare dhe komente.","breadcrumb":{"@id":"https:\/\/buydocuments247.com\/#breadcrumb"},"inLanguage":"sq","potentialAction":[{"@type":"ReadAction","target":["https:\/\/buydocuments247.com\/"]}]},{"@type":"ImageObject","inLanguage":"sq","@id":"https:\/\/buydocuments247.com\/#primaryimage","url":"https:\/\/buydocuments247.com\/wp-content\/uploads\/2025\/03\/diploma-kopen.jpg","contentUrl":"https:\/\/buydocuments247.com\/wp-content\/uploads\/2025\/03\/diploma-kopen.jpg"},{"@type":"BreadcrumbList","@id":"https:\/\/buydocuments247.com\/#breadcrumb","itemListElement":[{"@type":"ListItem","position":1,"name":"Home","item":"https:\/\/buydocuments247.com\/"},{"@type":"ListItem","position":2,"name":"Diploma kopen"}]},{"@type":"WebSite","@id":"https:\/\/buydocuments247.com\/#website","url":"https:\/\/buydocuments247.com\/","name":"Bleni dokumente t\u00eb v\u00ebrteta false","description":"D\u00ebshironi t\u00eb blini dokumente t\u00eb v\u00ebrteta dhe t\u00eb falsifikuara online? Diploma, leje drejtimi dhe m\u00eb shum\u00eb.","potentialAction":[{"@type":"SearchAction","target":{"@type":"EntryPoint","urlTemplate":"https:\/\/buydocuments247.com\/?s={search_term_string}"},"query-input":{"@type":"PropertyValueSpecification","valueRequired":true,"valueName":"search_term_string"}}],"inLanguage":"sq"}]}},"_links":{"self":[{"href":"https:\/\/buydocuments247.com\/sq\/wp-json\/wp\/v2\/pages\/24","targetHints":{"allow":["GET"]}}],"collection":[{"href":"https:\/\/buydocuments247.com\/sq\/wp-json\/wp\/v2\/pages"}],"about":[{"href":"https:\/\/buydocuments247.com\/sq\/wp-json\/wp\/v2\/types\/page"}],"author":[{"embeddable":true,"href":"https:\/\/buydocuments247.com\/sq\/wp-json\/wp\/v2\/users\/1"}],"replies":[{"embeddable":true,"href":"https:\/\/buydocuments247.com\/sq\/wp-json\/wp\/v2\/comments?post=24"}],"version-history":[{"count":16,"href":"https:\/\/buydocuments247.com\/sq\/wp-json\/wp\/v2\/pages\/24\/revisions"}],"predecessor-version":[{"id":112,"href":"https:\/\/buydocuments247.com\/sq\/wp-json\/wp\/v2\/pages\/24\/revisions\/112"}],"wp:attachment":[{"href":"https:\/\/buydocuments247.com\/sq\/wp-json\/wp\/v2\/media?parent=24"}],"curies":[{"name":"wp","href":"https:\/\/api.w.org\/{rel}","templated":true}]}}