{"id":140,"date":"2025-11-30T20:54:46","date_gmt":"2025-11-30T20:54:46","guid":{"rendered":"https:\/\/buydocuments247.com\/?page_id=140"},"modified":"2025-11-30T21:06:45","modified_gmt":"2025-11-30T21:06:45","slug":"geboorteakte-kopen","status":"publish","type":"page","link":"https:\/\/buydocuments247.com\/tr\/geboorteakte-kopen\/","title":{"rendered":"Do\u011fum belgesi sat\u0131n almak"},"content":{"rendered":"<h2 class=\"wp-block-heading\">Kay\u0131tl\u0131, resmi bir do\u011fum belgesi sat\u0131n almak<\/h2>\n\n\n\n<p>Do\u011fum belgesi sat\u0131n almak m\u0131 istiyorsunuz? \u00dclkelerin do\u011fum belgesi d\u00fczenleme konusunda farkl\u0131 kurallar\u0131 oldu\u011funu anlamak \u00f6nemlidir. Biz, \u00e7o\u011fu b\u00fcy\u00fck\/pop\u00fcler \u00fclkenin kurallar\u0131n\u0131 biliyoruz ve nelere dikkat etmemiz gerekti\u011fini tam olarak biliyoruz. Bizim arac\u0131l\u0131\u011f\u0131m\u0131zla resmi ve kay\u0131tl\u0131 bir do\u011fum belgesini kolayca sat\u0131n alabilirsiniz. L\u00fctfen <a href=\"https:\/\/buydocuments247.com\/tr\/iletisim\/\">\u0130leti\u015fim<\/a> BuyDocuments247'den do\u011fum belgenizi sat\u0131n almak i\u00e7in bizimle ileti\u015fime ge\u00e7in. <\/p>\n\n\n\n<figure class=\"wp-block-pullquote\"><blockquote><p>Veya do\u011frudan BuyDocuments247@pm.me adresine e-posta g\u00f6nderin.<\/p><\/blockquote><\/figure>\n\n\n\n<p>\u00c7al\u0131\u015fanlar\u0131m\u0131z, yeni do\u011fum belgenizi d\u00fczenlemek ve gerekirse kaydetmek i\u00e7in gerekli bilgileri sizden isteyecektir. \u00c7al\u0131\u015fan\u0131m\u0131z size gerekli bilgilerin bir listesini g\u00f6nderecektir. Ba\u015fvuru formuna girdi\u011finiz bilgiler do\u011fru olmal\u0131d\u0131r, \u00e7\u00fcnk\u00fc bu bilgiler yeni do\u011fum belgenizi d\u00fczenlemek i\u00e7in kullan\u0131lacakt\u0131r. Bir hata yaparsan\u0131z ve bunu zaman\u0131nda bildirmezseniz, yeni sat\u0131n ald\u0131\u011f\u0131n\u0131z do\u011fum belgeniz istedi\u011finiz gibi olmayabilir. Do\u011fum belgesini \u00e7evrimi\u00e7i olarak bizden sat\u0131n ald\u0131\u011f\u0131n\u0131zda, ba\u015fvuru formunda belirtti\u011finiz adrese g\u00f6nderilir. Bu adres bir paket teslim noktas\u0131 da olabilir, sorun de\u011fildir. <\/p>\n\n\n\n<figure class=\"wp-block-gallery has-nested-images columns-default is-cropped wp-block-gallery-1 is-layout-flex wp-block-gallery-is-layout-flex\">\n<figure class=\"wp-block-image size-large\"><img loading=\"lazy\" decoding=\"async\" width=\"724\" height=\"1024\" data-id=\"149\" src=\"https:\/\/buydocuments247.com\/wp-content\/uploads\/2025\/11\/officieel-geregistreerde-geboorteakte-kopen.jpg\" alt=\"Resmi kay\u0131tl\u0131 do\u011fum belgesi sat\u0131n almak\" class=\"wp-image-149\" srcset=\"https:\/\/buydocuments247.com\/wp-content\/uploads\/2025\/11\/officieel-geregistreerde-geboorteakte-kopen.jpg 724w, https:\/\/buydocuments247.com\/wp-content\/uploads\/2025\/11\/officieel-geregistreerde-geboorteakte-kopen-212x300.jpg 212w, https:\/\/buydocuments247.com\/wp-content\/uploads\/2025\/11\/officieel-geregistreerde-geboorteakte-kopen-8x12.jpg 8w, https:\/\/buydocuments247.com\/wp-content\/uploads\/2025\/11\/officieel-geregistreerde-geboorteakte-kopen-230x325.jpg 230w, https:\/\/buydocuments247.com\/wp-content\/uploads\/2025\/11\/officieel-geregistreerde-geboorteakte-kopen-350x495.jpg 350w, https:\/\/buydocuments247.com\/wp-content\/uploads\/2025\/11\/officieel-geregistreerde-geboorteakte-kopen-480x679.jpg 480w\" sizes=\"auto, (max-width: 724px) 100vw, 724px\" \/><\/figure>\n\n\n\n<figure class=\"wp-block-image size-large\"><img loading=\"lazy\" decoding=\"async\" width=\"800\" height=\"599\" data-id=\"148\" src=\"https:\/\/buydocuments247.com\/wp-content\/uploads\/2025\/11\/Geboorteakte-kopen.jpg\" alt=\"Do\u011fum belgesi sat\u0131n almak\" class=\"wp-image-148\" srcset=\"https:\/\/buydocuments247.com\/wp-content\/uploads\/2025\/11\/Geboorteakte-kopen.jpg 800w, https:\/\/buydocuments247.com\/wp-content\/uploads\/2025\/11\/Geboorteakte-kopen-300x225.jpg 300w, https:\/\/buydocuments247.com\/wp-content\/uploads\/2025\/11\/Geboorteakte-kopen-768x575.jpg 768w, https:\/\/buydocuments247.com\/wp-content\/uploads\/2025\/11\/Geboorteakte-kopen-16x12.jpg 16w, https:\/\/buydocuments247.com\/wp-content\/uploads\/2025\/11\/Geboorteakte-kopen-230x172.jpg 230w, https:\/\/buydocuments247.com\/wp-content\/uploads\/2025\/11\/Geboorteakte-kopen-350x262.jpg 350w, https:\/\/buydocuments247.com\/wp-content\/uploads\/2025\/11\/Geboorteakte-kopen-480x359.jpg 480w\" sizes=\"auto, (max-width: 800px) 100vw, 800px\" \/><\/figure>\n<\/figure>\n\n\n\n<h3 class=\"wp-block-heading\">\u0130nsanlar neden yeni sahte do\u011fum belgesine ihtiya\u00e7 duyarlar?<\/h3>\n\n\n\n<p>\u0130nsanlar\u0131n \u00e7evrimi\u00e7i olarak do\u011fum belgesi sat\u0131n almalar\u0131 i\u00e7in \u00e7e\u015fitli nedenler vard\u0131r. Bu durumlar aras\u0131nda \u015funlar say\u0131labilir: <\/p>\n\n\n\n<ul class=\"wp-block-list\">\n<li>Hayat\u0131n\u0131z\u0131 yeniden tan\u0131mlamak istiyorsan\u0131z, sahte bir do\u011fum belgesi sat\u0131n alabilirsiniz. <\/li>\n\n\n\n<li>Sahte kimlik belgesine ihtiyac\u0131n\u0131z varsa, sahte do\u011fum belgesi sat\u0131n almakla ba\u015flaman\u0131z gerekebilir.<\/li>\n\n\n\n<li>E\u011fer bir <a href=\"https:\/\/buydocuments247.com\/tr\/ehliyet-satin-al\/\">ehliyet sat\u0131n al<\/a> sizin durumunuz i\u00e7in ideal olsa da, ba\u015fka bir isim almak istiyorsan\u0131z. <\/li>\n\n\n\n<li>Sahte pasaport ihtiyac\u0131n\u0131z varsa, \u00f6ncelikle bizden sahte do\u011fum belgesi ve sahte kimlik belgesi sat\u0131n almal\u0131s\u0131n\u0131z.<\/li>\n<\/ul>\n\n\n\n<p>Son olarak: farkl\u0131 bir ya\u015f belirtmek veya ba\u015fka bir yerde do\u011fdu\u011funu kan\u0131tlamak isteyen ki\u015filer (veya ba\u015fka herhangi bir nedenle) i\u00e7in, BuyDocuments247'den ger\u00e7ek sahte do\u011fum belgesi veya kay\u0131tl\u0131 sahte do\u011fum belgesi sat\u0131n alabilirsiniz. Sat\u0131n alma i\u015fleminizde size yard\u0131mc\u0131 olmak i\u00e7in 7\/24 hizmetinizdeyiz.<\/p>","protected":false},"excerpt":{"rendered":"<p>Een geregistreerde, officiele geboorteakte kopen Wilt u een geboorteakte kopen? Het is belangrijk om te begrijpen dat landen verschillende regels hanteren voor [&hellip;]<\/p>\n","protected":false},"author":1,"featured_media":0,"parent":0,"menu_order":0,"comment_status":"closed","ping_status":"closed","template":"","meta":{"pagelayer_contact_templates":[],"_pagelayer_content":"","footnotes":""},"class_list":["post-140","page","type-page","status-publish","hentry"],"yoast_head":"<!-- This site is optimized with the Yoast SEO plugin v27.4 - https:\/\/yoast.com\/product\/yoast-seo-wordpress\/ -->\n<title>Geboorteakte kopen - Buy real fake documents<\/title>\n<meta name=\"description\" content=\"Geboorteakte kopen? U kunt nu online uw officiele en geregistreerde geboorteakte kopen via Dark Web en Telegram.\" \/>\n<meta name=\"robots\" content=\"index, follow, max-snippet:-1, max-image-preview:large, max-video-preview:-1\" \/>\n<link rel=\"canonical\" href=\"https:\/\/buydocuments247.com\/tr\/geboorteakte-kopen\/\" \/>\n<meta property=\"og:locale\" content=\"tr_TR\" \/>\n<meta property=\"og:type\" content=\"article\" \/>\n<meta property=\"og:title\" content=\"Geboorteakte kopen - Buy real fake documents\" \/>\n<meta property=\"og:description\" content=\"Geboorteakte kopen? U kunt nu online uw officiele en geregistreerde geboorteakte kopen via Dark Web en Telegram.\" \/>\n<meta property=\"og:url\" content=\"https:\/\/buydocuments247.com\/tr\/geboorteakte-kopen\/\" \/>\n<meta property=\"og:site_name\" content=\"Buy real fake documents\" \/>\n<meta property=\"article:modified_time\" content=\"2025-11-30T21:06:45+00:00\" \/>\n<meta property=\"og:image\" content=\"https:\/\/buydocuments247.com\/wp-content\/uploads\/2025\/11\/officieel-geregistreerde-geboorteakte-kopen.jpg\" \/>\n\t<meta property=\"og:image:width\" content=\"724\" \/>\n\t<meta property=\"og:image:height\" content=\"1024\" \/>\n\t<meta property=\"og:image:type\" content=\"image\/jpeg\" \/>\n<meta name=\"twitter:card\" content=\"summary_large_image\" \/>\n<meta name=\"twitter:label1\" content=\"Tahmini okuma s\u00fcresi\" \/>\n\t<meta name=\"twitter:data1\" content=\"2 dakika\" \/>\n<script type=\"application\/ld+json\" class=\"yoast-schema-graph\">{\"@context\":\"https:\\\/\\\/schema.org\",\"@graph\":[{\"@type\":\"WebPage\",\"@id\":\"https:\\\/\\\/buydocuments247.com\\\/geboorteakte-kopen\\\/\",\"url\":\"https:\\\/\\\/buydocuments247.com\\\/geboorteakte-kopen\\\/\",\"name\":\"Geboorteakte kopen - Buy real fake documents\",\"isPartOf\":{\"@id\":\"https:\\\/\\\/buydocuments247.com\\\/#website\"},\"primaryImageOfPage\":{\"@id\":\"https:\\\/\\\/buydocuments247.com\\\/geboorteakte-kopen\\\/#primaryimage\"},\"image\":{\"@id\":\"https:\\\/\\\/buydocuments247.com\\\/geboorteakte-kopen\\\/#primaryimage\"},\"thumbnailUrl\":\"https:\\\/\\\/buydocuments247.com\\\/wp-content\\\/uploads\\\/2025\\\/11\\\/officieel-geregistreerde-geboorteakte-kopen.jpg\",\"datePublished\":\"2025-11-30T20:54:46+00:00\",\"dateModified\":\"2025-11-30T21:06:45+00:00\",\"description\":\"Geboorteakte kopen? U kunt nu online uw officiele en geregistreerde geboorteakte kopen via Dark Web en Telegram.\",\"breadcrumb\":{\"@id\":\"https:\\\/\\\/buydocuments247.com\\\/geboorteakte-kopen\\\/#breadcrumb\"},\"inLanguage\":\"tr\",\"potentialAction\":[{\"@type\":\"ReadAction\",\"target\":[\"https:\\\/\\\/buydocuments247.com\\\/geboorteakte-kopen\\\/\"]}]},{\"@type\":\"ImageObject\",\"inLanguage\":\"tr\",\"@id\":\"https:\\\/\\\/buydocuments247.com\\\/geboorteakte-kopen\\\/#primaryimage\",\"url\":\"https:\\\/\\\/buydocuments247.com\\\/wp-content\\\/uploads\\\/2025\\\/11\\\/officieel-geregistreerde-geboorteakte-kopen.jpg\",\"contentUrl\":\"https:\\\/\\\/buydocuments247.com\\\/wp-content\\\/uploads\\\/2025\\\/11\\\/officieel-geregistreerde-geboorteakte-kopen.jpg\"},{\"@type\":\"BreadcrumbList\",\"@id\":\"https:\\\/\\\/buydocuments247.com\\\/geboorteakte-kopen\\\/#breadcrumb\",\"itemListElement\":[{\"@type\":\"ListItem\",\"position\":1,\"name\":\"Home\",\"item\":\"https:\\\/\\\/buydocuments247.com\\\/\"},{\"@type\":\"ListItem\",\"position\":2,\"name\":\"Geboorteakte kopen\"}]},{\"@type\":\"WebSite\",\"@id\":\"https:\\\/\\\/buydocuments247.com\\\/#website\",\"url\":\"https:\\\/\\\/buydocuments247.com\\\/\",\"name\":\"Buy real fake documents\",\"description\":\"Want to buy real and fake documents online? Diploma, driving license and more.\",\"potentialAction\":[{\"@type\":\"SearchAction\",\"target\":{\"@type\":\"EntryPoint\",\"urlTemplate\":\"https:\\\/\\\/buydocuments247.com\\\/?s={search_term_string}\"},\"query-input\":{\"@type\":\"PropertyValueSpecification\",\"valueRequired\":true,\"valueName\":\"search_term_string\"}}],\"inLanguage\":\"tr\"}]}<\/script>\n<!-- \/ Yoast SEO plugin. -->","yoast_head_json":{"title":"Do\u011fum belgesi sat\u0131n almak - Ger\u00e7ek sahte belgeler sat\u0131n almak","description":"Do\u011fum belgesi sat\u0131n almak m\u0131 istiyorsunuz? Art\u0131k Dark Web ve Telegram \u00fczerinden resmi ve kay\u0131tl\u0131 do\u011fum belgenizi \u00e7evrimi\u00e7i olarak sat\u0131n alabilirsiniz.","robots":{"index":"index","follow":"follow","max-snippet":"max-snippet:-1","max-image-preview":"max-image-preview:large","max-video-preview":"max-video-preview:-1"},"canonical":"https:\/\/buydocuments247.com\/tr\/geboorteakte-kopen\/","og_locale":"tr_TR","og_type":"article","og_title":"Geboorteakte kopen - Buy real fake documents","og_description":"Geboorteakte kopen? U kunt nu online uw officiele en geregistreerde geboorteakte kopen via Dark Web en Telegram.","og_url":"https:\/\/buydocuments247.com\/tr\/geboorteakte-kopen\/","og_site_name":"Buy real fake documents","article_modified_time":"2025-11-30T21:06:45+00:00","og_image":[{"width":724,"height":1024,"url":"https:\/\/buydocuments247.com\/wp-content\/uploads\/2025\/11\/officieel-geregistreerde-geboorteakte-kopen.jpg","type":"image\/jpeg"}],"twitter_card":"summary_large_image","twitter_misc":{"Tahmini okuma s\u00fcresi":"2 dakika"},"schema":{"@context":"https:\/\/schema.org","@graph":[{"@type":"WebPage","@id":"https:\/\/buydocuments247.com\/geboorteakte-kopen\/","url":"https:\/\/buydocuments247.com\/geboorteakte-kopen\/","name":"Do\u011fum belgesi sat\u0131n almak - Ger\u00e7ek sahte belgeler sat\u0131n almak","isPartOf":{"@id":"https:\/\/buydocuments247.com\/#website"},"primaryImageOfPage":{"@id":"https:\/\/buydocuments247.com\/geboorteakte-kopen\/#primaryimage"},"image":{"@id":"https:\/\/buydocuments247.com\/geboorteakte-kopen\/#primaryimage"},"thumbnailUrl":"https:\/\/buydocuments247.com\/wp-content\/uploads\/2025\/11\/officieel-geregistreerde-geboorteakte-kopen.jpg","datePublished":"2025-11-30T20:54:46+00:00","dateModified":"2025-11-30T21:06:45+00:00","description":"Do\u011fum belgesi sat\u0131n almak m\u0131 istiyorsunuz? Art\u0131k Dark Web ve Telegram \u00fczerinden resmi ve kay\u0131tl\u0131 do\u011fum belgenizi \u00e7evrimi\u00e7i olarak sat\u0131n alabilirsiniz.","breadcrumb":{"@id":"https:\/\/buydocuments247.com\/geboorteakte-kopen\/#breadcrumb"},"inLanguage":"tr","potentialAction":[{"@type":"ReadAction","target":["https:\/\/buydocuments247.com\/geboorteakte-kopen\/"]}]},{"@type":"ImageObject","inLanguage":"tr","@id":"https:\/\/buydocuments247.com\/geboorteakte-kopen\/#primaryimage","url":"https:\/\/buydocuments247.com\/wp-content\/uploads\/2025\/11\/officieel-geregistreerde-geboorteakte-kopen.jpg","contentUrl":"https:\/\/buydocuments247.com\/wp-content\/uploads\/2025\/11\/officieel-geregistreerde-geboorteakte-kopen.jpg"},{"@type":"BreadcrumbList","@id":"https:\/\/buydocuments247.com\/geboorteakte-kopen\/#breadcrumb","itemListElement":[{"@type":"ListItem","position":1,"name":"Home","item":"https:\/\/buydocuments247.com\/"},{"@type":"ListItem","position":2,"name":"Geboorteakte kopen"}]},{"@type":"WebSite","@id":"https:\/\/buydocuments247.com\/#website","url":"https:\/\/buydocuments247.com\/","name":"Ger\u00e7ek sahte belgeler sat\u0131n al\u0131n","description":"Ger\u00e7ek ve sahte belgeleri \u00e7evrimi\u00e7i sat\u0131n almak ister misiniz? Diploma, ehliyet ve daha fazlas\u0131.","potentialAction":[{"@type":"SearchAction","target":{"@type":"EntryPoint","urlTemplate":"https:\/\/buydocuments247.com\/?s={search_term_string}"},"query-input":{"@type":"PropertyValueSpecification","valueRequired":true,"valueName":"search_term_string"}}],"inLanguage":"tr"}]}},"_links":{"self":[{"href":"https:\/\/buydocuments247.com\/tr\/wp-json\/wp\/v2\/pages\/140","targetHints":{"allow":["GET"]}}],"collection":[{"href":"https:\/\/buydocuments247.com\/tr\/wp-json\/wp\/v2\/pages"}],"about":[{"href":"https:\/\/buydocuments247.com\/tr\/wp-json\/wp\/v2\/types\/page"}],"author":[{"embeddable":true,"href":"https:\/\/buydocuments247.com\/tr\/wp-json\/wp\/v2\/users\/1"}],"replies":[{"embeddable":true,"href":"https:\/\/buydocuments247.com\/tr\/wp-json\/wp\/v2\/comments?post=140"}],"version-history":[{"count":7,"href":"https:\/\/buydocuments247.com\/tr\/wp-json\/wp\/v2\/pages\/140\/revisions"}],"predecessor-version":[{"id":152,"href":"https:\/\/buydocuments247.com\/tr\/wp-json\/wp\/v2\/pages\/140\/revisions\/152"}],"wp:attachment":[{"href":"https:\/\/buydocuments247.com\/tr\/wp-json\/wp\/v2\/media?parent=140"}],"curies":[{"name":"wp","href":"https:\/\/api.w.org\/{rel}","templated":true}]}}