{"id":88,"date":"2025-03-20T18:41:09","date_gmt":"2025-03-20T18:41:09","guid":{"rendered":"https:\/\/buydocuments247.com\/?page_id=88"},"modified":"2025-11-15T14:38:01","modified_gmt":"2025-11-15T14:38:01","slug":"iletisim","status":"publish","type":"page","link":"https:\/\/buydocuments247.com\/tr\/iletisim\/","title":{"rendered":"\u0130leti\u015fim"},"content":{"rendered":"<h2 class=\"wp-block-heading\">Bir belge sat\u0131n almak m\u0131 istiyorsunuz? O zaman bug\u00fcn bizimle ileti\u015fime ge\u00e7in.<\/h2>\n\n\n\n<blockquote class=\"wp-block-quote is-layout-flow wp-block-quote-is-layout-flow\">\n<p> BuyDocuments247@pm.me<\/p>\n<\/blockquote>\n\n\n\n<p><br><\/p>","protected":false},"excerpt":{"rendered":"<p>Bir belge sat\u0131n almak ister misiniz? O halde bug\u00fcn bizimle ileti\u015fime ge\u00e7in. BuyDocuments247@pm.me<\/p>","protected":false},"author":1,"featured_media":0,"parent":0,"menu_order":0,"comment_status":"closed","ping_status":"closed","template":"","meta":{"pagelayer_contact_templates":[],"_pagelayer_content":"","footnotes":""},"class_list":["post-88","page","type-page","status-publish","hentry"],"yoast_head":"<!-- This site is optimized with the Yoast SEO plugin v27.4 - https:\/\/yoast.com\/product\/yoast-seo-wordpress\/ -->\n<title>Contact - Buy real fake documents<\/title>\n<meta name=\"robots\" content=\"index, follow, max-snippet:-1, max-image-preview:large, max-video-preview:-1\" \/>\n<link rel=\"canonical\" href=\"https:\/\/buydocuments247.com\/tr\/iletisim\/\" \/>\n<meta property=\"og:locale\" content=\"tr_TR\" \/>\n<meta property=\"og:type\" content=\"article\" \/>\n<meta property=\"og:title\" content=\"Contact - Buy real fake documents\" \/>\n<meta property=\"og:description\" content=\"Wilt u een document kopen? Neem dan vandaag nog contact met ons op. BuyDocuments247@pm.me\" \/>\n<meta property=\"og:url\" content=\"https:\/\/buydocuments247.com\/tr\/iletisim\/\" \/>\n<meta property=\"og:site_name\" content=\"Buy real fake documents\" \/>\n<meta property=\"article:modified_time\" content=\"2025-11-15T14:38:01+00:00\" \/>\n<meta name=\"twitter:card\" content=\"summary_large_image\" \/>\n<meta name=\"twitter:label1\" content=\"Tahmini okuma s\u00fcresi\" \/>\n\t<meta name=\"twitter:data1\" content=\"1 dakika\" \/>\n<script type=\"application\/ld+json\" class=\"yoast-schema-graph\">{\"@context\":\"https:\\\/\\\/schema.org\",\"@graph\":[{\"@type\":\"WebPage\",\"@id\":\"https:\\\/\\\/buydocuments247.com\\\/contact\\\/\",\"url\":\"https:\\\/\\\/buydocuments247.com\\\/contact\\\/\",\"name\":\"Contact - Buy real fake documents\",\"isPartOf\":{\"@id\":\"https:\\\/\\\/buydocuments247.com\\\/#website\"},\"datePublished\":\"2025-03-20T18:41:09+00:00\",\"dateModified\":\"2025-11-15T14:38:01+00:00\",\"breadcrumb\":{\"@id\":\"https:\\\/\\\/buydocuments247.com\\\/contact\\\/#breadcrumb\"},\"inLanguage\":\"tr\",\"potentialAction\":[{\"@type\":\"ReadAction\",\"target\":[\"https:\\\/\\\/buydocuments247.com\\\/contact\\\/\"]}]},{\"@type\":\"BreadcrumbList\",\"@id\":\"https:\\\/\\\/buydocuments247.com\\\/contact\\\/#breadcrumb\",\"itemListElement\":[{\"@type\":\"ListItem\",\"position\":1,\"name\":\"Home\",\"item\":\"https:\\\/\\\/buydocuments247.com\\\/\"},{\"@type\":\"ListItem\",\"position\":2,\"name\":\"Contact\"}]},{\"@type\":\"WebSite\",\"@id\":\"https:\\\/\\\/buydocuments247.com\\\/#website\",\"url\":\"https:\\\/\\\/buydocuments247.com\\\/\",\"name\":\"Buy real fake documents\",\"description\":\"Want to buy real and fake documents online? Diploma, driving license and more.\",\"potentialAction\":[{\"@type\":\"SearchAction\",\"target\":{\"@type\":\"EntryPoint\",\"urlTemplate\":\"https:\\\/\\\/buydocuments247.com\\\/?s={search_term_string}\"},\"query-input\":{\"@type\":\"PropertyValueSpecification\",\"valueRequired\":true,\"valueName\":\"search_term_string\"}}],\"inLanguage\":\"tr\"}]}<\/script>\n<!-- \/ Yoast SEO plugin. -->","yoast_head_json":{"title":"\u0130leti\u015fim - Ger\u00e7ek sahte belgeler sat\u0131n al\u0131n","robots":{"index":"index","follow":"follow","max-snippet":"max-snippet:-1","max-image-preview":"max-image-preview:large","max-video-preview":"max-video-preview:-1"},"canonical":"https:\/\/buydocuments247.com\/tr\/iletisim\/","og_locale":"tr_TR","og_type":"article","og_title":"Contact - Buy real fake documents","og_description":"Wilt u een document kopen? Neem dan vandaag nog contact met ons op. BuyDocuments247@pm.me","og_url":"https:\/\/buydocuments247.com\/tr\/iletisim\/","og_site_name":"Buy real fake documents","article_modified_time":"2025-11-15T14:38:01+00:00","twitter_card":"summary_large_image","twitter_misc":{"Tahmini okuma s\u00fcresi":"1 dakika"},"schema":{"@context":"https:\/\/schema.org","@graph":[{"@type":"WebPage","@id":"https:\/\/buydocuments247.com\/contact\/","url":"https:\/\/buydocuments247.com\/contact\/","name":"\u0130leti\u015fim - Ger\u00e7ek sahte belgeler sat\u0131n al\u0131n","isPartOf":{"@id":"https:\/\/buydocuments247.com\/#website"},"datePublished":"2025-03-20T18:41:09+00:00","dateModified":"2025-11-15T14:38:01+00:00","breadcrumb":{"@id":"https:\/\/buydocuments247.com\/contact\/#breadcrumb"},"inLanguage":"tr","potentialAction":[{"@type":"ReadAction","target":["https:\/\/buydocuments247.com\/contact\/"]}]},{"@type":"BreadcrumbList","@id":"https:\/\/buydocuments247.com\/contact\/#breadcrumb","itemListElement":[{"@type":"ListItem","position":1,"name":"Home","item":"https:\/\/buydocuments247.com\/"},{"@type":"ListItem","position":2,"name":"Contact"}]},{"@type":"WebSite","@id":"https:\/\/buydocuments247.com\/#website","url":"https:\/\/buydocuments247.com\/","name":"Ger\u00e7ek sahte belgeler sat\u0131n al\u0131n","description":"Ger\u00e7ek ve sahte belgeleri \u00e7evrimi\u00e7i sat\u0131n almak ister misiniz? Diploma, ehliyet ve daha fazlas\u0131.","potentialAction":[{"@type":"SearchAction","target":{"@type":"EntryPoint","urlTemplate":"https:\/\/buydocuments247.com\/?s={search_term_string}"},"query-input":{"@type":"PropertyValueSpecification","valueRequired":true,"valueName":"search_term_string"}}],"inLanguage":"tr"}]}},"_links":{"self":[{"href":"https:\/\/buydocuments247.com\/tr\/wp-json\/wp\/v2\/pages\/88","targetHints":{"allow":["GET"]}}],"collection":[{"href":"https:\/\/buydocuments247.com\/tr\/wp-json\/wp\/v2\/pages"}],"about":[{"href":"https:\/\/buydocuments247.com\/tr\/wp-json\/wp\/v2\/types\/page"}],"author":[{"embeddable":true,"href":"https:\/\/buydocuments247.com\/tr\/wp-json\/wp\/v2\/users\/1"}],"replies":[{"embeddable":true,"href":"https:\/\/buydocuments247.com\/tr\/wp-json\/wp\/v2\/comments?post=88"}],"version-history":[{"count":4,"href":"https:\/\/buydocuments247.com\/tr\/wp-json\/wp\/v2\/pages\/88\/revisions"}],"predecessor-version":[{"id":107,"href":"https:\/\/buydocuments247.com\/tr\/wp-json\/wp\/v2\/pages\/88\/revisions\/107"}],"wp:attachment":[{"href":"https:\/\/buydocuments247.com\/tr\/wp-json\/wp\/v2\/media?parent=88"}],"curies":[{"name":"wp","href":"https:\/\/api.w.org\/{rel}","templated":true}]}}